{"id":3303,"date":"2023-03-24T09:46:57","date_gmt":"2023-03-24T09:46:57","guid":{"rendered":"https:\/\/acrilart.hu\/?post_type=product&#038;p=3303"},"modified":"2023-04-19T07:54:42","modified_gmt":"2023-04-19T07:54:42","slug":"bbr915_mosdokagylo","status":"publish","type":"product","link":"https:\/\/acrilart.hu\/en\/product\/bbr915_mosdokagylo\/","title":{"rendered":"Szabadon\u00e1ll\u00f3 Mosd\u00f3kagyl\u00f3"},"content":{"rendered":"<p>BETACRYL h<span class=\"Y2IQFc\" lang=\"hu\">engeres munkalap mosd\u00f3kagyl\u00f3 magas min\u0151s\u00e9g\u0171 akril anyagb\u00f3l, 2&#8243;-os k\u00f6zponti lefoly\u00f3ny\u00edl\u00e1ssal.<\/span><\/p>\n<p><span class=\"Y2IQFc\" lang=\"hu\">Term\u00e9keinket a megrendel\u00e9s napj\u00e1t\u00f3l sz\u00e1m\u00edtott h\u00e1rom h\u00e9ten bel\u00fcl k\u00e9zbes\u00edtj\u00fck.<\/span><\/p>\n<pre id=\"tw-target-text\" class=\"tw-data-text tw-text-large tw-ta\" dir=\"ltr\" data-placeholder=\"Translation\"><img fetchpriority=\"high\" decoding=\"async\" class=\"alignnone size-full wp-image-3302\" src=\"https:\/\/acrilart.hu\/wp-content\/uploads\/BB-R-915_Tech-acrilart-basin-drawing.png\" alt=\"\" width=\"1220\" height=\"856\" srcset=\"https:\/\/acrilart.hu\/wp-content\/uploads\/BB-R-915_Tech-acrilart-basin-drawing.png 1220w, https:\/\/acrilart.hu\/wp-content\/uploads\/BB-R-915_Tech-acrilart-basin-drawing-768x539.png 768w, https:\/\/acrilart.hu\/wp-content\/uploads\/BB-R-915_Tech-acrilart-basin-drawing-600x421.png 600w\" sizes=\"(max-width: 1220px) 100vw, 1220px\" \/><\/pre>\n<pre id=\"tw-target-text\" class=\"tw-data-text tw-text-large tw-ta\" dir=\"ltr\" data-placeholder=\"Translation\"><\/pre>","protected":false},"excerpt":{"rendered":"<p>BETACRYL hengeres munkalap mosd\u00f3kagyl\u00f3 magas min\u0151s\u00e9g\u0171 akril anyagb\u00f3l, 2&#8243;-os k\u00f6zponti lefoly\u00f3ny\u00edl\u00e1ssal. Term\u00e9keinket a megrendel\u00e9s napj\u00e1t\u00f3l sz\u00e1m\u00edtott h\u00e1rom h\u00e9ten bel\u00fcl k\u00e9zbes\u00edtj\u00fck.<\/p>","protected":false},"featured_media":3300,"template":"","meta":[],"product_brand":[],"product_cat":[69],"product_tag":[65,46,63,64],"class_list":{"0":"post-3303","1":"product","2":"type-product","3":"status-publish","4":"has-post-thumbnail","6":"product_cat-mosdokagylok","7":"product_tag-furdo","8":"product_tag-furdoszoba","9":"product_tag-mosdo","10":"product_tag-mosdokagylo","12":"first","13":"instock","14":"shipping-taxable","15":"purchasable","16":"product-type-simple"},"_links":{"self":[{"href":"https:\/\/acrilart.hu\/en\/wp-json\/wp\/v2\/product\/3303","targetHints":{"allow":["GET"]}}],"collection":[{"href":"https:\/\/acrilart.hu\/en\/wp-json\/wp\/v2\/product"}],"about":[{"href":"https:\/\/acrilart.hu\/en\/wp-json\/wp\/v2\/types\/product"}],"version-history":[{"count":4,"href":"https:\/\/acrilart.hu\/en\/wp-json\/wp\/v2\/product\/3303\/revisions"}],"predecessor-version":[{"id":3734,"href":"https:\/\/acrilart.hu\/en\/wp-json\/wp\/v2\/product\/3303\/revisions\/3734"}],"wp:featuredmedia":[{"embeddable":true,"href":"https:\/\/acrilart.hu\/en\/wp-json\/wp\/v2\/media\/3300"}],"wp:attachment":[{"href":"https:\/\/acrilart.hu\/en\/wp-json\/wp\/v2\/media?parent=3303"}],"wp:term":[{"taxonomy":"product_brand","embeddable":true,"href":"https:\/\/acrilart.hu\/en\/wp-json\/wp\/v2\/product_brand?post=3303"},{"taxonomy":"product_cat","embeddable":true,"href":"https:\/\/acrilart.hu\/en\/wp-json\/wp\/v2\/product_cat?post=3303"},{"taxonomy":"product_tag","embeddable":true,"href":"https:\/\/acrilart.hu\/en\/wp-json\/wp\/v2\/product_tag?post=3303"}],"curies":[{"name":"wp","href":"https:\/\/api.w.org\/{rel}","templated":true}]}}