{"id":3298,"date":"2023-03-24T09:41:33","date_gmt":"2023-03-24T09:41:33","guid":{"rendered":"https:\/\/acrilart.hu\/?post_type=product&#038;p=3298"},"modified":"2023-04-19T07:54:55","modified_gmt":"2023-04-19T07:54:55","slug":"bbr7030b_mosdokagylo","status":"publish","type":"product","link":"https:\/\/acrilart.hu\/en\/product\/bbr7030b_mosdokagylo\/","title":{"rendered":"Munkalapba Integr\u00e1lt Mosd\u00f3kagyl\u00f3"},"content":{"rendered":"<p>BETACRYL t<span style=\"font-family: -apple-system, BlinkMacSystemFont, 'Segoe UI', Roboto, 'Helvetica Neue', Arial, 'Noto Sans', sans-serif, 'Apple Color Emoji', 'Segoe UI Emoji', 'Segoe UI Symbol', 'Noto Color Emoji'; font-size: 1rem; white-space: pre-wrap;\">\u00e9glalap alak\u00fa, munkalapba integr\u00e1lt mosd\u00f3kagyl\u00f3, magas min\u0151s\u00e9g\u0171 akril anyagb\u00f3l, 2 h\u00fcvelykes lefoly\u00f3ny\u00edl\u00e1ssal a k\u00f6zep\u00e9n.<\/span><\/p>\n<p>Term\u00e9keinket a megrendel\u00e9s napj\u00e1t\u00f3l sz\u00e1m\u00edtott h\u00e1rom h\u00e9ten bel\u00fcl k\u00e9zbes\u00edtj\u00fck.<\/p>\n<div id=\"tw-target-rmn-container\" class=\"tw-target-rmn tw-ta-container F0azHf tw-nfl\">\n<pre id=\"tw-target-rmn\" class=\"tw-data-placeholder tw-text-small tw-ta\" dir=\"ltr\" data-placeholder=\"\"><img fetchpriority=\"high\" decoding=\"async\" class=\"alignnone size-full wp-image-3297\" src=\"https:\/\/acrilart.hu\/wp-content\/uploads\/BB-R-7030_web_big-acrilart-basin-drawing.png\" alt=\"\" width=\"523\" height=\"367\" \/><\/pre>\n<\/div>","protected":false},"excerpt":{"rendered":"<p>BETACRYL t\u00e9glalap alak\u00fa, munkalapba integr\u00e1lt mosd\u00f3kagyl\u00f3, magas min\u0151s\u00e9g\u0171 akril anyagb\u00f3l, 2 h\u00fcvelykes lefoly\u00f3ny\u00edl\u00e1ssal a k\u00f6zep\u00e9n. Term\u00e9keinket a megrendel\u00e9s napj\u00e1t\u00f3l sz\u00e1m\u00edtott h\u00e1rom h\u00e9ten bel\u00fcl k\u00e9zbes\u00edtj\u00fck.<\/p>","protected":false},"featured_media":3295,"template":"","meta":[],"product_brand":[],"product_cat":[69],"product_tag":[65,46,63,64],"class_list":{"0":"post-3298","1":"product","2":"type-product","3":"status-publish","4":"has-post-thumbnail","6":"product_cat-mosdokagylok","7":"product_tag-furdo","8":"product_tag-furdoszoba","9":"product_tag-mosdo","10":"product_tag-mosdokagylo","12":"first","13":"instock","14":"shipping-taxable","15":"purchasable","16":"product-type-simple"},"_links":{"self":[{"href":"https:\/\/acrilart.hu\/en\/wp-json\/wp\/v2\/product\/3298","targetHints":{"allow":["GET"]}}],"collection":[{"href":"https:\/\/acrilart.hu\/en\/wp-json\/wp\/v2\/product"}],"about":[{"href":"https:\/\/acrilart.hu\/en\/wp-json\/wp\/v2\/types\/product"}],"version-history":[{"count":3,"href":"https:\/\/acrilart.hu\/en\/wp-json\/wp\/v2\/product\/3298\/revisions"}],"predecessor-version":[{"id":3735,"href":"https:\/\/acrilart.hu\/en\/wp-json\/wp\/v2\/product\/3298\/revisions\/3735"}],"wp:featuredmedia":[{"embeddable":true,"href":"https:\/\/acrilart.hu\/en\/wp-json\/wp\/v2\/media\/3295"}],"wp:attachment":[{"href":"https:\/\/acrilart.hu\/en\/wp-json\/wp\/v2\/media?parent=3298"}],"wp:term":[{"taxonomy":"product_brand","embeddable":true,"href":"https:\/\/acrilart.hu\/en\/wp-json\/wp\/v2\/product_brand?post=3298"},{"taxonomy":"product_cat","embeddable":true,"href":"https:\/\/acrilart.hu\/en\/wp-json\/wp\/v2\/product_cat?post=3298"},{"taxonomy":"product_tag","embeddable":true,"href":"https:\/\/acrilart.hu\/en\/wp-json\/wp\/v2\/product_tag?post=3298"}],"curies":[{"name":"wp","href":"https:\/\/api.w.org\/{rel}","templated":true}]}}