{"id":3176,"date":"2023-03-18T14:19:04","date_gmt":"2023-03-18T14:19:04","guid":{"rendered":"https:\/\/acrilart.hu\/?post_type=product&#038;p=3176"},"modified":"2023-04-20T08:47:06","modified_gmt":"2023-04-20T08:47:06","slug":"btubg1800_furdokad","status":"publish","type":"product","link":"https:\/\/acrilart.hu\/en\/product\/btubg1800_furdokad\/","title":{"rendered":"Szabadon\u00e1ll\u00f3 F\u00fcrd\u0151k\u00e1d"},"content":{"rendered":"<p>BETACRYL Ov\u00e1lis f\u00fcrd\u0151k\u00e1d t\u00falfoly\u00f3val magas min\u0151s\u00e9g\u0171 akril anyagb\u00f3l, 3&#8243;-os lefoly\u00f3ny\u00edl\u00e1ssal a r\u00f6vid oldalon.<\/p>\n<p>Term\u00e9keinket a megrendel\u00e9s napj\u00e1t\u00f3l sz\u00e1m\u00edtott h\u00e1rom h\u00e9ten bel\u00fcl k\u00e9zbes\u00edtj\u00fck.<\/p>\n<pre id=\"tw-target-text\" class=\"tw-data-text tw-text-large tw-ta\" dir=\"ltr\" data-placeholder=\"Translation\"><img fetchpriority=\"high\" decoding=\"async\" class=\"alignnone size-full wp-image-3173\" src=\"https:\/\/acrilart.hu\/wp-content\/uploads\/B_Tub_G_1800_acrilart-tub-drawing.png\" alt=\"\" width=\"800\" height=\"649\" srcset=\"https:\/\/acrilart.hu\/wp-content\/uploads\/B_Tub_G_1800_acrilart-tub-drawing.png 800w, https:\/\/acrilart.hu\/wp-content\/uploads\/B_Tub_G_1800_acrilart-tub-drawing-768x623.png 768w, https:\/\/acrilart.hu\/wp-content\/uploads\/B_Tub_G_1800_acrilart-tub-drawing-600x487.png 600w\" sizes=\"(max-width: 800px) 100vw, 800px\" \/><\/pre>\n<pre id=\"tw-target-text\" class=\"tw-data-text tw-text-large tw-ta\" dir=\"ltr\" data-placeholder=\"Translation\"><\/pre>","protected":false},"excerpt":{"rendered":"<p>BETACRYL Ov\u00e1lis f\u00fcrd\u0151k\u00e1d t\u00falfoly\u00f3val magas min\u0151s\u00e9g\u0171 akril anyagb\u00f3l, 3&#8243;-os lefoly\u00f3ny\u00edl\u00e1ssal a r\u00f6vid oldalon. Term\u00e9keinket a megrendel\u00e9s napj\u00e1t\u00f3l sz\u00e1m\u00edtott h\u00e1rom h\u00e9ten bel\u00fcl k\u00e9zbes\u00edtj\u00fck.<\/p>","protected":false},"featured_media":3174,"template":"","meta":[],"product_brand":[],"product_cat":[68],"product_tag":[65,67,46,66],"class_list":{"0":"post-3176","1":"product","2":"type-product","3":"status-publish","4":"has-post-thumbnail","6":"product_cat-furdokadak","7":"product_tag-furdo","8":"product_tag-furdokad","9":"product_tag-furdoszoba","10":"product_tag-kad","12":"first","13":"instock","14":"shipping-taxable","15":"purchasable","16":"product-type-simple"},"_links":{"self":[{"href":"https:\/\/acrilart.hu\/en\/wp-json\/wp\/v2\/product\/3176","targetHints":{"allow":["GET"]}}],"collection":[{"href":"https:\/\/acrilart.hu\/en\/wp-json\/wp\/v2\/product"}],"about":[{"href":"https:\/\/acrilart.hu\/en\/wp-json\/wp\/v2\/types\/product"}],"version-history":[{"count":3,"href":"https:\/\/acrilart.hu\/en\/wp-json\/wp\/v2\/product\/3176\/revisions"}],"predecessor-version":[{"id":3801,"href":"https:\/\/acrilart.hu\/en\/wp-json\/wp\/v2\/product\/3176\/revisions\/3801"}],"wp:featuredmedia":[{"embeddable":true,"href":"https:\/\/acrilart.hu\/en\/wp-json\/wp\/v2\/media\/3174"}],"wp:attachment":[{"href":"https:\/\/acrilart.hu\/en\/wp-json\/wp\/v2\/media?parent=3176"}],"wp:term":[{"taxonomy":"product_brand","embeddable":true,"href":"https:\/\/acrilart.hu\/en\/wp-json\/wp\/v2\/product_brand?post=3176"},{"taxonomy":"product_cat","embeddable":true,"href":"https:\/\/acrilart.hu\/en\/wp-json\/wp\/v2\/product_cat?post=3176"},{"taxonomy":"product_tag","embeddable":true,"href":"https:\/\/acrilart.hu\/en\/wp-json\/wp\/v2\/product_tag?post=3176"}],"curies":[{"name":"wp","href":"https:\/\/api.w.org\/{rel}","templated":true}]}}