{"id":3114,"date":"2023-03-16T18:03:02","date_gmt":"2023-03-16T18:03:02","guid":{"rendered":"https:\/\/acrilart.hu\/?post_type=product&#038;p=3114"},"modified":"2023-04-19T08:01:13","modified_gmt":"2023-04-19T08:01:13","slug":"ber3surg_sebeszetikezmoso","status":"publish","type":"product","link":"https:\/\/acrilart.hu\/en\/product\/ber3surg_sebeszetikezmoso\/","title":{"rendered":"Seb\u00e9szeti K\u00e9zmos\u00f3"},"content":{"rendered":"<p>BETACRYL Professzion\u00e1lis seb\u00e9szeti k\u00e9zmos\u00f3 magas min\u0151s\u00e9g\u0171 akril anyagb\u00f3l, laborat\u00f3riumi haszn\u00e1latra, 2&#8243;-os k\u00f6zponti lefoly\u00f3ny\u00edl\u00e1ssal.<\/p>\n<p>Term\u00e9keinket a megrendel\u00e9s napj\u00e1t\u00f3l sz\u00e1m\u00edtott h\u00e1rom h\u00e9ten bel\u00fcl k\u00e9zbes\u00edtj\u00fck.<\/p>\n<p><img fetchpriority=\"high\" decoding=\"async\" class=\"alignnone size-full wp-image-3112\" src=\"https:\/\/acrilart.hu\/wp-content\/uploads\/BER-3-SURG-acrilart-basin-drawing.png\" alt=\"\" width=\"1200\" height=\"557\" srcset=\"https:\/\/acrilart.hu\/wp-content\/uploads\/BER-3-SURG-acrilart-basin-drawing.png 1200w, https:\/\/acrilart.hu\/wp-content\/uploads\/BER-3-SURG-acrilart-basin-drawing-768x356.png 768w, https:\/\/acrilart.hu\/wp-content\/uploads\/BER-3-SURG-acrilart-basin-drawing-600x279.png 600w\" sizes=\"(max-width: 1200px) 100vw, 1200px\" \/><\/p>\n<p>&nbsp;<\/p>\n<pre id=\"tw-target-text\" class=\"tw-data-text tw-text-large tw-ta\" dir=\"ltr\" data-placeholder=\"Translation\"><\/pre>\n<pre id=\"tw-target-text\" class=\"tw-data-text tw-text-large tw-ta\" dir=\"ltr\" data-placeholder=\"Translation\"><\/pre>","protected":false},"excerpt":{"rendered":"<p>BETACRYL Professzion\u00e1lis seb\u00e9szeti k\u00e9zmos\u00f3 magas min\u0151s\u00e9g\u0171 akril anyagb\u00f3l, laborat\u00f3riumi haszn\u00e1latra, 2&#8243;-os k\u00f6zponti lefoly\u00f3ny\u00edl\u00e1ssal. Term\u00e9keinket a megrendel\u00e9s napj\u00e1t\u00f3l sz\u00e1m\u00edtott h\u00e1rom h\u00e9ten bel\u00fcl k\u00e9zbes\u00edtj\u00fck. &nbsp;<\/p>","protected":false},"featured_media":3113,"template":"","meta":[],"product_brand":[],"product_cat":[69,71],"product_tag":[65,46,63,64],"class_list":{"0":"post-3114","1":"product","2":"type-product","3":"status-publish","4":"has-post-thumbnail","6":"product_cat-mosdokagylok","7":"product_cat-specialis","8":"product_tag-furdo","9":"product_tag-furdoszoba","10":"product_tag-mosdo","11":"product_tag-mosdokagylo","13":"first","14":"instock","15":"shipping-taxable","16":"purchasable","17":"product-type-simple"},"_links":{"self":[{"href":"https:\/\/acrilart.hu\/en\/wp-json\/wp\/v2\/product\/3114","targetHints":{"allow":["GET"]}}],"collection":[{"href":"https:\/\/acrilart.hu\/en\/wp-json\/wp\/v2\/product"}],"about":[{"href":"https:\/\/acrilart.hu\/en\/wp-json\/wp\/v2\/types\/product"}],"version-history":[{"count":3,"href":"https:\/\/acrilart.hu\/en\/wp-json\/wp\/v2\/product\/3114\/revisions"}],"predecessor-version":[{"id":3754,"href":"https:\/\/acrilart.hu\/en\/wp-json\/wp\/v2\/product\/3114\/revisions\/3754"}],"wp:featuredmedia":[{"embeddable":true,"href":"https:\/\/acrilart.hu\/en\/wp-json\/wp\/v2\/media\/3113"}],"wp:attachment":[{"href":"https:\/\/acrilart.hu\/en\/wp-json\/wp\/v2\/media?parent=3114"}],"wp:term":[{"taxonomy":"product_brand","embeddable":true,"href":"https:\/\/acrilart.hu\/en\/wp-json\/wp\/v2\/product_brand?post=3114"},{"taxonomy":"product_cat","embeddable":true,"href":"https:\/\/acrilart.hu\/en\/wp-json\/wp\/v2\/product_cat?post=3114"},{"taxonomy":"product_tag","embeddable":true,"href":"https:\/\/acrilart.hu\/en\/wp-json\/wp\/v2\/product_tag?post=3114"}],"curies":[{"name":"wp","href":"https:\/\/api.w.org\/{rel}","templated":true}]}}