{"id":3109,"date":"2023-03-16T17:58:23","date_gmt":"2023-03-16T17:58:23","guid":{"rendered":"https:\/\/acrilart.hu\/?post_type=product&#038;p=3109"},"modified":"2023-04-19T08:01:23","modified_gmt":"2023-04-19T08:01:23","slug":"ber1surg_sebeszetikezmoso","status":"publish","type":"product","link":"https:\/\/acrilart.hu\/en\/product\/ber1surg_sebeszetikezmoso\/","title":{"rendered":"Seb\u00e9szeti K\u00e9zmos\u00f3"},"content":{"rendered":"<p>BETACRYL Seb\u00e9szeti k\u00e9zmos\u00f3 magas min\u0151s\u00e9g\u0171 akril anyagb\u00f3l, professzion\u00e1lis laborat\u00f3riumi haszn\u00e1latra, 2&#8243;-es lefoly\u00f3ny\u00edl\u00e1ssal.<\/p>\n<p>Term\u00e9keinket a megrendel\u00e9s napj\u00e1t\u00f3l sz\u00e1m\u00edtott h\u00e1rom h\u00e9ten bel\u00fcl k\u00e9zbes\u00edtj\u00fck.<\/p>\n<pre id=\"tw-target-text\" class=\"tw-data-text tw-text-large tw-ta\" dir=\"ltr\" data-placeholder=\"Translation\"><\/pre>\n<pre id=\"tw-target-text\" class=\"tw-data-text tw-text-large tw-ta\" dir=\"ltr\" data-placeholder=\"Translation\"><\/pre>","protected":false},"excerpt":{"rendered":"<p>BETACRYL Seb\u00e9szeti k\u00e9zmos\u00f3 magas min\u0151s\u00e9g\u0171 akril anyagb\u00f3l, professzion\u00e1lis laborat\u00f3riumi haszn\u00e1latra, 2&#8243;-es lefoly\u00f3ny\u00edl\u00e1ssal. Term\u00e9keinket a megrendel\u00e9s napj\u00e1t\u00f3l sz\u00e1m\u00edtott h\u00e1rom h\u00e9ten bel\u00fcl k\u00e9zbes\u00edtj\u00fck.<\/p>","protected":false},"featured_media":3108,"template":"","meta":[],"product_brand":[],"product_cat":[69,71],"product_tag":[65,46,63,64],"class_list":{"0":"post-3109","1":"product","2":"type-product","3":"status-publish","4":"has-post-thumbnail","6":"product_cat-mosdokagylok","7":"product_cat-specialis","8":"product_tag-furdo","9":"product_tag-furdoszoba","10":"product_tag-mosdo","11":"product_tag-mosdokagylo","13":"first","14":"instock","15":"shipping-taxable","16":"purchasable","17":"product-type-simple"},"_links":{"self":[{"href":"https:\/\/acrilart.hu\/en\/wp-json\/wp\/v2\/product\/3109","targetHints":{"allow":["GET"]}}],"collection":[{"href":"https:\/\/acrilart.hu\/en\/wp-json\/wp\/v2\/product"}],"about":[{"href":"https:\/\/acrilart.hu\/en\/wp-json\/wp\/v2\/types\/product"}],"version-history":[{"count":3,"href":"https:\/\/acrilart.hu\/en\/wp-json\/wp\/v2\/product\/3109\/revisions"}],"predecessor-version":[{"id":3755,"href":"https:\/\/acrilart.hu\/en\/wp-json\/wp\/v2\/product\/3109\/revisions\/3755"}],"wp:featuredmedia":[{"embeddable":true,"href":"https:\/\/acrilart.hu\/en\/wp-json\/wp\/v2\/media\/3108"}],"wp:attachment":[{"href":"https:\/\/acrilart.hu\/en\/wp-json\/wp\/v2\/media?parent=3109"}],"wp:term":[{"taxonomy":"product_brand","embeddable":true,"href":"https:\/\/acrilart.hu\/en\/wp-json\/wp\/v2\/product_brand?post=3109"},{"taxonomy":"product_cat","embeddable":true,"href":"https:\/\/acrilart.hu\/en\/wp-json\/wp\/v2\/product_cat?post=3109"},{"taxonomy":"product_tag","embeddable":true,"href":"https:\/\/acrilart.hu\/en\/wp-json\/wp\/v2\/product_tag?post=3109"}],"curies":[{"name":"wp","href":"https:\/\/api.w.org\/{rel}","templated":true}]}}