{"id":3107,"date":"2023-03-16T17:54:03","date_gmt":"2023-03-16T17:54:03","guid":{"rendered":"https:\/\/acrilart.hu\/?post_type=product&#038;p=3107"},"modified":"2023-04-19T08:01:29","modified_gmt":"2023-04-19T08:01:29","slug":"bbr4051w_mosdotal","status":"publish","type":"product","link":"https:\/\/acrilart.hu\/en\/product\/bbr4051w_mosdotal\/","title":{"rendered":"Professzion\u00e1lis Mosd\u00f3"},"content":{"rendered":"<p>BETACRYL Mosd\u00f3t\u00e1l magas min\u0151s\u00e9g\u0171 akril anyagb\u00f3l, elt\u00e1vol\u00edthat\u00f3 ferde mos\u00f3fel\u00fclettel \u00e9s 3,5 h\u00fcvelykes k\u00f6zponti lefoly\u00f3ny\u00edl\u00e1ssal.<\/p>\n<p>Term\u00e9keinket a megrendel\u00e9s napj\u00e1t\u00f3l sz\u00e1m\u00edtott h\u00e1rom h\u00e9ten bel\u00fcl k\u00e9zbes\u00edtj\u00fck.<\/p>\n<pre id=\"tw-target-text\" class=\"tw-data-text tw-text-large tw-ta\" dir=\"ltr\" data-placeholder=\"Translation\"><img fetchpriority=\"high\" decoding=\"async\" class=\"alignnone size-full wp-image-3104\" src=\"https:\/\/acrilart.hu\/wp-content\/uploads\/BB_R_4051_W_acrilart-basin-drawing.png\" alt=\"\" width=\"562\" height=\"455\" \/><\/pre>\n<pre id=\"tw-target-text\" class=\"tw-data-text tw-text-large tw-ta\" dir=\"ltr\" data-placeholder=\"Translation\"><\/pre>","protected":false},"excerpt":{"rendered":"<p>BETACRYL Mosd\u00f3t\u00e1l magas min\u0151s\u00e9g\u0171 akril anyagb\u00f3l, elt\u00e1vol\u00edthat\u00f3 ferde mos\u00f3fel\u00fclettel \u00e9s 3,5 h\u00fcvelykes k\u00f6zponti lefoly\u00f3ny\u00edl\u00e1ssal. Term\u00e9keinket a megrendel\u00e9s napj\u00e1t\u00f3l sz\u00e1m\u00edtott h\u00e1rom h\u00e9ten bel\u00fcl k\u00e9zbes\u00edtj\u00fck.<\/p>","protected":false},"featured_media":3105,"template":"","meta":[],"product_brand":[],"product_cat":[69,71],"product_tag":[65,46,63,64],"class_list":{"0":"post-3107","1":"product","2":"type-product","3":"status-publish","4":"has-post-thumbnail","6":"product_cat-mosdokagylok","7":"product_cat-specialis","8":"product_tag-furdo","9":"product_tag-furdoszoba","10":"product_tag-mosdo","11":"product_tag-mosdokagylo","13":"first","14":"instock","15":"shipping-taxable","16":"purchasable","17":"product-type-simple"},"_links":{"self":[{"href":"https:\/\/acrilart.hu\/en\/wp-json\/wp\/v2\/product\/3107","targetHints":{"allow":["GET"]}}],"collection":[{"href":"https:\/\/acrilart.hu\/en\/wp-json\/wp\/v2\/product"}],"about":[{"href":"https:\/\/acrilart.hu\/en\/wp-json\/wp\/v2\/types\/product"}],"version-history":[{"count":3,"href":"https:\/\/acrilart.hu\/en\/wp-json\/wp\/v2\/product\/3107\/revisions"}],"predecessor-version":[{"id":3756,"href":"https:\/\/acrilart.hu\/en\/wp-json\/wp\/v2\/product\/3107\/revisions\/3756"}],"wp:featuredmedia":[{"embeddable":true,"href":"https:\/\/acrilart.hu\/en\/wp-json\/wp\/v2\/media\/3105"}],"wp:attachment":[{"href":"https:\/\/acrilart.hu\/en\/wp-json\/wp\/v2\/media?parent=3107"}],"wp:term":[{"taxonomy":"product_brand","embeddable":true,"href":"https:\/\/acrilart.hu\/en\/wp-json\/wp\/v2\/product_brand?post=3107"},{"taxonomy":"product_cat","embeddable":true,"href":"https:\/\/acrilart.hu\/en\/wp-json\/wp\/v2\/product_cat?post=3107"},{"taxonomy":"product_tag","embeddable":true,"href":"https:\/\/acrilart.hu\/en\/wp-json\/wp\/v2\/product_tag?post=3107"}],"curies":[{"name":"wp","href":"https:\/\/api.w.org\/{rel}","templated":true}]}}