{"id":3088,"date":"2023-03-16T17:21:03","date_gmt":"2023-03-16T17:21:03","guid":{"rendered":"https:\/\/acrilart.hu\/?post_type=product&#038;p=3088"},"modified":"2023-04-19T08:12:17","modified_gmt":"2023-04-19T08:12:17","slug":"bbr620_mosdokagylo","status":"publish","type":"product","link":"https:\/\/acrilart.hu\/en\/product\/bbr620_mosdokagylo\/","title":{"rendered":"Pultba \u00c9p\u00edthet\u0151 Mosd\u00f3kagyl\u00f3"},"content":{"rendered":"<p>BETACRYL T\u00e9glalap alak\u00fa be\u00e9p\u00edtett mosd\u00f3kagyl\u00f3 magas min\u0151s\u00e9g\u0171 akril anyagb\u00f3l, 2&#8243;-os k\u00f6zponti lefoly\u00f3ny\u00edl\u00e1ssal.<\/p>\n<p>A term\u00e9k \u00e1ra a sz\u00ednv\u00e1laszt\u00e1st\u00f3l f\u00fcgg. 240-261 EUR<\/p>\n<p>Term\u00e9keinket a megrendel\u00e9s napj\u00e1t\u00f3l sz\u00e1m\u00edtott h\u00e1rom h\u00e9ten bel\u00fcl k\u00e9zbes\u00edtj\u00fck.<\/p>\n<pre id=\"tw-target-text\" class=\"tw-data-text tw-text-large tw-ta\" dir=\"ltr\" data-placeholder=\"Translation\"><img fetchpriority=\"high\" decoding=\"async\" class=\"alignnone size-full wp-image-3085\" src=\"https:\/\/acrilart.hu\/wp-content\/uploads\/BB-R-620-acrilart-basin-drawing.png\" alt=\"\" width=\"1200\" height=\"557\" srcset=\"https:\/\/acrilart.hu\/wp-content\/uploads\/BB-R-620-acrilart-basin-drawing.png 1200w, https:\/\/acrilart.hu\/wp-content\/uploads\/BB-R-620-acrilart-basin-drawing-768x356.png 768w, https:\/\/acrilart.hu\/wp-content\/uploads\/BB-R-620-acrilart-basin-drawing-600x279.png 600w\" sizes=\"(max-width: 1200px) 100vw, 1200px\" \/><\/pre>\n<pre id=\"tw-target-text\" class=\"tw-data-text tw-text-large tw-ta\" dir=\"ltr\" data-placeholder=\"Translation\"><\/pre>","protected":false},"excerpt":{"rendered":"<p>BETACRYL T\u00e9glalap alak\u00fa be\u00e9p\u00edtett mosd\u00f3kagyl\u00f3 magas min\u0151s\u00e9g\u0171 akril anyagb\u00f3l, 2&#8243;-os k\u00f6zponti lefoly\u00f3ny\u00edl\u00e1ssal. A term\u00e9k \u00e1ra a sz\u00ednv\u00e1laszt\u00e1st\u00f3l f\u00fcgg. 240-261 EUR Term\u00e9keinket a megrendel\u00e9s napj\u00e1t\u00f3l sz\u00e1m\u00edtott h\u00e1rom h\u00e9ten bel\u00fcl k\u00e9zbes\u00edtj\u00fck.<\/p>","protected":false},"featured_media":3086,"template":"","meta":[],"product_brand":[],"product_cat":[69],"product_tag":[65,46,63,64],"class_list":{"0":"post-3088","1":"product","2":"type-product","3":"status-publish","4":"has-post-thumbnail","6":"product_cat-mosdokagylok","7":"product_tag-furdo","8":"product_tag-furdoszoba","9":"product_tag-mosdo","10":"product_tag-mosdokagylo","12":"first","13":"instock","14":"shipping-taxable","15":"purchasable","16":"product-type-simple"},"_links":{"self":[{"href":"https:\/\/acrilart.hu\/en\/wp-json\/wp\/v2\/product\/3088","targetHints":{"allow":["GET"]}}],"collection":[{"href":"https:\/\/acrilart.hu\/en\/wp-json\/wp\/v2\/product"}],"about":[{"href":"https:\/\/acrilart.hu\/en\/wp-json\/wp\/v2\/types\/product"}],"version-history":[{"count":4,"href":"https:\/\/acrilart.hu\/en\/wp-json\/wp\/v2\/product\/3088\/revisions"}],"predecessor-version":[{"id":3772,"href":"https:\/\/acrilart.hu\/en\/wp-json\/wp\/v2\/product\/3088\/revisions\/3772"}],"wp:featuredmedia":[{"embeddable":true,"href":"https:\/\/acrilart.hu\/en\/wp-json\/wp\/v2\/media\/3086"}],"wp:attachment":[{"href":"https:\/\/acrilart.hu\/en\/wp-json\/wp\/v2\/media?parent=3088"}],"wp:term":[{"taxonomy":"product_brand","embeddable":true,"href":"https:\/\/acrilart.hu\/en\/wp-json\/wp\/v2\/product_brand?post=3088"},{"taxonomy":"product_cat","embeddable":true,"href":"https:\/\/acrilart.hu\/en\/wp-json\/wp\/v2\/product_cat?post=3088"},{"taxonomy":"product_tag","embeddable":true,"href":"https:\/\/acrilart.hu\/en\/wp-json\/wp\/v2\/product_tag?post=3088"}],"curies":[{"name":"wp","href":"https:\/\/api.w.org\/{rel}","templated":true}]}}