{"id":2963,"date":"2023-03-14T13:47:59","date_gmt":"2023-03-14T13:47:59","guid":{"rendered":"https:\/\/acrilart.hu\/?post_type=product&#038;p=2963"},"modified":"2023-04-19T08:08:10","modified_gmt":"2023-04-19T08:08:10","slug":"bbr5540lab_mosogato","status":"publish","type":"product","link":"https:\/\/acrilart.hu\/en\/product\/bbr5540lab_mosogato\/","title":{"rendered":"Professzion\u00e1lis Mosd\u00f3"},"content":{"rendered":"<p id=\"tw-target-text\" class=\"tw-data-text tw-text-large tw-ta\" dir=\"ltr\" data-placeholder=\"Translation\"><span class=\"Y2IQFc\" lang=\"hu\">BETACRYL Integr\u00e1lt eg\u00e9szs\u00e9g\u00fcgyi mosd\u00f3, magas min\u0151s\u00e9g\u0171 akril anyagb\u00f3l, laborat\u00f3riumi haszn\u00e1latra, 3,5&#8243;-os k\u00f6zponti hullad\u00e9klefoly\u00f3 ny\u00edl\u00e1ssal.<br \/>\nTerm\u00e9keinket a megrendel\u00e9s napj\u00e1t\u00f3l sz\u00e1m\u00edtott h\u00e1rom h\u00e9ten bel\u00fcl k\u00e9zbes\u00edtj\u00fck.<\/span><\/p>\n<pre id=\"tw-target-text\" class=\"tw-data-text tw-text-large tw-ta\" dir=\"ltr\" data-placeholder=\"Translation\"><span class=\"Y2IQFc\" lang=\"hu\"><img fetchpriority=\"high\" decoding=\"async\" class=\"alignnone size-full wp-image-2962\" src=\"https:\/\/acrilart.hu\/wp-content\/uploads\/BB-R-4040-LAB-acrilart-sink-drawing-1.png\" alt=\"\" width=\"271\" height=\"220\" \/> <\/span><\/pre>","protected":false},"excerpt":{"rendered":"<p>BETACRYL Integr\u00e1lt eg\u00e9szs\u00e9g\u00fcgyi mosd\u00f3, magas min\u0151s\u00e9g\u0171 akril anyagb\u00f3l, laborat\u00f3riumi haszn\u00e1latra, 3,5&#8243;-os k\u00f6zponti hullad\u00e9klefoly\u00f3 ny\u00edl\u00e1ssal. Term\u00e9keinket a megrendel\u00e9s napj\u00e1t\u00f3l sz\u00e1m\u00edtott h\u00e1rom h\u00e9ten bel\u00fcl k\u00e9zbes\u00edtj\u00fck.<\/p>","protected":false},"featured_media":2960,"template":"","meta":[],"product_brand":[],"product_cat":[69,71],"product_tag":[72,46,62,63,64],"class_list":{"0":"post-2963","1":"product","2":"type-product","3":"status-publish","4":"has-post-thumbnail","6":"product_cat-mosdokagylok","7":"product_cat-specialis","8":"product_tag-egyedi","9":"product_tag-furdoszoba","10":"product_tag-laboratorium","11":"product_tag-mosdo","12":"product_tag-mosdokagylo","14":"first","15":"instock","16":"shipping-taxable","17":"purchasable","18":"product-type-simple"},"_links":{"self":[{"href":"https:\/\/acrilart.hu\/en\/wp-json\/wp\/v2\/product\/2963","targetHints":{"allow":["GET"]}}],"collection":[{"href":"https:\/\/acrilart.hu\/en\/wp-json\/wp\/v2\/product"}],"about":[{"href":"https:\/\/acrilart.hu\/en\/wp-json\/wp\/v2\/types\/product"}],"version-history":[{"count":3,"href":"https:\/\/acrilart.hu\/en\/wp-json\/wp\/v2\/product\/2963\/revisions"}],"predecessor-version":[{"id":3760,"href":"https:\/\/acrilart.hu\/en\/wp-json\/wp\/v2\/product\/2963\/revisions\/3760"}],"wp:featuredmedia":[{"embeddable":true,"href":"https:\/\/acrilart.hu\/en\/wp-json\/wp\/v2\/media\/2960"}],"wp:attachment":[{"href":"https:\/\/acrilart.hu\/en\/wp-json\/wp\/v2\/media?parent=2963"}],"wp:term":[{"taxonomy":"product_brand","embeddable":true,"href":"https:\/\/acrilart.hu\/en\/wp-json\/wp\/v2\/product_brand?post=2963"},{"taxonomy":"product_cat","embeddable":true,"href":"https:\/\/acrilart.hu\/en\/wp-json\/wp\/v2\/product_cat?post=2963"},{"taxonomy":"product_tag","embeddable":true,"href":"https:\/\/acrilart.hu\/en\/wp-json\/wp\/v2\/product_tag?post=2963"}],"curies":[{"name":"wp","href":"https:\/\/api.w.org\/{rel}","templated":true}]}}