{"id":4423,"date":"2023-05-22T13:02:09","date_gmt":"2023-05-22T13:02:09","guid":{"rendered":"https:\/\/acrilart.hu\/?page_id=4423"},"modified":"2023-05-22T13:03:20","modified_gmt":"2023-05-22T13:03:20","slug":"korhaz-rostock","status":"publish","type":"page","link":"https:\/\/acrilart.hu\/en\/referenciak\/korhaz-rostock\/","title":{"rendered":"K\u00f3rh\u00e1z, Rostock"},"content":{"rendered":"<div data-elementor-type=\"wp-page\" data-elementor-id=\"4423\" class=\"elementor elementor-4423\" data-elementor-post-type=\"page\">\n\t\t\t\t\t\t<section class=\"elementor-section elementor-top-section elementor-element elementor-element-6f42b369 elementor-section-boxed elementor-section-height-default elementor-section-height-default\" data-id=\"6f42b369\" data-element_type=\"section\" data-e-type=\"section\" data-settings=\"{&quot;jet_parallax_layout_list&quot;:[],&quot;background_background&quot;:&quot;classic&quot;}\">\n\t\t\t\t\t\t<div class=\"elementor-container elementor-column-gap-default\">\n\t\t\t\t\t<div class=\"elementor-column elementor-col-100 elementor-top-column elementor-element elementor-element-aad91db\" data-id=\"aad91db\" data-element_type=\"column\" data-e-type=\"column\">\n\t\t\t<div class=\"elementor-widget-wrap elementor-element-populated\">\n\t\t\t\t\t\t<div class=\"elementor-element elementor-element-1c816315 elementor-widget elementor-widget-heading\" data-id=\"1c816315\" data-element_type=\"widget\" data-e-type=\"widget\" data-widget_type=\"heading.default\">\n\t\t\t\t<div class=\"elementor-widget-container\">\n\t\t\t\t\t<h2 class=\"elementor-heading-title elementor-size-default\">K\u00f3rh\u00e1z, Rostock<\/h2>\t\t\t\t<\/div>\n\t\t\t\t<\/div>\n\t\t\t\t<div class=\"elementor-element elementor-element-1b14f42d elementor-widget elementor-widget-gallery\" data-id=\"1b14f42d\" data-element_type=\"widget\" data-e-type=\"widget\" data-settings=\"{&quot;gallery_layout&quot;:&quot;justified&quot;,&quot;ideal_row_height&quot;:{&quot;unit&quot;:&quot;px&quot;,&quot;size&quot;:400,&quot;sizes&quot;:[]},&quot;ideal_row_height_tablet&quot;:{&quot;unit&quot;:&quot;px&quot;,&quot;size&quot;:150,&quot;sizes&quot;:[]},&quot;ideal_row_height_mobile&quot;:{&quot;unit&quot;:&quot;px&quot;,&quot;size&quot;:150,&quot;sizes&quot;:[]},&quot;gap&quot;:{&quot;unit&quot;:&quot;px&quot;,&quot;size&quot;:10,&quot;sizes&quot;:[]},&quot;gap_tablet&quot;:{&quot;unit&quot;:&quot;px&quot;,&quot;size&quot;:10,&quot;sizes&quot;:[]},&quot;gap_mobile&quot;:{&quot;unit&quot;:&quot;px&quot;,&quot;size&quot;:10,&quot;sizes&quot;:[]},&quot;link_to&quot;:&quot;file&quot;,&quot;content_hover_animation&quot;:&quot;fade-in&quot;}\" data-widget_type=\"gallery.default\">\n\t\t\t\t<div class=\"elementor-widget-container\">\n\t\t\t\t\t\t\t<div class=\"elementor-gallery__container\">\n\t\t\t\t\t\t\t<a class=\"e-gallery-item elementor-gallery-item elementor-animated-content\" href=\"https:\/\/acrilart.hu\/wp-content\/uploads\/www.acrilart.hu_Korhaz_recepcios-pult-10-min-scaled.jpg\" data-elementor-open-lightbox=\"yes\" data-elementor-lightbox-slideshow=\"1b14f42d\" data-elementor-lightbox-title=\"www.acrilart.hu_K\u00f3rh\u00e1z_recepci\u00f3s pult 10-min\" data-e-action-hash=\"#elementor-action%3Aaction%3Dlightbox%26settings%3DeyJpZCI6NDA5NywidXJsIjoiaHR0cHM6XC9cL2FjcmlsYXJ0Lmh1XC93cC1jb250ZW50XC91cGxvYWRzXC93d3cuYWNyaWxhcnQuaHVfS29yaGF6X3JlY2VwY2lvcy1wdWx0LTEwLW1pbi1zY2FsZWQuanBnIiwic2xpZGVzaG93IjoiMWIxNGY0MmQifQ%3D%3D\">\n\t\t\t\t\t<div class=\"e-gallery-image elementor-gallery-item__image\" data-thumbnail=\"https:\/\/acrilart.hu\/wp-content\/uploads\/www.acrilart.hu_Korhaz_recepcios-pult-10-min-scaled.jpg\" data-width=\"2560\" data-height=\"1885\" aria-label=\"\" role=\"img\" ><\/div>\n\t\t\t\t\t\t\t\t\t\t\t\t\t\t<\/a>\n\t\t\t\t\t\t\t<a class=\"e-gallery-item elementor-gallery-item elementor-animated-content\" href=\"https:\/\/acrilart.hu\/wp-content\/uploads\/www.acrilart.hu_Korhaz_recepcios-pult-7-min-scaled.jpg\" data-elementor-open-lightbox=\"yes\" data-elementor-lightbox-slideshow=\"1b14f42d\" data-elementor-lightbox-title=\"www.acrilart.hu_K\u00f3rh\u00e1z_recepci\u00f3s pult 7-min\" data-e-action-hash=\"#elementor-action%3Aaction%3Dlightbox%26settings%3DeyJpZCI6NDA5NiwidXJsIjoiaHR0cHM6XC9cL2FjcmlsYXJ0Lmh1XC93cC1jb250ZW50XC91cGxvYWRzXC93d3cuYWNyaWxhcnQuaHVfS29yaGF6X3JlY2VwY2lvcy1wdWx0LTctbWluLXNjYWxlZC5qcGciLCJzbGlkZXNob3ciOiIxYjE0ZjQyZCJ9\">\n\t\t\t\t\t<div class=\"e-gallery-image elementor-gallery-item__image\" data-thumbnail=\"https:\/\/acrilart.hu\/wp-content\/uploads\/www.acrilart.hu_Korhaz_recepcios-pult-7-min-scaled.jpg\" data-width=\"1954\" data-height=\"2560\" aria-label=\"\" role=\"img\" ><\/div>\n\t\t\t\t\t\t\t\t\t\t\t\t\t\t<\/a>\n\t\t\t\t\t\t\t<a class=\"e-gallery-item elementor-gallery-item elementor-animated-content\" href=\"https:\/\/acrilart.hu\/wp-content\/uploads\/www.acrilart.hu_Korhaz_recepcios-pult-5-min-scaled.jpg\" data-elementor-open-lightbox=\"yes\" data-elementor-lightbox-slideshow=\"1b14f42d\" data-elementor-lightbox-title=\"www.acrilart.hu_K\u00f3rh\u00e1z_recepci\u00f3s pult 5-min\" data-e-action-hash=\"#elementor-action%3Aaction%3Dlightbox%26settings%3DeyJpZCI6NDA5NSwidXJsIjoiaHR0cHM6XC9cL2FjcmlsYXJ0Lmh1XC93cC1jb250ZW50XC91cGxvYWRzXC93d3cuYWNyaWxhcnQuaHVfS29yaGF6X3JlY2VwY2lvcy1wdWx0LTUtbWluLXNjYWxlZC5qcGciLCJzbGlkZXNob3ciOiIxYjE0ZjQyZCJ9\">\n\t\t\t\t\t<div class=\"e-gallery-image elementor-gallery-item__image\" data-thumbnail=\"https:\/\/acrilart.hu\/wp-content\/uploads\/www.acrilart.hu_Korhaz_recepcios-pult-5-min-scaled.jpg\" data-width=\"1920\" data-height=\"2560\" aria-label=\"\" role=\"img\" ><\/div>\n\t\t\t\t\t\t\t\t\t\t\t\t\t\t<\/a>\n\t\t\t\t\t\t\t<a class=\"e-gallery-item elementor-gallery-item elementor-animated-content\" href=\"https:\/\/acrilart.hu\/wp-content\/uploads\/www.acrilart.hu_Korhaz_noverpult-14-min-scaled.jpg\" data-elementor-open-lightbox=\"yes\" data-elementor-lightbox-slideshow=\"1b14f42d\" data-elementor-lightbox-title=\"www.acrilart.hu_K\u00f3rh\u00e1z_n\u0151v\u00e9rpult 14-min\" data-e-action-hash=\"#elementor-action%3Aaction%3Dlightbox%26settings%3DeyJpZCI6NDA5NCwidXJsIjoiaHR0cHM6XC9cL2FjcmlsYXJ0Lmh1XC93cC1jb250ZW50XC91cGxvYWRzXC93d3cuYWNyaWxhcnQuaHVfS29yaGF6X25vdmVycHVsdC0xNC1taW4tc2NhbGVkLmpwZyIsInNsaWRlc2hvdyI6IjFiMTRmNDJkIn0%3D\">\n\t\t\t\t\t<div class=\"e-gallery-image elementor-gallery-item__image\" data-thumbnail=\"https:\/\/acrilart.hu\/wp-content\/uploads\/www.acrilart.hu_Korhaz_noverpult-14-min-scaled.jpg\" data-width=\"2560\" data-height=\"1934\" aria-label=\"\" role=\"img\" ><\/div>\n\t\t\t\t\t\t\t\t\t\t\t\t\t\t<\/a>\n\t\t\t\t\t\t\t<a class=\"e-gallery-item elementor-gallery-item elementor-animated-content\" href=\"https:\/\/acrilart.hu\/wp-content\/uploads\/www.acrilart.hu_Korhaz_noverpult-13-min-scaled.jpg\" data-elementor-open-lightbox=\"yes\" data-elementor-lightbox-slideshow=\"1b14f42d\" data-elementor-lightbox-title=\"www.acrilart.hu_K\u00f3rh\u00e1z_n\u0151v\u00e9rpult 13-min\" data-e-action-hash=\"#elementor-action%3Aaction%3Dlightbox%26settings%3DeyJpZCI6NDA5MywidXJsIjoiaHR0cHM6XC9cL2FjcmlsYXJ0Lmh1XC93cC1jb250ZW50XC91cGxvYWRzXC93d3cuYWNyaWxhcnQuaHVfS29yaGF6X25vdmVycHVsdC0xMy1taW4tc2NhbGVkLmpwZyIsInNsaWRlc2hvdyI6IjFiMTRmNDJkIn0%3D\">\n\t\t\t\t\t<div class=\"e-gallery-image elementor-gallery-item__image\" data-thumbnail=\"https:\/\/acrilart.hu\/wp-content\/uploads\/www.acrilart.hu_Korhaz_noverpult-13-min-scaled.jpg\" data-width=\"2560\" data-height=\"1920\" aria-label=\"\" role=\"img\" ><\/div>\n\t\t\t\t\t\t\t\t\t\t\t\t\t\t<\/a>\n\t\t\t\t\t\t\t<a class=\"e-gallery-item elementor-gallery-item elementor-animated-content\" href=\"https:\/\/acrilart.hu\/wp-content\/uploads\/www.acrilart.hu_Korhaz_noverpult-12-min-scaled.jpg\" data-elementor-open-lightbox=\"yes\" data-elementor-lightbox-slideshow=\"1b14f42d\" data-elementor-lightbox-title=\"www.acrilart.hu_K\u00f3rh\u00e1z_n\u0151v\u00e9rpult 12-min\" data-e-action-hash=\"#elementor-action%3Aaction%3Dlightbox%26settings%3DeyJpZCI6NDA5MiwidXJsIjoiaHR0cHM6XC9cL2FjcmlsYXJ0Lmh1XC93cC1jb250ZW50XC91cGxvYWRzXC93d3cuYWNyaWxhcnQuaHVfS29yaGF6X25vdmVycHVsdC0xMi1taW4tc2NhbGVkLmpwZyIsInNsaWRlc2hvdyI6IjFiMTRmNDJkIn0%3D\">\n\t\t\t\t\t<div class=\"e-gallery-image elementor-gallery-item__image\" data-thumbnail=\"https:\/\/acrilart.hu\/wp-content\/uploads\/www.acrilart.hu_Korhaz_noverpult-12-min-scaled.jpg\" data-width=\"2560\" data-height=\"1911\" aria-label=\"\" role=\"img\" ><\/div>\n\t\t\t\t\t\t\t\t\t\t\t\t\t\t<\/a>\n\t\t\t\t\t\t\t<a class=\"e-gallery-item elementor-gallery-item elementor-animated-content\" href=\"https:\/\/acrilart.hu\/wp-content\/uploads\/www.acrilart.hu_Korhaz_noverpult-4-min-scaled.jpg\" data-elementor-open-lightbox=\"yes\" data-elementor-lightbox-slideshow=\"1b14f42d\" data-elementor-lightbox-title=\"www.acrilart.hu_K\u00f3rh\u00e1z_n\u0151v\u00e9rpult 4-min\" data-e-action-hash=\"#elementor-action%3Aaction%3Dlightbox%26settings%3DeyJpZCI6NDA5MSwidXJsIjoiaHR0cHM6XC9cL2FjcmlsYXJ0Lmh1XC93cC1jb250ZW50XC91cGxvYWRzXC93d3cuYWNyaWxhcnQuaHVfS29yaGF6X25vdmVycHVsdC00LW1pbi1zY2FsZWQuanBnIiwic2xpZGVzaG93IjoiMWIxNGY0MmQifQ%3D%3D\">\n\t\t\t\t\t<div class=\"e-gallery-image elementor-gallery-item__image\" data-thumbnail=\"https:\/\/acrilart.hu\/wp-content\/uploads\/www.acrilart.hu_Korhaz_noverpult-4-min-scaled.jpg\" data-width=\"2560\" data-height=\"1768\" aria-label=\"\" role=\"img\" ><\/div>\n\t\t\t\t\t\t\t\t\t\t\t\t\t\t<\/a>\n\t\t\t\t\t\t\t<a class=\"e-gallery-item elementor-gallery-item elementor-animated-content\" href=\"https:\/\/acrilart.hu\/wp-content\/uploads\/www.acrilart.hu_Borito_recepciospult-min-1-scaled.jpg\" data-elementor-open-lightbox=\"yes\" data-elementor-lightbox-slideshow=\"1b14f42d\" data-elementor-lightbox-title=\"www.acrilart.hu_Bor\u00edt\u00f3_recepci\u00f3spult-min\" data-e-action-hash=\"#elementor-action%3Aaction%3Dlightbox%26settings%3DeyJpZCI6NDA5MCwidXJsIjoiaHR0cHM6XC9cL2FjcmlsYXJ0Lmh1XC93cC1jb250ZW50XC91cGxvYWRzXC93d3cuYWNyaWxhcnQuaHVfQm9yaXRvX3JlY2VwY2lvc3B1bHQtbWluLTEtc2NhbGVkLmpwZyIsInNsaWRlc2hvdyI6IjFiMTRmNDJkIn0%3D\">\n\t\t\t\t\t<div class=\"e-gallery-image elementor-gallery-item__image\" data-thumbnail=\"https:\/\/acrilart.hu\/wp-content\/uploads\/www.acrilart.hu_Borito_recepciospult-min-1-scaled.jpg\" data-width=\"2560\" data-height=\"1826\" aria-label=\"\" role=\"img\" ><\/div>\n\t\t\t\t\t\t\t\t\t\t\t\t\t\t<\/a>\n\t\t\t\t\t<\/div>\n\t\t\t\t\t<\/div>\n\t\t\t\t<\/div>\n\t\t\t\t\t<\/div>\n\t\t<\/div>\n\t\t\t\t\t<\/div>\n\t\t<\/section>\n\t\t\t\t<\/div>","protected":false},"excerpt":{"rendered":"<p>K\u00f3rh\u00e1z, Rostock<\/p>","protected":false},"author":3,"featured_media":0,"parent":700,"menu_order":0,"comment_status":"closed","ping_status":"closed","template":"elementor_header_footer","meta":{"footnotes":""},"class_list":["post-4423","page","type-page","status-publish","hentry"],"_links":{"self":[{"href":"https:\/\/acrilart.hu\/en\/wp-json\/wp\/v2\/pages\/4423","targetHints":{"allow":["GET"]}}],"collection":[{"href":"https:\/\/acrilart.hu\/en\/wp-json\/wp\/v2\/pages"}],"about":[{"href":"https:\/\/acrilart.hu\/en\/wp-json\/wp\/v2\/types\/page"}],"author":[{"embeddable":true,"href":"https:\/\/acrilart.hu\/en\/wp-json\/wp\/v2\/users\/3"}],"replies":[{"embeddable":true,"href":"https:\/\/acrilart.hu\/en\/wp-json\/wp\/v2\/comments?post=4423"}],"version-history":[{"count":4,"href":"https:\/\/acrilart.hu\/en\/wp-json\/wp\/v2\/pages\/4423\/revisions"}],"predecessor-version":[{"id":4428,"href":"https:\/\/acrilart.hu\/en\/wp-json\/wp\/v2\/pages\/4423\/revisions\/4428"}],"up":[{"embeddable":true,"href":"https:\/\/acrilart.hu\/en\/wp-json\/wp\/v2\/pages\/700"}],"wp:attachment":[{"href":"https:\/\/acrilart.hu\/en\/wp-json\/wp\/v2\/media?parent=4423"}],"curies":[{"name":"wp","href":"https:\/\/api.w.org\/{rel}","templated":true}]}}