{"id":4414,"date":"2023-05-22T12:58:33","date_gmt":"2023-05-22T12:58:33","guid":{"rendered":"https:\/\/acrilart.hu\/?page_id=4414"},"modified":"2023-05-22T12:59:54","modified_gmt":"2023-05-22T12:59:54","slug":"nemzeti-atletikai-stadion-budapest","status":"publish","type":"page","link":"https:\/\/acrilart.hu\/en\/referenciak\/nemzeti-atletikai-stadion-budapest\/","title":{"rendered":"Nemzeti Atl\u00e9tikai Stadion, Budapest"},"content":{"rendered":"<div data-elementor-type=\"wp-page\" data-elementor-id=\"4414\" class=\"elementor elementor-4414\" data-elementor-post-type=\"page\">\n\t\t\t\t\t\t<section class=\"elementor-section elementor-top-section elementor-element elementor-element-7ac41616 elementor-section-boxed elementor-section-height-default elementor-section-height-default\" data-id=\"7ac41616\" data-element_type=\"section\" data-e-type=\"section\" data-settings=\"{&quot;jet_parallax_layout_list&quot;:[],&quot;background_background&quot;:&quot;classic&quot;}\">\n\t\t\t\t\t\t<div class=\"elementor-container elementor-column-gap-default\">\n\t\t\t\t\t<div class=\"elementor-column elementor-col-100 elementor-top-column elementor-element elementor-element-7594f4f\" data-id=\"7594f4f\" data-element_type=\"column\" data-e-type=\"column\">\n\t\t\t<div class=\"elementor-widget-wrap elementor-element-populated\">\n\t\t\t\t\t\t<div class=\"elementor-element elementor-element-122348b0 elementor-widget elementor-widget-heading\" data-id=\"122348b0\" data-element_type=\"widget\" data-e-type=\"widget\" data-widget_type=\"heading.default\">\n\t\t\t\t<div class=\"elementor-widget-container\">\n\t\t\t\t\t<h2 class=\"elementor-heading-title elementor-size-default\">Nemzeti Atl\u00e9tikai Stadion, Budapest<\/h2>\t\t\t\t<\/div>\n\t\t\t\t<\/div>\n\t\t\t\t<div class=\"elementor-element elementor-element-5c095ee2 elementor-widget elementor-widget-gallery\" data-id=\"5c095ee2\" data-element_type=\"widget\" data-e-type=\"widget\" data-settings=\"{&quot;gallery_layout&quot;:&quot;justified&quot;,&quot;ideal_row_height&quot;:{&quot;unit&quot;:&quot;px&quot;,&quot;size&quot;:400,&quot;sizes&quot;:[]},&quot;ideal_row_height_tablet&quot;:{&quot;unit&quot;:&quot;px&quot;,&quot;size&quot;:150,&quot;sizes&quot;:[]},&quot;ideal_row_height_mobile&quot;:{&quot;unit&quot;:&quot;px&quot;,&quot;size&quot;:150,&quot;sizes&quot;:[]},&quot;gap&quot;:{&quot;unit&quot;:&quot;px&quot;,&quot;size&quot;:10,&quot;sizes&quot;:[]},&quot;gap_tablet&quot;:{&quot;unit&quot;:&quot;px&quot;,&quot;size&quot;:10,&quot;sizes&quot;:[]},&quot;gap_mobile&quot;:{&quot;unit&quot;:&quot;px&quot;,&quot;size&quot;:10,&quot;sizes&quot;:[]},&quot;link_to&quot;:&quot;file&quot;,&quot;content_hover_animation&quot;:&quot;fade-in&quot;}\" data-widget_type=\"gallery.default\">\n\t\t\t\t<div class=\"elementor-widget-container\">\n\t\t\t\t\t\t\t<div class=\"elementor-gallery__container\">\n\t\t\t\t\t\t\t<a class=\"e-gallery-item elementor-gallery-item elementor-animated-content\" href=\"https:\/\/acrilart.hu\/wp-content\/uploads\/www.acrilart.hu_Borito_mosdo-min-2-scaled.jpg\" data-elementor-open-lightbox=\"yes\" data-elementor-lightbox-slideshow=\"5c095ee2\" data-elementor-lightbox-title=\"www.acrilart.hu_Bor\u00edt\u00f3_mosd\u00f3-min\" data-e-action-hash=\"#elementor-action%3Aaction%3Dlightbox%26settings%3DeyJpZCI6NDA4MywidXJsIjoiaHR0cHM6XC9cL2FjcmlsYXJ0Lmh1XC93cC1jb250ZW50XC91cGxvYWRzXC93d3cuYWNyaWxhcnQuaHVfQm9yaXRvX21vc2RvLW1pbi0yLXNjYWxlZC5qcGciLCJzbGlkZXNob3ciOiI1YzA5NWVlMiJ9\">\n\t\t\t\t\t<div class=\"e-gallery-image elementor-gallery-item__image\" data-thumbnail=\"https:\/\/acrilart.hu\/wp-content\/uploads\/www.acrilart.hu_Borito_mosdo-min-2-scaled.jpg\" data-width=\"2560\" data-height=\"1834\" aria-label=\"\" role=\"img\" ><\/div>\n\t\t\t\t\t\t\t\t\t\t\t\t\t\t<\/a>\n\t\t\t\t\t\t\t<a class=\"e-gallery-item elementor-gallery-item elementor-animated-content\" href=\"https:\/\/acrilart.hu\/wp-content\/uploads\/www.acrilart.hu_Nemzeti_Atletikai-Stadion_bufepult-1-min-scaled.jpg\" data-elementor-open-lightbox=\"yes\" data-elementor-lightbox-slideshow=\"5c095ee2\" data-elementor-lightbox-title=\"www.acrilart.hu_Nemzeti_Atl\u00e9tikai Stadion_b\u00fcf\u00e9pult 1-min\" data-e-action-hash=\"#elementor-action%3Aaction%3Dlightbox%26settings%3DeyJpZCI6NDA4NCwidXJsIjoiaHR0cHM6XC9cL2FjcmlsYXJ0Lmh1XC93cC1jb250ZW50XC91cGxvYWRzXC93d3cuYWNyaWxhcnQuaHVfTmVtemV0aV9BdGxldGlrYWktU3RhZGlvbl9idWZlcHVsdC0xLW1pbi1zY2FsZWQuanBnIiwic2xpZGVzaG93IjoiNWMwOTVlZTIifQ%3D%3D\">\n\t\t\t\t\t<div class=\"e-gallery-image elementor-gallery-item__image\" data-thumbnail=\"https:\/\/acrilart.hu\/wp-content\/uploads\/www.acrilart.hu_Nemzeti_Atletikai-Stadion_bufepult-1-min-scaled.jpg\" data-width=\"2560\" data-height=\"1920\" aria-label=\"\" role=\"img\" ><\/div>\n\t\t\t\t\t\t\t\t\t\t\t\t\t\t<\/a>\n\t\t\t\t\t\t\t<a class=\"e-gallery-item elementor-gallery-item elementor-animated-content\" href=\"https:\/\/acrilart.hu\/wp-content\/uploads\/www.acrilart.hu_Nemzeti_Atletikai_Stadion_bufepult-2-min-scaled.jpg\" data-elementor-open-lightbox=\"yes\" data-elementor-lightbox-slideshow=\"5c095ee2\" data-elementor-lightbox-title=\"www.acrilart.hu_Nemzeti_Atl\u00e9tikai_Stadion_b\u00fcf\u00e9pult 2-min\" data-e-action-hash=\"#elementor-action%3Aaction%3Dlightbox%26settings%3DeyJpZCI6NDA4NSwidXJsIjoiaHR0cHM6XC9cL2FjcmlsYXJ0Lmh1XC93cC1jb250ZW50XC91cGxvYWRzXC93d3cuYWNyaWxhcnQuaHVfTmVtemV0aV9BdGxldGlrYWlfU3RhZGlvbl9idWZlcHVsdC0yLW1pbi1zY2FsZWQuanBnIiwic2xpZGVzaG93IjoiNWMwOTVlZTIifQ%3D%3D\">\n\t\t\t\t\t<div class=\"e-gallery-image elementor-gallery-item__image\" data-thumbnail=\"https:\/\/acrilart.hu\/wp-content\/uploads\/www.acrilart.hu_Nemzeti_Atletikai_Stadion_bufepult-2-min-scaled.jpg\" data-width=\"2560\" data-height=\"1920\" aria-label=\"\" role=\"img\" ><\/div>\n\t\t\t\t\t\t\t\t\t\t\t\t\t\t<\/a>\n\t\t\t\t\t\t\t<a class=\"e-gallery-item elementor-gallery-item elementor-animated-content\" href=\"https:\/\/acrilart.hu\/wp-content\/uploads\/www.acrilart.hu_Nemzeti_Atletikai_Stadion_bufepult-5-min-scaled.jpg\" data-elementor-open-lightbox=\"yes\" data-elementor-lightbox-slideshow=\"5c095ee2\" data-elementor-lightbox-title=\"www.acrilart.hu_Nemzeti_Atl\u00e9tikai_Stadion_b\u00fcf\u00e9pult 5-min\" data-e-action-hash=\"#elementor-action%3Aaction%3Dlightbox%26settings%3DeyJpZCI6NDA4NiwidXJsIjoiaHR0cHM6XC9cL2FjcmlsYXJ0Lmh1XC93cC1jb250ZW50XC91cGxvYWRzXC93d3cuYWNyaWxhcnQuaHVfTmVtemV0aV9BdGxldGlrYWlfU3RhZGlvbl9idWZlcHVsdC01LW1pbi1zY2FsZWQuanBnIiwic2xpZGVzaG93IjoiNWMwOTVlZTIifQ%3D%3D\">\n\t\t\t\t\t<div class=\"e-gallery-image elementor-gallery-item__image\" data-thumbnail=\"https:\/\/acrilart.hu\/wp-content\/uploads\/www.acrilart.hu_Nemzeti_Atletikai_Stadion_bufepult-5-min-scaled.jpg\" data-width=\"1920\" data-height=\"2560\" aria-label=\"\" role=\"img\" ><\/div>\n\t\t\t\t\t\t\t\t\t\t\t\t\t\t<\/a>\n\t\t\t\t\t\t\t<a class=\"e-gallery-item elementor-gallery-item elementor-animated-content\" href=\"https:\/\/acrilart.hu\/wp-content\/uploads\/www.acrilart.hu_Nemzeti_Atletikai_Stadion_mosdopult-2-min-scaled.jpg\" data-elementor-open-lightbox=\"yes\" data-elementor-lightbox-slideshow=\"5c095ee2\" data-elementor-lightbox-title=\"www.acrilart.hu_Nemzeti_Atl\u00e9tikai_Stadion_mosd\u00f3pult 2-min\" data-e-action-hash=\"#elementor-action%3Aaction%3Dlightbox%26settings%3DeyJpZCI6NDA4NywidXJsIjoiaHR0cHM6XC9cL2FjcmlsYXJ0Lmh1XC93cC1jb250ZW50XC91cGxvYWRzXC93d3cuYWNyaWxhcnQuaHVfTmVtemV0aV9BdGxldGlrYWlfU3RhZGlvbl9tb3Nkb3B1bHQtMi1taW4tc2NhbGVkLmpwZyIsInNsaWRlc2hvdyI6IjVjMDk1ZWUyIn0%3D\">\n\t\t\t\t\t<div class=\"e-gallery-image elementor-gallery-item__image\" data-thumbnail=\"https:\/\/acrilart.hu\/wp-content\/uploads\/www.acrilart.hu_Nemzeti_Atletikai_Stadion_mosdopult-2-min-scaled.jpg\" data-width=\"2560\" data-height=\"1754\" aria-label=\"\" role=\"img\" ><\/div>\n\t\t\t\t\t\t\t\t\t\t\t\t\t\t<\/a>\n\t\t\t\t\t\t\t<a class=\"e-gallery-item elementor-gallery-item elementor-animated-content\" href=\"https:\/\/acrilart.hu\/wp-content\/uploads\/www.acrilart.hu_Nemzeti_Atletikai_Stadion_mosdopult-4-min.jpg\" data-elementor-open-lightbox=\"yes\" data-elementor-lightbox-slideshow=\"5c095ee2\" data-elementor-lightbox-title=\"www.acrilart.hu_Nemzeti_Atl\u00e9tikai_Stadion_mosd\u00f3pult 4-min\" data-e-action-hash=\"#elementor-action%3Aaction%3Dlightbox%26settings%3DeyJpZCI6NDA4OCwidXJsIjoiaHR0cHM6XC9cL2FjcmlsYXJ0Lmh1XC93cC1jb250ZW50XC91cGxvYWRzXC93d3cuYWNyaWxhcnQuaHVfTmVtemV0aV9BdGxldGlrYWlfU3RhZGlvbl9tb3Nkb3B1bHQtNC1taW4uanBnIiwic2xpZGVzaG93IjoiNWMwOTVlZTIifQ%3D%3D\">\n\t\t\t\t\t<div class=\"e-gallery-image elementor-gallery-item__image\" data-thumbnail=\"https:\/\/acrilart.hu\/wp-content\/uploads\/www.acrilart.hu_Nemzeti_Atletikai_Stadion_mosdopult-4-min.jpg\" data-width=\"2494\" data-height=\"1915\" aria-label=\"\" role=\"img\" ><\/div>\n\t\t\t\t\t\t\t\t\t\t\t\t\t\t<\/a>\n\t\t\t\t\t\t\t<a class=\"e-gallery-item elementor-gallery-item elementor-animated-content\" href=\"https:\/\/acrilart.hu\/wp-content\/uploads\/www.acrilart.hu_Nemzeti_Atletikai_Stadion_mosdopult-9-min.jpeg\" data-elementor-open-lightbox=\"yes\" data-elementor-lightbox-slideshow=\"5c095ee2\" data-elementor-lightbox-title=\"www.acrilart.hu_Nemzeti_Atl\u00e9tikai_Stadion_mosd\u00f3pult 9-min\" data-e-action-hash=\"#elementor-action%3Aaction%3Dlightbox%26settings%3DeyJpZCI6NDA4OSwidXJsIjoiaHR0cHM6XC9cL2FjcmlsYXJ0Lmh1XC93cC1jb250ZW50XC91cGxvYWRzXC93d3cuYWNyaWxhcnQuaHVfTmVtemV0aV9BdGxldGlrYWlfU3RhZGlvbl9tb3Nkb3B1bHQtOS1taW4uanBlZyIsInNsaWRlc2hvdyI6IjVjMDk1ZWUyIn0%3D\">\n\t\t\t\t\t<div class=\"e-gallery-image elementor-gallery-item__image\" data-thumbnail=\"https:\/\/acrilart.hu\/wp-content\/uploads\/www.acrilart.hu_Nemzeti_Atletikai_Stadion_mosdopult-9-min.jpeg\" data-width=\"1794\" data-height=\"1283\" aria-label=\"\" role=\"img\" ><\/div>\n\t\t\t\t\t\t\t\t\t\t\t\t\t\t<\/a>\n\t\t\t\t\t<\/div>\n\t\t\t\t\t<\/div>\n\t\t\t\t<\/div>\n\t\t\t\t\t<\/div>\n\t\t<\/div>\n\t\t\t\t\t<\/div>\n\t\t<\/section>\n\t\t\t\t<\/div>","protected":false},"excerpt":{"rendered":"<p>Nemzeti Atl\u00e9tikai Stadion, Budapest<\/p>","protected":false},"author":3,"featured_media":0,"parent":700,"menu_order":0,"comment_status":"closed","ping_status":"closed","template":"elementor_header_footer","meta":{"footnotes":""},"class_list":["post-4414","page","type-page","status-publish","hentry"],"_links":{"self":[{"href":"https:\/\/acrilart.hu\/en\/wp-json\/wp\/v2\/pages\/4414","targetHints":{"allow":["GET"]}}],"collection":[{"href":"https:\/\/acrilart.hu\/en\/wp-json\/wp\/v2\/pages"}],"about":[{"href":"https:\/\/acrilart.hu\/en\/wp-json\/wp\/v2\/types\/page"}],"author":[{"embeddable":true,"href":"https:\/\/acrilart.hu\/en\/wp-json\/wp\/v2\/users\/3"}],"replies":[{"embeddable":true,"href":"https:\/\/acrilart.hu\/en\/wp-json\/wp\/v2\/comments?post=4414"}],"version-history":[{"count":4,"href":"https:\/\/acrilart.hu\/en\/wp-json\/wp\/v2\/pages\/4414\/revisions"}],"predecessor-version":[{"id":4419,"href":"https:\/\/acrilart.hu\/en\/wp-json\/wp\/v2\/pages\/4414\/revisions\/4419"}],"up":[{"embeddable":true,"href":"https:\/\/acrilart.hu\/en\/wp-json\/wp\/v2\/pages\/700"}],"wp:attachment":[{"href":"https:\/\/acrilart.hu\/en\/wp-json\/wp\/v2\/media?parent=4414"}],"curies":[{"name":"wp","href":"https:\/\/api.w.org\/{rel}","templated":true}]}}