{"id":4299,"date":"2023-05-22T11:16:04","date_gmt":"2023-05-22T11:16:04","guid":{"rendered":"https:\/\/acrilart.hu\/?page_id=4299"},"modified":"2023-05-22T11:32:28","modified_gmt":"2023-05-22T11:32:28","slug":"eto-park-gyor-2","status":"publish","type":"page","link":"https:\/\/acrilart.hu\/en\/referenciak\/eto-park-gyor-2\/","title":{"rendered":"ETO Park, Gy\u0151r"},"content":{"rendered":"<div data-elementor-type=\"wp-page\" data-elementor-id=\"4299\" class=\"elementor elementor-4299\" data-elementor-post-type=\"page\">\n\t\t\t\t\t\t<section class=\"elementor-section elementor-top-section elementor-element elementor-element-68341906 elementor-section-boxed elementor-section-height-default elementor-section-height-default\" data-id=\"68341906\" data-element_type=\"section\" data-e-type=\"section\" data-settings=\"{&quot;jet_parallax_layout_list&quot;:[],&quot;background_background&quot;:&quot;classic&quot;}\">\n\t\t\t\t\t\t<div class=\"elementor-container elementor-column-gap-default\">\n\t\t\t\t\t<div class=\"elementor-column elementor-col-100 elementor-top-column elementor-element elementor-element-6dd7e0c5\" data-id=\"6dd7e0c5\" data-element_type=\"column\" data-e-type=\"column\">\n\t\t\t<div class=\"elementor-widget-wrap elementor-element-populated\">\n\t\t\t\t\t\t<div class=\"elementor-element elementor-element-6634efad elementor-widget elementor-widget-heading\" data-id=\"6634efad\" data-element_type=\"widget\" data-e-type=\"widget\" data-widget_type=\"heading.default\">\n\t\t\t\t<div class=\"elementor-widget-container\">\n\t\t\t\t\t<h2 class=\"elementor-heading-title elementor-size-default\">ETO Park, Gy\u0151r<\/h2>\t\t\t\t<\/div>\n\t\t\t\t<\/div>\n\t\t\t\t<div class=\"elementor-element elementor-element-7f97603d elementor-widget elementor-widget-gallery\" data-id=\"7f97603d\" data-element_type=\"widget\" data-e-type=\"widget\" data-settings=\"{&quot;gallery_layout&quot;:&quot;justified&quot;,&quot;ideal_row_height&quot;:{&quot;unit&quot;:&quot;px&quot;,&quot;size&quot;:400,&quot;sizes&quot;:[]},&quot;ideal_row_height_tablet&quot;:{&quot;unit&quot;:&quot;px&quot;,&quot;size&quot;:150,&quot;sizes&quot;:[]},&quot;ideal_row_height_mobile&quot;:{&quot;unit&quot;:&quot;px&quot;,&quot;size&quot;:150,&quot;sizes&quot;:[]},&quot;gap&quot;:{&quot;unit&quot;:&quot;px&quot;,&quot;size&quot;:10,&quot;sizes&quot;:[]},&quot;gap_tablet&quot;:{&quot;unit&quot;:&quot;px&quot;,&quot;size&quot;:10,&quot;sizes&quot;:[]},&quot;gap_mobile&quot;:{&quot;unit&quot;:&quot;px&quot;,&quot;size&quot;:10,&quot;sizes&quot;:[]},&quot;link_to&quot;:&quot;file&quot;,&quot;content_hover_animation&quot;:&quot;fade-in&quot;}\" data-widget_type=\"gallery.default\">\n\t\t\t\t<div class=\"elementor-widget-container\">\n\t\t\t\t\t\t\t<div class=\"elementor-gallery__container\">\n\t\t\t\t\t\t\t<a class=\"e-gallery-item elementor-gallery-item elementor-animated-content\" href=\"https:\/\/acrilart.hu\/wp-content\/uploads\/www.acrilart-hu_Baba-Mama_mosdo1-1-scaled.jpg\" data-elementor-open-lightbox=\"yes\" data-elementor-lightbox-slideshow=\"7f97603d\" data-elementor-lightbox-title=\"www.acrilart-hu_Baba-Mama_mosd\u00f31\" data-e-action-hash=\"#elementor-action%3Aaction%3Dlightbox%26settings%3DeyJpZCI6NDMwMiwidXJsIjoiaHR0cHM6XC9cL2FjcmlsYXJ0Lmh1XC93cC1jb250ZW50XC91cGxvYWRzXC93d3cuYWNyaWxhcnQtaHVfQmFiYS1NYW1hX21vc2RvMS0xLXNjYWxlZC5qcGciLCJzbGlkZXNob3ciOiI3Zjk3NjAzZCJ9\">\n\t\t\t\t\t<div class=\"e-gallery-image elementor-gallery-item__image\" data-thumbnail=\"https:\/\/acrilart.hu\/wp-content\/uploads\/www.acrilart-hu_Baba-Mama_mosdo1-1-scaled.jpg\" data-width=\"2560\" data-height=\"1920\" aria-label=\"\" role=\"img\" ><\/div>\n\t\t\t\t\t\t\t\t\t\t\t\t\t\t<\/a>\n\t\t\t\t\t\t\t<a class=\"e-gallery-item elementor-gallery-item elementor-animated-content\" href=\"https:\/\/acrilart.hu\/wp-content\/uploads\/www.acrilart-hu_Baba-Mama_mosdo2-1-scaled.jpg\" data-elementor-open-lightbox=\"yes\" data-elementor-lightbox-slideshow=\"7f97603d\" data-elementor-lightbox-title=\"www.acrilart-hu_Baba-Mama_mosd\u00f32\" data-e-action-hash=\"#elementor-action%3Aaction%3Dlightbox%26settings%3DeyJpZCI6NDMwMywidXJsIjoiaHR0cHM6XC9cL2FjcmlsYXJ0Lmh1XC93cC1jb250ZW50XC91cGxvYWRzXC93d3cuYWNyaWxhcnQtaHVfQmFiYS1NYW1hX21vc2RvMi0xLXNjYWxlZC5qcGciLCJzbGlkZXNob3ciOiI3Zjk3NjAzZCJ9\">\n\t\t\t\t\t<div class=\"e-gallery-image elementor-gallery-item__image\" data-thumbnail=\"https:\/\/acrilart.hu\/wp-content\/uploads\/www.acrilart-hu_Baba-Mama_mosdo2-1-scaled.jpg\" data-width=\"1920\" data-height=\"2560\" aria-label=\"\" role=\"img\" ><\/div>\n\t\t\t\t\t\t\t\t\t\t\t\t\t\t<\/a>\n\t\t\t\t\t\t\t<a class=\"e-gallery-item elementor-gallery-item elementor-animated-content\" href=\"https:\/\/acrilart.hu\/wp-content\/uploads\/www.acrilart-hu_Baba-Mama_mosdo3-1-scaled.jpg\" data-elementor-open-lightbox=\"yes\" data-elementor-lightbox-slideshow=\"7f97603d\" data-elementor-lightbox-title=\"www.acrilart-hu_Baba-Mama_mosd\u00f33\" data-e-action-hash=\"#elementor-action%3Aaction%3Dlightbox%26settings%3DeyJpZCI6NDMwNCwidXJsIjoiaHR0cHM6XC9cL2FjcmlsYXJ0Lmh1XC93cC1jb250ZW50XC91cGxvYWRzXC93d3cuYWNyaWxhcnQtaHVfQmFiYS1NYW1hX21vc2RvMy0xLXNjYWxlZC5qcGciLCJzbGlkZXNob3ciOiI3Zjk3NjAzZCJ9\">\n\t\t\t\t\t<div class=\"e-gallery-image elementor-gallery-item__image\" data-thumbnail=\"https:\/\/acrilart.hu\/wp-content\/uploads\/www.acrilart-hu_Baba-Mama_mosdo3-1-scaled.jpg\" data-width=\"2560\" data-height=\"1920\" aria-label=\"\" role=\"img\" ><\/div>\n\t\t\t\t\t\t\t\t\t\t\t\t\t\t<\/a>\n\t\t\t\t\t\t\t<a class=\"e-gallery-item elementor-gallery-item elementor-animated-content\" href=\"https:\/\/acrilart.hu\/wp-content\/uploads\/www.acrilart-hu_Mosdopult_Borito-1-scaled.jpg\" data-elementor-open-lightbox=\"yes\" data-elementor-lightbox-slideshow=\"7f97603d\" data-elementor-lightbox-title=\"www.acrilart-hu_Mosd\u00f3pult_Bor\u00edt\u00f3\" data-e-action-hash=\"#elementor-action%3Aaction%3Dlightbox%26settings%3DeyJpZCI6NDMwNSwidXJsIjoiaHR0cHM6XC9cL2FjcmlsYXJ0Lmh1XC93cC1jb250ZW50XC91cGxvYWRzXC93d3cuYWNyaWxhcnQtaHVfTW9zZG9wdWx0X0Jvcml0by0xLXNjYWxlZC5qcGciLCJzbGlkZXNob3ciOiI3Zjk3NjAzZCJ9\">\n\t\t\t\t\t<div class=\"e-gallery-image elementor-gallery-item__image\" data-thumbnail=\"https:\/\/acrilart.hu\/wp-content\/uploads\/www.acrilart-hu_Mosdopult_Borito-1-scaled.jpg\" data-width=\"2560\" data-height=\"1920\" aria-label=\"\" role=\"img\" ><\/div>\n\t\t\t\t\t\t\t\t\t\t\t\t\t\t<\/a>\n\t\t\t\t\t\t\t<a class=\"e-gallery-item elementor-gallery-item elementor-animated-content\" href=\"https:\/\/acrilart.hu\/wp-content\/uploads\/www.acrilart-hu_Mosdopult1-1-scaled.jpg\" data-elementor-open-lightbox=\"yes\" data-elementor-lightbox-slideshow=\"7f97603d\" data-elementor-lightbox-title=\"www.acrilart-hu_Mosd\u00f3pult1\" data-e-action-hash=\"#elementor-action%3Aaction%3Dlightbox%26settings%3DeyJpZCI6NDMwNiwidXJsIjoiaHR0cHM6XC9cL2FjcmlsYXJ0Lmh1XC93cC1jb250ZW50XC91cGxvYWRzXC93d3cuYWNyaWxhcnQtaHVfTW9zZG9wdWx0MS0xLXNjYWxlZC5qcGciLCJzbGlkZXNob3ciOiI3Zjk3NjAzZCJ9\">\n\t\t\t\t\t<div class=\"e-gallery-image elementor-gallery-item__image\" data-thumbnail=\"https:\/\/acrilart.hu\/wp-content\/uploads\/www.acrilart-hu_Mosdopult1-1-scaled.jpg\" data-width=\"2560\" data-height=\"1778\" aria-label=\"\" role=\"img\" ><\/div>\n\t\t\t\t\t\t\t\t\t\t\t\t\t\t<\/a>\n\t\t\t\t\t\t\t<a class=\"e-gallery-item elementor-gallery-item elementor-animated-content\" href=\"https:\/\/acrilart.hu\/wp-content\/uploads\/www.acrilart-hu_Mosdopult2-1-scaled.jpg\" data-elementor-open-lightbox=\"yes\" data-elementor-lightbox-slideshow=\"7f97603d\" data-elementor-lightbox-title=\"www.acrilart-hu_Mosd\u00f3pult2\" data-e-action-hash=\"#elementor-action%3Aaction%3Dlightbox%26settings%3DeyJpZCI6NDMwNywidXJsIjoiaHR0cHM6XC9cL2FjcmlsYXJ0Lmh1XC93cC1jb250ZW50XC91cGxvYWRzXC93d3cuYWNyaWxhcnQtaHVfTW9zZG9wdWx0Mi0xLXNjYWxlZC5qcGciLCJzbGlkZXNob3ciOiI3Zjk3NjAzZCJ9\">\n\t\t\t\t\t<div class=\"e-gallery-image elementor-gallery-item__image\" data-thumbnail=\"https:\/\/acrilart.hu\/wp-content\/uploads\/www.acrilart-hu_Mosdopult2-1-scaled.jpg\" data-width=\"2560\" data-height=\"1920\" aria-label=\"\" role=\"img\" ><\/div>\n\t\t\t\t\t\t\t\t\t\t\t\t\t\t<\/a>\n\t\t\t\t\t\t\t<a class=\"e-gallery-item elementor-gallery-item elementor-animated-content\" href=\"https:\/\/acrilart.hu\/wp-content\/uploads\/www.acrilart-hu_Mosdopult3-1-scaled.jpg\" data-elementor-open-lightbox=\"yes\" data-elementor-lightbox-slideshow=\"7f97603d\" data-elementor-lightbox-title=\"www.acrilart-hu_Mosd\u00f3pult3\" data-e-action-hash=\"#elementor-action%3Aaction%3Dlightbox%26settings%3DeyJpZCI6NDMwOCwidXJsIjoiaHR0cHM6XC9cL2FjcmlsYXJ0Lmh1XC93cC1jb250ZW50XC91cGxvYWRzXC93d3cuYWNyaWxhcnQtaHVfTW9zZG9wdWx0My0xLXNjYWxlZC5qcGciLCJzbGlkZXNob3ciOiI3Zjk3NjAzZCJ9\">\n\t\t\t\t\t<div class=\"e-gallery-image elementor-gallery-item__image\" data-thumbnail=\"https:\/\/acrilart.hu\/wp-content\/uploads\/www.acrilart-hu_Mosdopult3-1-scaled.jpg\" data-width=\"1920\" data-height=\"2560\" aria-label=\"\" role=\"img\" ><\/div>\n\t\t\t\t\t\t\t\t\t\t\t\t\t\t<\/a>\n\t\t\t\t\t\t\t<a class=\"e-gallery-item elementor-gallery-item elementor-animated-content\" href=\"https:\/\/acrilart.hu\/wp-content\/uploads\/www.acrilart-hu_Mosdopult4-1-scaled.jpg\" data-elementor-open-lightbox=\"yes\" data-elementor-lightbox-slideshow=\"7f97603d\" data-elementor-lightbox-title=\"www.acrilart-hu_Mosd\u00f3pult4\" data-e-action-hash=\"#elementor-action%3Aaction%3Dlightbox%26settings%3DeyJpZCI6NDMwOSwidXJsIjoiaHR0cHM6XC9cL2FjcmlsYXJ0Lmh1XC93cC1jb250ZW50XC91cGxvYWRzXC93d3cuYWNyaWxhcnQtaHVfTW9zZG9wdWx0NC0xLXNjYWxlZC5qcGciLCJzbGlkZXNob3ciOiI3Zjk3NjAzZCJ9\">\n\t\t\t\t\t<div class=\"e-gallery-image elementor-gallery-item__image\" data-thumbnail=\"https:\/\/acrilart.hu\/wp-content\/uploads\/www.acrilart-hu_Mosdopult4-1-scaled.jpg\" data-width=\"2560\" data-height=\"1920\" aria-label=\"\" role=\"img\" ><\/div>\n\t\t\t\t\t\t\t\t\t\t\t\t\t\t<\/a>\n\t\t\t\t\t\t\t<a class=\"e-gallery-item elementor-gallery-item elementor-animated-content\" href=\"https:\/\/acrilart.hu\/wp-content\/uploads\/www.acrilart-hu_Mosdopult5-1-scaled.jpg\" data-elementor-open-lightbox=\"yes\" data-elementor-lightbox-slideshow=\"7f97603d\" data-elementor-lightbox-title=\"www.acrilart-hu_Mosd\u00f3pult5\" data-e-action-hash=\"#elementor-action%3Aaction%3Dlightbox%26settings%3DeyJpZCI6NDMxMCwidXJsIjoiaHR0cHM6XC9cL2FjcmlsYXJ0Lmh1XC93cC1jb250ZW50XC91cGxvYWRzXC93d3cuYWNyaWxhcnQtaHVfTW9zZG9wdWx0NS0xLXNjYWxlZC5qcGciLCJzbGlkZXNob3ciOiI3Zjk3NjAzZCJ9\">\n\t\t\t\t\t<div class=\"e-gallery-image elementor-gallery-item__image\" data-thumbnail=\"https:\/\/acrilart.hu\/wp-content\/uploads\/www.acrilart-hu_Mosdopult5-1-scaled.jpg\" data-width=\"2560\" data-height=\"1920\" aria-label=\"\" role=\"img\" ><\/div>\n\t\t\t\t\t\t\t\t\t\t\t\t\t\t<\/a>\n\t\t\t\t\t\t\t<a class=\"e-gallery-item elementor-gallery-item elementor-animated-content\" href=\"https:\/\/acrilart.hu\/wp-content\/uploads\/www.acrilart-hu_Mosdopult6-1-scaled.jpg\" data-elementor-open-lightbox=\"yes\" data-elementor-lightbox-slideshow=\"7f97603d\" data-elementor-lightbox-title=\"www.acrilart-hu_Mosd\u00f3pult6\" data-e-action-hash=\"#elementor-action%3Aaction%3Dlightbox%26settings%3DeyJpZCI6NDMxMSwidXJsIjoiaHR0cHM6XC9cL2FjcmlsYXJ0Lmh1XC93cC1jb250ZW50XC91cGxvYWRzXC93d3cuYWNyaWxhcnQtaHVfTW9zZG9wdWx0Ni0xLXNjYWxlZC5qcGciLCJzbGlkZXNob3ciOiI3Zjk3NjAzZCJ9\">\n\t\t\t\t\t<div class=\"e-gallery-image elementor-gallery-item__image\" data-thumbnail=\"https:\/\/acrilart.hu\/wp-content\/uploads\/www.acrilart-hu_Mosdopult6-1-scaled.jpg\" data-width=\"1920\" data-height=\"2560\" aria-label=\"\" role=\"img\" ><\/div>\n\t\t\t\t\t\t\t\t\t\t\t\t\t\t<\/a>\n\t\t\t\t\t\t\t<a class=\"e-gallery-item elementor-gallery-item elementor-animated-content\" href=\"https:\/\/acrilart.hu\/wp-content\/uploads\/www.acrilart-hu_Mosdopult7-1-scaled.jpg\" data-elementor-open-lightbox=\"yes\" data-elementor-lightbox-slideshow=\"7f97603d\" data-elementor-lightbox-title=\"www.acrilart-hu_Mosd\u00f3pult7\" data-e-action-hash=\"#elementor-action%3Aaction%3Dlightbox%26settings%3DeyJpZCI6NDMxMiwidXJsIjoiaHR0cHM6XC9cL2FjcmlsYXJ0Lmh1XC93cC1jb250ZW50XC91cGxvYWRzXC93d3cuYWNyaWxhcnQtaHVfTW9zZG9wdWx0Ny0xLXNjYWxlZC5qcGciLCJzbGlkZXNob3ciOiI3Zjk3NjAzZCJ9\">\n\t\t\t\t\t<div class=\"e-gallery-image elementor-gallery-item__image\" data-thumbnail=\"https:\/\/acrilart.hu\/wp-content\/uploads\/www.acrilart-hu_Mosdopult7-1-scaled.jpg\" data-width=\"2560\" data-height=\"1920\" aria-label=\"\" role=\"img\" ><\/div>\n\t\t\t\t\t\t\t\t\t\t\t\t\t\t<\/a>\n\t\t\t\t\t\t\t<a class=\"e-gallery-item elementor-gallery-item elementor-animated-content\" href=\"https:\/\/acrilart.hu\/wp-content\/uploads\/www.acrilart-hu_Mosdopult8-1-scaled.jpg\" data-elementor-open-lightbox=\"yes\" data-elementor-lightbox-slideshow=\"7f97603d\" data-elementor-lightbox-title=\"www.acrilart-hu_Mosd\u00f3pult8\" data-e-action-hash=\"#elementor-action%3Aaction%3Dlightbox%26settings%3DeyJpZCI6NDMxMywidXJsIjoiaHR0cHM6XC9cL2FjcmlsYXJ0Lmh1XC93cC1jb250ZW50XC91cGxvYWRzXC93d3cuYWNyaWxhcnQtaHVfTW9zZG9wdWx0OC0xLXNjYWxlZC5qcGciLCJzbGlkZXNob3ciOiI3Zjk3NjAzZCJ9\">\n\t\t\t\t\t<div class=\"e-gallery-image elementor-gallery-item__image\" data-thumbnail=\"https:\/\/acrilart.hu\/wp-content\/uploads\/www.acrilart-hu_Mosdopult8-1-scaled.jpg\" data-width=\"2560\" data-height=\"1920\" aria-label=\"\" role=\"img\" ><\/div>\n\t\t\t\t\t\t\t\t\t\t\t\t\t\t<\/a>\n\t\t\t\t\t\t\t<a class=\"e-gallery-item elementor-gallery-item elementor-animated-content\" href=\"https:\/\/acrilart.hu\/wp-content\/uploads\/www.acrilart-hu_Mosdopult9-1-scaled.jpg\" data-elementor-open-lightbox=\"yes\" data-elementor-lightbox-slideshow=\"7f97603d\" data-elementor-lightbox-title=\"www.acrilart-hu_Mosd\u00f3pult9\" data-e-action-hash=\"#elementor-action%3Aaction%3Dlightbox%26settings%3DeyJpZCI6NDMxNCwidXJsIjoiaHR0cHM6XC9cL2FjcmlsYXJ0Lmh1XC93cC1jb250ZW50XC91cGxvYWRzXC93d3cuYWNyaWxhcnQtaHVfTW9zZG9wdWx0OS0xLXNjYWxlZC5qcGciLCJzbGlkZXNob3ciOiI3Zjk3NjAzZCJ9\">\n\t\t\t\t\t<div class=\"e-gallery-image elementor-gallery-item__image\" data-thumbnail=\"https:\/\/acrilart.hu\/wp-content\/uploads\/www.acrilart-hu_Mosdopult9-1-scaled.jpg\" data-width=\"1920\" data-height=\"2560\" aria-label=\"\" role=\"img\" ><\/div>\n\t\t\t\t\t\t\t\t\t\t\t\t\t\t<\/a>\n\t\t\t\t\t\t\t<a class=\"e-gallery-item elementor-gallery-item elementor-animated-content\" href=\"https:\/\/acrilart.hu\/wp-content\/uploads\/www.acrilart-hu_Mosdopult10-1-scaled.jpg\" data-elementor-open-lightbox=\"yes\" data-elementor-lightbox-slideshow=\"7f97603d\" data-elementor-lightbox-title=\"www.acrilart-hu_Mosd\u00f3pult10\" data-e-action-hash=\"#elementor-action%3Aaction%3Dlightbox%26settings%3DeyJpZCI6NDMxNSwidXJsIjoiaHR0cHM6XC9cL2FjcmlsYXJ0Lmh1XC93cC1jb250ZW50XC91cGxvYWRzXC93d3cuYWNyaWxhcnQtaHVfTW9zZG9wdWx0MTAtMS1zY2FsZWQuanBnIiwic2xpZGVzaG93IjoiN2Y5NzYwM2QifQ%3D%3D\">\n\t\t\t\t\t<div class=\"e-gallery-image elementor-gallery-item__image\" data-thumbnail=\"https:\/\/acrilart.hu\/wp-content\/uploads\/www.acrilart-hu_Mosdopult10-1-scaled.jpg\" data-width=\"2560\" data-height=\"1920\" aria-label=\"\" role=\"img\" ><\/div>\n\t\t\t\t\t\t\t\t\t\t\t\t\t\t<\/a>\n\t\t\t\t\t\t\t<a class=\"e-gallery-item elementor-gallery-item elementor-animated-content\" href=\"https:\/\/acrilart.hu\/wp-content\/uploads\/www.acrilart-hu_Mosdopult11-1-scaled.jpg\" data-elementor-open-lightbox=\"yes\" data-elementor-lightbox-slideshow=\"7f97603d\" data-elementor-lightbox-title=\"www.acrilart-hu_Mosd\u00f3pult11\" data-e-action-hash=\"#elementor-action%3Aaction%3Dlightbox%26settings%3DeyJpZCI6NDMxNiwidXJsIjoiaHR0cHM6XC9cL2FjcmlsYXJ0Lmh1XC93cC1jb250ZW50XC91cGxvYWRzXC93d3cuYWNyaWxhcnQtaHVfTW9zZG9wdWx0MTEtMS1zY2FsZWQuanBnIiwic2xpZGVzaG93IjoiN2Y5NzYwM2QifQ%3D%3D\">\n\t\t\t\t\t<div class=\"e-gallery-image elementor-gallery-item__image\" data-thumbnail=\"https:\/\/acrilart.hu\/wp-content\/uploads\/www.acrilart-hu_Mosdopult11-1-scaled.jpg\" data-width=\"2560\" data-height=\"1920\" aria-label=\"\" role=\"img\" ><\/div>\n\t\t\t\t\t\t\t\t\t\t\t\t\t\t<\/a>\n\t\t\t\t\t\t\t<a class=\"e-gallery-item elementor-gallery-item elementor-animated-content\" href=\"https:\/\/acrilart.hu\/wp-content\/uploads\/www.acrilart-hu_Mosdopult12-1-scaled.jpg\" data-elementor-open-lightbox=\"yes\" data-elementor-lightbox-slideshow=\"7f97603d\" data-elementor-lightbox-title=\"www.acrilart-hu_Mosd\u00f3pult12\" data-e-action-hash=\"#elementor-action%3Aaction%3Dlightbox%26settings%3DeyJpZCI6NDMxNywidXJsIjoiaHR0cHM6XC9cL2FjcmlsYXJ0Lmh1XC93cC1jb250ZW50XC91cGxvYWRzXC93d3cuYWNyaWxhcnQtaHVfTW9zZG9wdWx0MTItMS1zY2FsZWQuanBnIiwic2xpZGVzaG93IjoiN2Y5NzYwM2QifQ%3D%3D\">\n\t\t\t\t\t<div class=\"e-gallery-image elementor-gallery-item__image\" data-thumbnail=\"https:\/\/acrilart.hu\/wp-content\/uploads\/www.acrilart-hu_Mosdopult12-1-scaled.jpg\" data-width=\"2560\" data-height=\"1920\" aria-label=\"\" role=\"img\" ><\/div>\n\t\t\t\t\t\t\t\t\t\t\t\t\t\t<\/a>\n\t\t\t\t\t<\/div>\n\t\t\t\t\t<\/div>\n\t\t\t\t<\/div>\n\t\t\t\t\t<\/div>\n\t\t<\/div>\n\t\t\t\t\t<\/div>\n\t\t<\/section>\n\t\t\t\t<\/div>","protected":false},"excerpt":{"rendered":"<p>ETO Park, Gy\u0151r<\/p>","protected":false},"author":3,"featured_media":0,"parent":700,"menu_order":0,"comment_status":"closed","ping_status":"closed","template":"elementor_header_footer","meta":{"footnotes":""},"class_list":["post-4299","page","type-page","status-publish","hentry"],"_links":{"self":[{"href":"https:\/\/acrilart.hu\/en\/wp-json\/wp\/v2\/pages\/4299","targetHints":{"allow":["GET"]}}],"collection":[{"href":"https:\/\/acrilart.hu\/en\/wp-json\/wp\/v2\/pages"}],"about":[{"href":"https:\/\/acrilart.hu\/en\/wp-json\/wp\/v2\/types\/page"}],"author":[{"embeddable":true,"href":"https:\/\/acrilart.hu\/en\/wp-json\/wp\/v2\/users\/3"}],"replies":[{"embeddable":true,"href":"https:\/\/acrilart.hu\/en\/wp-json\/wp\/v2\/comments?post=4299"}],"version-history":[{"count":4,"href":"https:\/\/acrilart.hu\/en\/wp-json\/wp\/v2\/pages\/4299\/revisions"}],"predecessor-version":[{"id":4320,"href":"https:\/\/acrilart.hu\/en\/wp-json\/wp\/v2\/pages\/4299\/revisions\/4320"}],"up":[{"embeddable":true,"href":"https:\/\/acrilart.hu\/en\/wp-json\/wp\/v2\/pages\/700"}],"wp:attachment":[{"href":"https:\/\/acrilart.hu\/en\/wp-json\/wp\/v2\/media?parent=4299"}],"curies":[{"name":"wp","href":"https:\/\/api.w.org\/{rel}","templated":true}]}}