{"id":3663,"date":"2023-04-17T15:47:30","date_gmt":"2023-04-17T15:47:30","guid":{"rendered":"https:\/\/acrilart.hu\/?page_id=3663"},"modified":"2023-06-20T16:01:12","modified_gmt":"2023-06-20T16:01:12","slug":"termekek","status":"publish","type":"page","link":"https:\/\/acrilart.hu\/en\/termekek\/","title":{"rendered":"Products"},"content":{"rendered":"<div data-elementor-type=\"wp-page\" data-elementor-id=\"3663\" class=\"elementor elementor-3663\" data-elementor-post-type=\"page\">\n\t\t\t\t<div class=\"elementor-element elementor-element-99a8164 e-con-full e-flex e-con e-parent\" data-id=\"99a8164\" data-element_type=\"container\" data-e-type=\"container\" data-settings=\"{&quot;jet_parallax_layout_list&quot;:[],&quot;background_background&quot;:&quot;classic&quot;}\">\n\t\t<div class=\"elementor-element elementor-element-2f43419 e-con-full e-flex e-con e-child\" data-id=\"2f43419\" data-element_type=\"container\" data-e-type=\"container\" data-settings=\"{&quot;jet_parallax_layout_list&quot;:[]}\">\n\t\t\t\t<div class=\"elementor-element elementor-element-8322246 elementor-position-top elementor-widget elementor-widget-image-box\" data-id=\"8322246\" data-element_type=\"widget\" data-e-type=\"widget\" data-widget_type=\"image-box.default\">\n\t\t\t\t<div class=\"elementor-widget-container\">\n\t\t\t\t\t<div class=\"elementor-image-box-wrapper\"><figure class=\"elementor-image-box-img\"><a href=\"https:\/\/acrilart.hu\/en\/termekek\/furdokadak\/\" tabindex=\"-1\"><img fetchpriority=\"high\" decoding=\"async\" width=\"980\" height=\"908\" src=\"https:\/\/acrilart.hu\/wp-content\/uploads\/www.acrilart.hu_FURDOKAD.jpg\" class=\"attachment-2048x2048 size-2048x2048 wp-image-3808\" alt=\"\" srcset=\"https:\/\/acrilart.hu\/wp-content\/uploads\/www.acrilart.hu_FURDOKAD.jpg 980w, https:\/\/acrilart.hu\/wp-content\/uploads\/www.acrilart.hu_FURDOKAD-768x712.jpg 768w, https:\/\/acrilart.hu\/wp-content\/uploads\/www.acrilart.hu_FURDOKAD-600x556.jpg 600w\" sizes=\"(max-width: 980px) 100vw, 980px\" \/><\/a><\/figure><div class=\"elementor-image-box-content\"><h3 class=\"elementor-image-box-title\"><a href=\"https:\/\/acrilart.hu\/en\/termekek\/furdokadak\/\">Bathtubs<\/a><\/h3><\/div><\/div>\t\t\t\t<\/div>\n\t\t\t\t<\/div>\n\t\t\t\t<\/div>\n\t\t<div class=\"elementor-element elementor-element-f21a2cb e-con-full e-flex e-con e-child\" data-id=\"f21a2cb\" data-element_type=\"container\" data-e-type=\"container\" data-settings=\"{&quot;jet_parallax_layout_list&quot;:[]}\">\n\t\t\t\t<div class=\"elementor-element elementor-element-b10edf8 elementor-position-top elementor-widget elementor-widget-image-box\" data-id=\"b10edf8\" data-element_type=\"widget\" data-e-type=\"widget\" data-widget_type=\"image-box.default\">\n\t\t\t\t<div class=\"elementor-widget-container\">\n\t\t\t\t\t<div class=\"elementor-image-box-wrapper\"><figure class=\"elementor-image-box-img\"><a href=\"https:\/\/acrilart.hu\/en\/termekek\/mosdokagylok\/\" tabindex=\"-1\"><img decoding=\"async\" width=\"735\" height=\"735\" src=\"https:\/\/acrilart.hu\/wp-content\/uploads\/www.acrilart.hu_termekek_mosdokagylo.jpg\" class=\"attachment-2048x2048 size-2048x2048 wp-image-3829\" alt=\"\" srcset=\"https:\/\/acrilart.hu\/wp-content\/uploads\/www.acrilart.hu_termekek_mosdokagylo.jpg 735w, https:\/\/acrilart.hu\/wp-content\/uploads\/www.acrilart.hu_termekek_mosdokagylo-300x300.jpg 300w, https:\/\/acrilart.hu\/wp-content\/uploads\/www.acrilart.hu_termekek_mosdokagylo-600x600.jpg 600w, https:\/\/acrilart.hu\/wp-content\/uploads\/www.acrilart.hu_termekek_mosdokagylo-100x100.jpg 100w\" sizes=\"(max-width: 735px) 100vw, 735px\" \/><\/a><\/figure><div class=\"elementor-image-box-content\"><h3 class=\"elementor-image-box-title\"><a href=\"https:\/\/acrilart.hu\/en\/termekek\/mosdokagylok\/\">Washbasins<\/a><\/h3><\/div><\/div>\t\t\t\t<\/div>\n\t\t\t\t<\/div>\n\t\t\t\t<\/div>\n\t\t<div class=\"elementor-element elementor-element-f587df6 e-con-full e-flex e-con e-child\" data-id=\"f587df6\" data-element_type=\"container\" data-e-type=\"container\" data-settings=\"{&quot;jet_parallax_layout_list&quot;:[]}\">\n\t\t\t\t<div class=\"elementor-element elementor-element-6f69de5 elementor-position-top elementor-widget elementor-widget-image-box\" data-id=\"6f69de5\" data-element_type=\"widget\" data-e-type=\"widget\" data-widget_type=\"image-box.default\">\n\t\t\t\t<div class=\"elementor-widget-container\">\n\t\t\t\t\t<div class=\"elementor-image-box-wrapper\"><figure class=\"elementor-image-box-img\"><a href=\"https:\/\/acrilart.hu\/en\/termekek\/mosogatokagylok\/\" tabindex=\"-1\"><img decoding=\"async\" width=\"1487\" height=\"1487\" src=\"https:\/\/acrilart.hu\/wp-content\/uploads\/www.acrilart.hu_MOSOGATO.jpg\" class=\"attachment-full size-full wp-image-3810\" alt=\"\" srcset=\"https:\/\/acrilart.hu\/wp-content\/uploads\/www.acrilart.hu_MOSOGATO.jpg 1487w, https:\/\/acrilart.hu\/wp-content\/uploads\/www.acrilart.hu_MOSOGATO-768x768.jpg 768w, https:\/\/acrilart.hu\/wp-content\/uploads\/www.acrilart.hu_MOSOGATO-300x300.jpg 300w, https:\/\/acrilart.hu\/wp-content\/uploads\/www.acrilart.hu_MOSOGATO-600x600.jpg 600w, https:\/\/acrilart.hu\/wp-content\/uploads\/www.acrilart.hu_MOSOGATO-100x100.jpg 100w\" sizes=\"(max-width: 1487px) 100vw, 1487px\" \/><\/a><\/figure><div class=\"elementor-image-box-content\"><h3 class=\"elementor-image-box-title\"><a href=\"https:\/\/acrilart.hu\/en\/termekek\/mosogatokagylok\/\">Sinks<\/a><\/h3><\/div><\/div>\t\t\t\t<\/div>\n\t\t\t\t<\/div>\n\t\t\t\t<\/div>\n\t\t<div class=\"elementor-element elementor-element-0d9e932 e-con-full e-flex e-con e-child\" data-id=\"0d9e932\" data-element_type=\"container\" data-e-type=\"container\" data-settings=\"{&quot;jet_parallax_layout_list&quot;:[]}\">\n\t\t\t\t<div class=\"elementor-element elementor-element-b2198da elementor-position-top elementor-widget elementor-widget-image-box\" data-id=\"b2198da\" data-element_type=\"widget\" data-e-type=\"widget\" data-widget_type=\"image-box.default\">\n\t\t\t\t<div class=\"elementor-widget-container\">\n\t\t\t\t\t<div class=\"elementor-image-box-wrapper\"><figure class=\"elementor-image-box-img\"><a href=\"https:\/\/acrilart.hu\/en\/termekek\/specialis\/\" tabindex=\"-1\"><img loading=\"lazy\" decoding=\"async\" width=\"455\" height=\"455\" src=\"https:\/\/acrilart.hu\/wp-content\/uploads\/www.acrilart.hu_SPECIALIS.jpg\" class=\"attachment-full size-full wp-image-3811\" alt=\"\" srcset=\"https:\/\/acrilart.hu\/wp-content\/uploads\/www.acrilart.hu_SPECIALIS.jpg 455w, https:\/\/acrilart.hu\/wp-content\/uploads\/www.acrilart.hu_SPECIALIS-300x300.jpg 300w, https:\/\/acrilart.hu\/wp-content\/uploads\/www.acrilart.hu_SPECIALIS-100x100.jpg 100w\" sizes=\"(max-width: 455px) 100vw, 455px\" \/><\/a><\/figure><div class=\"elementor-image-box-content\"><h3 class=\"elementor-image-box-title\"><a href=\"https:\/\/acrilart.hu\/en\/termekek\/specialis\/\">Speci\u00e1lis term\u00e9kek<\/a><\/h3><\/div><\/div>\t\t\t\t<\/div>\n\t\t\t\t<\/div>\n\t\t\t\t<\/div>\n\t\t\t\t<\/div>\n\t\t<div class=\"elementor-element elementor-element-cb05fa6 e-con-full e-flex e-con e-parent\" data-id=\"cb05fa6\" data-element_type=\"container\" data-e-type=\"container\" data-settings=\"{&quot;jet_parallax_layout_list&quot;:[],&quot;background_background&quot;:&quot;classic&quot;}\">\n\t\t\t\t<div class=\"elementor-element elementor-element-19cda0c elementor-position-inline-end elementor-view-default elementor-mobile-position-block-start elementor-widget elementor-widget-icon-box\" data-id=\"19cda0c\" data-element_type=\"widget\" data-e-type=\"widget\" data-widget_type=\"icon-box.default\">\n\t\t\t\t<div class=\"elementor-widget-container\">\n\t\t\t\t\t\t\t<div class=\"elementor-icon-box-wrapper\">\n\n\t\t\t\t\t\t<div class=\"elementor-icon-box-icon\">\n\t\t\t\t<a href=\"https:\/\/acrilart.hu\/en\/termekek\/tablameret\/\" class=\"elementor-icon\" tabindex=\"-1\" aria-label=\"Acr\u00edlic sheets\">\n\t\t\t\t<i aria-hidden=\"true\" class=\"fas fa-chevron-right\"><\/i>\t\t\t\t<\/a>\n\t\t\t<\/div>\n\t\t\t\n\t\t\t\t\t\t<div class=\"elementor-icon-box-content\">\n\n\t\t\t\t\t\t\t\t\t<h3 class=\"elementor-icon-box-title\">\n\t\t\t\t\t\t<a href=\"https:\/\/acrilart.hu\/en\/termekek\/tablameret\/\" >\n\t\t\t\t\t\t\tAcr\u00edlic sheets\t\t\t\t\t\t<\/a>\n\t\t\t\t\t<\/h3>\n\t\t\t\t\n\t\t\t\t\n\t\t\t<\/div>\n\t\t\t\n\t\t<\/div>\n\t\t\t\t\t\t<\/div>\n\t\t\t\t<\/div>\n\t\t\t\t<\/div>\n\t\t\t\t<section class=\"elementor-section elementor-top-section elementor-element elementor-element-272bcb9a elementor-section-full_width elementor-section-height-default elementor-section-height-default\" data-id=\"272bcb9a\" data-element_type=\"section\" data-e-type=\"section\" data-settings=\"{&quot;jet_parallax_layout_list&quot;:[]}\">\n\t\t\t\t\t\t\t<div class=\"elementor-background-overlay\"><\/div>\n\t\t\t\t\t\t\t<div class=\"elementor-container elementor-column-gap-default\">\n\t\t\t\t\t<div class=\"elementor-column elementor-col-100 elementor-top-column elementor-element elementor-element-23fed9d3\" data-id=\"23fed9d3\" data-element_type=\"column\" data-e-type=\"column\">\n\t\t\t<div class=\"elementor-widget-wrap elementor-element-populated\">\n\t\t\t\t\t\t<div class=\"elementor-element elementor-element-233b6490 elementor-widget elementor-widget-template\" data-id=\"233b6490\" data-element_type=\"widget\" data-e-type=\"widget\" data-widget_type=\"template.default\">\n\t\t\t\t<div class=\"elementor-widget-container\">\n\t\t\t\t\t\t\t<div class=\"elementor-template\">\n\t\t\t\t\t<div data-elementor-type=\"section\" data-elementor-id=\"2161\" class=\"elementor elementor-2161\" data-elementor-post-type=\"elementor_library\">\n\t\t\t\t\t<section class=\"elementor-section elementor-top-section elementor-element elementor-element-c6385fc elementor-section-boxed elementor-section-height-default elementor-section-height-default\" data-id=\"c6385fc\" data-element_type=\"section\" data-e-type=\"section\" data-settings=\"{&quot;jet_parallax_layout_list&quot;:[],&quot;background_background&quot;:&quot;classic&quot;}\">\n\t\t\t\t\t\t<div class=\"elementor-container elementor-column-gap-default\">\n\t\t\t\t\t<div class=\"elementor-column elementor-col-100 elementor-top-column elementor-element elementor-element-04cd1be\" data-id=\"04cd1be\" data-element_type=\"column\" data-e-type=\"column\">\n\t\t\t<div class=\"elementor-widget-wrap elementor-element-populated\">\n\t\t\t\t\t\t<div class=\"elementor-element elementor-element-7bc648a elementor-widget elementor-widget-heading\" data-id=\"7bc648a\" data-element_type=\"widget\" data-e-type=\"widget\" data-widget_type=\"heading.default\">\n\t\t\t\t<div class=\"elementor-widget-container\">\n\t\t\t\t\t<h1 class=\"elementor-heading-title elementor-size-default\">Acril Art<\/h1>\t\t\t\t<\/div>\n\t\t\t\t<\/div>\n\t\t\t\t\t<\/div>\n\t\t<\/div>\n\t\t\t\t\t<\/div>\n\t\t<\/section>\n\t\t<div class=\"elementor-element elementor-element-6911fe3 e-flex e-con-boxed e-con e-parent\" data-id=\"6911fe3\" data-element_type=\"container\" data-e-type=\"container\" id=\"footer\" data-settings=\"{&quot;jet_parallax_layout_list&quot;:[],&quot;background_background&quot;:&quot;classic&quot;}\">\n\t\t\t\t\t<div class=\"e-con-inner\">\n\t\t<div class=\"elementor-element elementor-element-9e04443 e-con-full e-flex e-con e-child\" data-id=\"9e04443\" data-element_type=\"container\" data-e-type=\"container\" data-settings=\"{&quot;jet_parallax_layout_list&quot;:[]}\">\n\t\t<div class=\"elementor-element elementor-element-2e27b3b e-con-full e-flex e-con e-child\" data-id=\"2e27b3b\" data-element_type=\"container\" data-e-type=\"container\" data-settings=\"{&quot;jet_parallax_layout_list&quot;:[]}\">\n\t\t<div class=\"elementor-element elementor-element-20af9b2 e-con-full e-flex e-con e-child\" data-id=\"20af9b2\" data-element_type=\"container\" data-e-type=\"container\" data-settings=\"{&quot;jet_parallax_layout_list&quot;:[]}\">\n\t\t\t\t<div class=\"elementor-element elementor-element-edfbadc elementor-widget elementor-widget-image\" data-id=\"edfbadc\" data-element_type=\"widget\" data-e-type=\"widget\" data-widget_type=\"image.default\">\n\t\t\t\t<div class=\"elementor-widget-container\">\n\t\t\t\t\t\t\t\t\t\t\t\t\t\t\t\t<a href=\"https:\/\/acrilart.hu\/en\/\">\n\t\t\t\t\t\t\t<img loading=\"lazy\" decoding=\"async\" width=\"103\" height=\"103\" src=\"https:\/\/acrilart.hu\/wp-content\/uploads\/acril100.fw_.png\" class=\"attachment-large size-large wp-image-280\" alt=\"\" srcset=\"https:\/\/acrilart.hu\/wp-content\/uploads\/acril100.fw_.png 103w, https:\/\/acrilart.hu\/wp-content\/uploads\/acril100.fw_-100x100.png 100w\" sizes=\"(max-width: 103px) 100vw, 103px\" \/>\t\t\t\t\t\t\t\t<\/a>\n\t\t\t\t\t\t\t\t\t\t\t\t\t\t\t<\/div>\n\t\t\t\t<\/div>\n\t\t\t\t<\/div>\n\t\t<div class=\"elementor-element elementor-element-ac1ecec e-con-full e-flex e-con e-child\" data-id=\"ac1ecec\" data-element_type=\"container\" data-e-type=\"container\" data-settings=\"{&quot;jet_parallax_layout_list&quot;:[]}\">\n\t\t\t\t<div class=\"elementor-element elementor-element-af6731d elementor-widget elementor-widget-heading\" data-id=\"af6731d\" data-element_type=\"widget\" data-e-type=\"widget\" data-widget_type=\"heading.default\">\n\t\t\t\t<div class=\"elementor-widget-container\">\n\t\t\t\t\t<h4 class=\"elementor-heading-title elementor-size-default\">Our Catalogues<\/h4>\t\t\t\t<\/div>\n\t\t\t\t<\/div>\n\t\t\t\t<div class=\"elementor-element elementor-element-166e162 elementor-widget elementor-widget-text-editor\" data-id=\"166e162\" data-element_type=\"widget\" data-e-type=\"widget\" data-widget_type=\"text-editor.default\">\n\t\t\t\t<div class=\"elementor-widget-container\">\n\t\t\t\t\t\t\t\t\t<p><a href=\"https:\/\/acrilart.hu\/wp-content\/uploads\/Acrilart-Minikatalogus-2022.pdf\" target=\"_blank\" rel=\"noopener\">Washbasin Catalogue<\/a><\/p><p><a href=\"https:\/\/acrilart.hu\/wp-content\/uploads\/acrilart_portfolio_2023.pdf\">Portfolio<\/a><\/p>\t\t\t\t\t\t\t\t<\/div>\n\t\t\t\t<\/div>\n\t\t\t\t<div class=\"elementor-element elementor-element-d223a6e elementor-shape-circle e-grid-align-left elementor-grid-0 elementor-widget elementor-widget-social-icons\" data-id=\"d223a6e\" data-element_type=\"widget\" data-e-type=\"widget\" data-widget_type=\"social-icons.default\">\n\t\t\t\t<div class=\"elementor-widget-container\">\n\t\t\t\t\t\t\t<div class=\"elementor-social-icons-wrapper elementor-grid\" role=\"list\">\n\t\t\t\t\t\t\t<span class=\"elementor-grid-item\" role=\"listitem\">\n\t\t\t\t\t<a class=\"elementor-icon elementor-social-icon elementor-social-icon-instagram elementor-repeater-item-eff4730\" href=\"https:\/\/www.instagram.com\/acrilartgroup\/\" target=\"_blank\">\n\t\t\t\t\t\t<span class=\"elementor-screen-only\">Instagram<\/span>\n\t\t\t\t\t\t<i aria-hidden=\"true\" class=\"fab fa-instagram\"><\/i>\t\t\t\t\t<\/a>\n\t\t\t\t<\/span>\n\t\t\t\t\t\t\t<span class=\"elementor-grid-item\" role=\"listitem\">\n\t\t\t\t\t<a class=\"elementor-icon elementor-social-icon elementor-social-icon-facebook elementor-repeater-item-59d95f8\" href=\"https:\/\/www.facebook.com\/acrilartgroup\" target=\"_blank\">\n\t\t\t\t\t\t<span class=\"elementor-screen-only\">Facebook<\/span>\n\t\t\t\t\t\t<i aria-hidden=\"true\" class=\"fab fa-facebook\"><\/i>\t\t\t\t\t<\/a>\n\t\t\t\t<\/span>\n\t\t\t\t\t<\/div>\n\t\t\t\t\t\t<\/div>\n\t\t\t\t<\/div>\n\t\t\t\t<\/div>\n\t\t<div class=\"elementor-element elementor-element-f0287e9 e-con-full e-flex e-con e-child\" data-id=\"f0287e9\" data-element_type=\"container\" data-e-type=\"container\" data-settings=\"{&quot;jet_parallax_layout_list&quot;:[]}\">\n\t\t\t\t<div class=\"elementor-element elementor-element-92fe10e elementor-widget elementor-widget-heading\" data-id=\"92fe10e\" data-element_type=\"widget\" data-e-type=\"widget\" data-widget_type=\"heading.default\">\n\t\t\t\t<div class=\"elementor-widget-container\">\n\t\t\t\t\t<h4 class=\"elementor-heading-title elementor-size-default\">Contact<\/h4>\t\t\t\t<\/div>\n\t\t\t\t<\/div>\n\t\t\t\t<div class=\"elementor-element elementor-element-377a9ea elementor-widget elementor-widget-text-editor\" data-id=\"377a9ea\" data-element_type=\"widget\" data-e-type=\"widget\" data-widget_type=\"text-editor.default\">\n\t\t\t\t<div class=\"elementor-widget-container\">\n\t\t\t\t\t\t\t\t\t<p><a href=\"mailto:titkarsag@acrilart.hu\">titkarsag@acrilart.hu<\/a><\/p><p><a href=\"mailto:marketing@acrilart.hu\">Our e-mail adresses:<\/a><\/p><p><a href=\"callto:+36304760288\">+36 30 476 0288<\/a><\/p><p><a href=\"callto:+36 30 616 7697\">+36 30 616 7697<\/a><\/p>\t\t\t\t\t\t\t\t<\/div>\n\t\t\t\t<\/div>\n\t\t\t\t<\/div>\n\t\t\t\t<\/div>\n\t\t\t\t<\/div>\n\t\t\t\t\t<\/div>\n\t\t\t\t<\/div>\n\t\t\t\t<\/div>\n\t\t\t\t<\/div>\n\t\t\t\t\t\t<\/div>\n\t\t\t\t<\/div>\n\t\t\t\t\t<\/div>\n\t\t<\/div>\n\t\t\t\t\t<\/div>\n\t\t<\/section>\n\t\t\t\t<\/div>","protected":false},"excerpt":{"rendered":"<p>F\u00fcrd\u0151k\u00e1dak Mosd\u00f3kagyl\u00f3k Mosogat\u00f3kagyl\u00f3k Speci\u00e1lis term\u00e9kek Akril t\u00e1bl\u00e1k<\/p>","protected":false},"author":2,"featured_media":0,"parent":0,"menu_order":0,"comment_status":"closed","ping_status":"closed","template":"elementor_header_footer","meta":{"footnotes":""},"class_list":["post-3663","page","type-page","status-publish","hentry"],"_links":{"self":[{"href":"https:\/\/acrilart.hu\/en\/wp-json\/wp\/v2\/pages\/3663","targetHints":{"allow":["GET"]}}],"collection":[{"href":"https:\/\/acrilart.hu\/en\/wp-json\/wp\/v2\/pages"}],"about":[{"href":"https:\/\/acrilart.hu\/en\/wp-json\/wp\/v2\/types\/page"}],"author":[{"embeddable":true,"href":"https:\/\/acrilart.hu\/en\/wp-json\/wp\/v2\/users\/2"}],"replies":[{"embeddable":true,"href":"https:\/\/acrilart.hu\/en\/wp-json\/wp\/v2\/comments?post=3663"}],"version-history":[{"count":68,"href":"https:\/\/acrilart.hu\/en\/wp-json\/wp\/v2\/pages\/3663\/revisions"}],"predecessor-version":[{"id":4570,"href":"https:\/\/acrilart.hu\/en\/wp-json\/wp\/v2\/pages\/3663\/revisions\/4570"}],"wp:attachment":[{"href":"https:\/\/acrilart.hu\/en\/wp-json\/wp\/v2\/media?parent=3663"}],"curies":[{"name":"wp","href":"https:\/\/api.w.org\/{rel}","templated":true}]}}