{"id":1569,"date":"2022-11-15T18:45:07","date_gmt":"2022-11-15T18:45:07","guid":{"rendered":"https:\/\/acrilart.hu\/kosar\/"},"modified":"2023-03-05T13:18:09","modified_gmt":"2023-03-05T13:18:09","slug":"kosar","status":"publish","type":"page","link":"https:\/\/acrilart.hu\/en\/kosar\/","title":{"rendered":"Kos\u00e1r"},"content":{"rendered":"<div data-elementor-type=\"wp-page\" data-elementor-id=\"1569\" class=\"elementor elementor-1569\" data-elementor-post-type=\"page\">\n\t\t\t\t\t\t<section class=\"elementor-section elementor-top-section elementor-element elementor-element-eb6613c elementor-section-boxed elementor-section-height-default elementor-section-height-default\" data-id=\"eb6613c\" data-element_type=\"section\" data-e-type=\"section\" data-settings=\"{&quot;jet_parallax_layout_list&quot;:[],&quot;background_background&quot;:&quot;classic&quot;}\">\n\t\t\t\t\t\t<div class=\"elementor-container elementor-column-gap-default\">\n\t\t\t\t\t<div class=\"elementor-column elementor-col-100 elementor-top-column elementor-element elementor-element-d806dc6\" data-id=\"d806dc6\" data-element_type=\"column\" data-e-type=\"column\">\n\t\t\t<div class=\"elementor-widget-wrap elementor-element-populated\">\n\t\t\t\t\t\t<div class=\"elementor-element elementor-element-7b3a3d1 elementor-widget elementor-widget-heading\" data-id=\"7b3a3d1\" data-element_type=\"widget\" data-e-type=\"widget\" data-widget_type=\"heading.default\">\n\t\t\t\t<div class=\"elementor-widget-container\">\n\t\t\t\t\t<h2 class=\"elementor-heading-title elementor-size-default\">Request for quotation<\/h2>\t\t\t\t<\/div>\n\t\t\t\t<\/div>\n\t\t\t\t\t<\/div>\n\t\t<\/div>\n\t\t\t\t\t<\/div>\n\t\t<\/section>\n\t\t\t\t<section class=\"elementor-section elementor-top-section elementor-element elementor-element-eb68f5b elementor-section-boxed elementor-section-height-default elementor-section-height-default\" data-id=\"eb68f5b\" data-element_type=\"section\" data-e-type=\"section\" data-settings=\"{&quot;jet_parallax_layout_list&quot;:[],&quot;background_background&quot;:&quot;classic&quot;}\">\n\t\t\t\t\t\t<div class=\"elementor-container elementor-column-gap-default\">\n\t\t\t\t\t<div class=\"elementor-column elementor-col-100 elementor-top-column elementor-element elementor-element-965ad94\" data-id=\"965ad94\" data-element_type=\"column\" data-e-type=\"column\">\n\t\t\t<div class=\"elementor-widget-wrap elementor-element-populated\">\n\t\t\t\t\t\t\t<\/div>\n\t\t<\/div>\n\t\t\t\t\t<\/div>\n\t\t<\/section>\n\t\t\t\t<section class=\"elementor-section elementor-top-section elementor-element elementor-element-40c6c3d8 elementor-section-full_width elementor-section-height-default elementor-section-height-default\" data-id=\"40c6c3d8\" data-element_type=\"section\" data-e-type=\"section\" data-settings=\"{&quot;jet_parallax_layout_list&quot;:[]}\">\n\t\t\t\t\t\t<div class=\"elementor-container elementor-column-gap-default\">\n\t\t\t\t\t<div class=\"elementor-column elementor-col-100 elementor-top-column elementor-element elementor-element-48807dc1\" data-id=\"48807dc1\" data-element_type=\"column\" data-e-type=\"column\">\n\t\t\t<div class=\"elementor-widget-wrap elementor-element-populated\">\n\t\t\t\t\t\t<div class=\"elementor-element elementor-element-6640b5d4 elementor-widget elementor-widget-template\" data-id=\"6640b5d4\" data-element_type=\"widget\" data-e-type=\"widget\" data-widget_type=\"template.default\">\n\t\t\t\t<div class=\"elementor-widget-container\">\n\t\t\t\t\t\t\t<div class=\"elementor-template\">\n\t\t\t\t\t<div data-elementor-type=\"section\" data-elementor-id=\"2161\" class=\"elementor elementor-2161\" data-elementor-post-type=\"elementor_library\">\n\t\t\t\t\t<section class=\"elementor-section elementor-top-section elementor-element elementor-element-c6385fc elementor-section-boxed elementor-section-height-default elementor-section-height-default\" data-id=\"c6385fc\" data-element_type=\"section\" data-e-type=\"section\" data-settings=\"{&quot;jet_parallax_layout_list&quot;:[],&quot;background_background&quot;:&quot;classic&quot;}\">\n\t\t\t\t\t\t<div class=\"elementor-container elementor-column-gap-default\">\n\t\t\t\t\t<div class=\"elementor-column elementor-col-100 elementor-top-column elementor-element elementor-element-04cd1be\" data-id=\"04cd1be\" data-element_type=\"column\" data-e-type=\"column\">\n\t\t\t<div class=\"elementor-widget-wrap elementor-element-populated\">\n\t\t\t\t\t\t<div class=\"elementor-element elementor-element-7bc648a elementor-widget elementor-widget-heading\" data-id=\"7bc648a\" data-element_type=\"widget\" data-e-type=\"widget\" data-widget_type=\"heading.default\">\n\t\t\t\t<div class=\"elementor-widget-container\">\n\t\t\t\t\t<h1 class=\"elementor-heading-title elementor-size-default\">Acril Art<\/h1>\t\t\t\t<\/div>\n\t\t\t\t<\/div>\n\t\t\t\t\t<\/div>\n\t\t<\/div>\n\t\t\t\t\t<\/div>\n\t\t<\/section>\n\t\t<div class=\"elementor-element elementor-element-6911fe3 e-flex e-con-boxed e-con e-parent\" data-id=\"6911fe3\" data-element_type=\"container\" data-e-type=\"container\" id=\"footer\" data-settings=\"{&quot;jet_parallax_layout_list&quot;:[],&quot;background_background&quot;:&quot;classic&quot;}\">\n\t\t\t\t\t<div class=\"e-con-inner\">\n\t\t<div class=\"elementor-element elementor-element-9e04443 e-con-full e-flex e-con e-child\" data-id=\"9e04443\" data-element_type=\"container\" data-e-type=\"container\" data-settings=\"{&quot;jet_parallax_layout_list&quot;:[]}\">\n\t\t<div class=\"elementor-element elementor-element-2e27b3b e-con-full e-flex e-con e-child\" data-id=\"2e27b3b\" data-element_type=\"container\" data-e-type=\"container\" data-settings=\"{&quot;jet_parallax_layout_list&quot;:[]}\">\n\t\t<div class=\"elementor-element elementor-element-20af9b2 e-con-full e-flex e-con e-child\" data-id=\"20af9b2\" data-element_type=\"container\" data-e-type=\"container\" data-settings=\"{&quot;jet_parallax_layout_list&quot;:[]}\">\n\t\t\t\t<div class=\"elementor-element elementor-element-edfbadc elementor-widget elementor-widget-image\" data-id=\"edfbadc\" data-element_type=\"widget\" data-e-type=\"widget\" data-widget_type=\"image.default\">\n\t\t\t\t<div class=\"elementor-widget-container\">\n\t\t\t\t\t\t\t\t\t\t\t\t\t\t\t\t<a href=\"https:\/\/acrilart.hu\/en\/\">\n\t\t\t\t\t\t\t<img decoding=\"async\" width=\"103\" height=\"103\" src=\"https:\/\/acrilart.hu\/wp-content\/uploads\/acril100.fw_.png\" class=\"attachment-large size-large wp-image-280\" alt=\"\" srcset=\"https:\/\/acrilart.hu\/wp-content\/uploads\/acril100.fw_.png 103w, https:\/\/acrilart.hu\/wp-content\/uploads\/acril100.fw_-100x100.png 100w\" sizes=\"(max-width: 103px) 100vw, 103px\" \/>\t\t\t\t\t\t\t\t<\/a>\n\t\t\t\t\t\t\t\t\t\t\t\t\t\t\t<\/div>\n\t\t\t\t<\/div>\n\t\t\t\t<\/div>\n\t\t<div class=\"elementor-element elementor-element-ac1ecec e-con-full e-flex e-con e-child\" data-id=\"ac1ecec\" data-element_type=\"container\" data-e-type=\"container\" data-settings=\"{&quot;jet_parallax_layout_list&quot;:[]}\">\n\t\t\t\t<div class=\"elementor-element elementor-element-af6731d elementor-widget elementor-widget-heading\" data-id=\"af6731d\" data-element_type=\"widget\" data-e-type=\"widget\" data-widget_type=\"heading.default\">\n\t\t\t\t<div class=\"elementor-widget-container\">\n\t\t\t\t\t<h4 class=\"elementor-heading-title elementor-size-default\">Our Catalogues<\/h4>\t\t\t\t<\/div>\n\t\t\t\t<\/div>\n\t\t\t\t<div class=\"elementor-element elementor-element-166e162 elementor-widget elementor-widget-text-editor\" data-id=\"166e162\" data-element_type=\"widget\" data-e-type=\"widget\" data-widget_type=\"text-editor.default\">\n\t\t\t\t<div class=\"elementor-widget-container\">\n\t\t\t\t\t\t\t\t\t<p><a href=\"https:\/\/acrilart.hu\/wp-content\/uploads\/Acrilart-Minikatalogus-2022.pdf\" target=\"_blank\" rel=\"noopener\">Washbasin Catalogue<\/a><\/p><p><a href=\"https:\/\/acrilart.hu\/wp-content\/uploads\/acrilart_portfolio_2023.pdf\">Portfolio<\/a><\/p>\t\t\t\t\t\t\t\t<\/div>\n\t\t\t\t<\/div>\n\t\t\t\t<div class=\"elementor-element elementor-element-d223a6e elementor-shape-circle e-grid-align-left elementor-grid-0 elementor-widget elementor-widget-social-icons\" data-id=\"d223a6e\" data-element_type=\"widget\" data-e-type=\"widget\" data-widget_type=\"social-icons.default\">\n\t\t\t\t<div class=\"elementor-widget-container\">\n\t\t\t\t\t\t\t<div class=\"elementor-social-icons-wrapper elementor-grid\" role=\"list\">\n\t\t\t\t\t\t\t<span class=\"elementor-grid-item\" role=\"listitem\">\n\t\t\t\t\t<a class=\"elementor-icon elementor-social-icon elementor-social-icon-instagram elementor-repeater-item-eff4730\" href=\"https:\/\/www.instagram.com\/acrilartgroup\/\" target=\"_blank\">\n\t\t\t\t\t\t<span class=\"elementor-screen-only\">Instagram<\/span>\n\t\t\t\t\t\t<i aria-hidden=\"true\" class=\"fab fa-instagram\"><\/i>\t\t\t\t\t<\/a>\n\t\t\t\t<\/span>\n\t\t\t\t\t\t\t<span class=\"elementor-grid-item\" role=\"listitem\">\n\t\t\t\t\t<a class=\"elementor-icon elementor-social-icon elementor-social-icon-facebook elementor-repeater-item-59d95f8\" href=\"https:\/\/www.facebook.com\/acrilartgroup\" target=\"_blank\">\n\t\t\t\t\t\t<span class=\"elementor-screen-only\">Facebook<\/span>\n\t\t\t\t\t\t<i aria-hidden=\"true\" class=\"fab fa-facebook\"><\/i>\t\t\t\t\t<\/a>\n\t\t\t\t<\/span>\n\t\t\t\t\t<\/div>\n\t\t\t\t\t\t<\/div>\n\t\t\t\t<\/div>\n\t\t\t\t<\/div>\n\t\t<div class=\"elementor-element elementor-element-f0287e9 e-con-full e-flex e-con e-child\" data-id=\"f0287e9\" data-element_type=\"container\" data-e-type=\"container\" data-settings=\"{&quot;jet_parallax_layout_list&quot;:[]}\">\n\t\t\t\t<div class=\"elementor-element elementor-element-92fe10e elementor-widget elementor-widget-heading\" data-id=\"92fe10e\" data-element_type=\"widget\" data-e-type=\"widget\" data-widget_type=\"heading.default\">\n\t\t\t\t<div class=\"elementor-widget-container\">\n\t\t\t\t\t<h4 class=\"elementor-heading-title elementor-size-default\">Contact<\/h4>\t\t\t\t<\/div>\n\t\t\t\t<\/div>\n\t\t\t\t<div class=\"elementor-element elementor-element-377a9ea elementor-widget elementor-widget-text-editor\" data-id=\"377a9ea\" data-element_type=\"widget\" data-e-type=\"widget\" data-widget_type=\"text-editor.default\">\n\t\t\t\t<div class=\"elementor-widget-container\">\n\t\t\t\t\t\t\t\t\t<p><a href=\"mailto:titkarsag@acrilart.hu\">titkarsag@acrilart.hu<\/a><\/p><p><a href=\"mailto:marketing@acrilart.hu\">Our e-mail adresses:<\/a><\/p><p><a href=\"callto:+36304760288\">+36 30 476 0288<\/a><\/p><p><a href=\"callto:+36 30 616 7697\">+36 30 616 7697<\/a><\/p>\t\t\t\t\t\t\t\t<\/div>\n\t\t\t\t<\/div>\n\t\t\t\t<\/div>\n\t\t\t\t<\/div>\n\t\t\t\t<\/div>\n\t\t\t\t\t<\/div>\n\t\t\t\t<\/div>\n\t\t\t\t<\/div>\n\t\t\t\t<\/div>\n\t\t\t\t\t\t<\/div>\n\t\t\t\t<\/div>\n\t\t\t\t\t<\/div>\n\t\t<\/div>\n\t\t\t\t\t<\/div>\n\t\t<\/section>\n\t\t\t\t<\/div>","protected":false},"excerpt":{"rendered":"<p>Aj\u00e1nlatk\u00e9r\u00e9s Elem elt\u00e1vol\u00edt\u00e1sa Thumbnail image Term\u00e9k \u00c1r Mennyis\u00e9g R\u00e9sz\u00f6sszeg &times; T\u00e9relv\u00e1laszt\u00f3 30 000&nbsp;&#70;&#116; T\u00e9relv\u00e1laszt\u00f3 mennyis\u00e9g 60 000&nbsp;&#70;&#116; &times; Telefontart\u00f3 4 000&nbsp;&#70;&#116; Telefontart\u00f3 mennyis\u00e9g 4 000&nbsp;&#70;&#116; \u00d6sszegz\u00e9s R\u00e9sz\u00f6sszeg 64 000&nbsp;&#70;&#116; Sz\u00e1ll\u00edt\u00e1s Ingyenes sz\u00e1ll\u00edt\u00e1s A sz\u00e1ll\u00edt\u00e1si m\u00f3dok friss\u00edtve lesznek a p\u00e9nzt\u00e1r oldalon. \u00d6sszeg 64 000&nbsp;&#70;&#116; Tov\u00e1bb az aj\u00e1nlatk\u00e9r\u00e9shez<\/p>","protected":false},"author":1,"featured_media":0,"parent":0,"menu_order":0,"comment_status":"closed","ping_status":"closed","template":"elementor_header_footer","meta":{"footnotes":""},"class_list":["post-1569","page","type-page","status-publish","hentry"],"_links":{"self":[{"href":"https:\/\/acrilart.hu\/en\/wp-json\/wp\/v2\/pages\/1569","targetHints":{"allow":["GET"]}}],"collection":[{"href":"https:\/\/acrilart.hu\/en\/wp-json\/wp\/v2\/pages"}],"about":[{"href":"https:\/\/acrilart.hu\/en\/wp-json\/wp\/v2\/types\/page"}],"author":[{"embeddable":true,"href":"https:\/\/acrilart.hu\/en\/wp-json\/wp\/v2\/users\/1"}],"replies":[{"embeddable":true,"href":"https:\/\/acrilart.hu\/en\/wp-json\/wp\/v2\/comments?post=1569"}],"version-history":[{"count":18,"href":"https:\/\/acrilart.hu\/en\/wp-json\/wp\/v2\/pages\/1569\/revisions"}],"predecessor-version":[{"id":2820,"href":"https:\/\/acrilart.hu\/en\/wp-json\/wp\/v2\/pages\/1569\/revisions\/2820"}],"wp:attachment":[{"href":"https:\/\/acrilart.hu\/en\/wp-json\/wp\/v2\/media?parent=1569"}],"curies":[{"name":"wp","href":"https:\/\/api.w.org\/{rel}","templated":true}]}}