{"id":1142,"date":"2022-11-04T13:01:52","date_gmt":"2022-11-04T13:01:52","guid":{"rendered":"https:\/\/acrilart.hu\/?page_id=1142"},"modified":"2022-12-09T18:41:33","modified_gmt":"2022-12-09T18:41:33","slug":"csiky-gergely-szinhaz","status":"publish","type":"page","link":"https:\/\/acrilart.hu\/en\/referenciak\/csiky-gergely-szinhaz\/","title":{"rendered":"Csiky Gergely Theatre"},"content":{"rendered":"<div data-elementor-type=\"wp-page\" data-elementor-id=\"1142\" class=\"elementor elementor-1142\" data-elementor-post-type=\"page\">\n\t\t\t\t\t\t<section class=\"elementor-section elementor-top-section elementor-element elementor-element-326f85c elementor-section-boxed elementor-section-height-default elementor-section-height-default\" data-id=\"326f85c\" data-element_type=\"section\" data-e-type=\"section\" data-settings=\"{&quot;jet_parallax_layout_list&quot;:[],&quot;background_background&quot;:&quot;classic&quot;}\">\n\t\t\t\t\t\t<div class=\"elementor-container elementor-column-gap-default\">\n\t\t\t\t\t<div class=\"elementor-column elementor-col-100 elementor-top-column elementor-element elementor-element-45a49ca2\" data-id=\"45a49ca2\" data-element_type=\"column\" data-e-type=\"column\">\n\t\t\t<div class=\"elementor-widget-wrap elementor-element-populated\">\n\t\t\t\t\t\t<div class=\"elementor-element elementor-element-17c2576 elementor-widget elementor-widget-heading\" data-id=\"17c2576\" data-element_type=\"widget\" data-e-type=\"widget\" data-widget_type=\"heading.default\">\n\t\t\t\t<div class=\"elementor-widget-container\">\n\t\t\t\t\t<h2 class=\"elementor-heading-title elementor-size-default\">Csiky Gergely Sz\u00ednh\u00e1z, Kaposv\u00e1r<\/h2>\t\t\t\t<\/div>\n\t\t\t\t<\/div>\n\t\t\t\t<div class=\"elementor-element elementor-element-2411a20 elementor-widget elementor-widget-gallery\" data-id=\"2411a20\" data-element_type=\"widget\" data-e-type=\"widget\" data-settings=\"{&quot;gallery_layout&quot;:&quot;justified&quot;,&quot;ideal_row_height&quot;:{&quot;unit&quot;:&quot;px&quot;,&quot;size&quot;:400,&quot;sizes&quot;:[]},&quot;ideal_row_height_tablet&quot;:{&quot;unit&quot;:&quot;px&quot;,&quot;size&quot;:150,&quot;sizes&quot;:[]},&quot;ideal_row_height_mobile&quot;:{&quot;unit&quot;:&quot;px&quot;,&quot;size&quot;:150,&quot;sizes&quot;:[]},&quot;gap&quot;:{&quot;unit&quot;:&quot;px&quot;,&quot;size&quot;:10,&quot;sizes&quot;:[]},&quot;gap_tablet&quot;:{&quot;unit&quot;:&quot;px&quot;,&quot;size&quot;:10,&quot;sizes&quot;:[]},&quot;gap_mobile&quot;:{&quot;unit&quot;:&quot;px&quot;,&quot;size&quot;:10,&quot;sizes&quot;:[]},&quot;link_to&quot;:&quot;file&quot;,&quot;content_hover_animation&quot;:&quot;fade-in&quot;}\" data-widget_type=\"gallery.default\">\n\t\t\t\t<div class=\"elementor-widget-container\">\n\t\t\t\t\t\t\t<div class=\"elementor-gallery__container\">\n\t\t\t\t\t\t\t<a class=\"e-gallery-item elementor-gallery-item elementor-animated-content\" href=\"https:\/\/acrilart.hu\/wp-content\/uploads\/www.acrilart.hu_Kaposvar-borito-scaled.jpg\" data-elementor-open-lightbox=\"yes\" data-elementor-lightbox-slideshow=\"2411a20\" data-elementor-lightbox-title=\"www.acrilart.hu_Kaposv\u00e1r bor\u00edt\u00f3\" data-e-action-hash=\"#elementor-action%3Aaction%3Dlightbox%26settings%3DeyJpZCI6MTA5MiwidXJsIjoiaHR0cHM6XC9cL2FjcmlsYXJ0Lmh1XC93cC1jb250ZW50XC91cGxvYWRzXC93d3cuYWNyaWxhcnQuaHVfS2Fwb3N2YXItYm9yaXRvLXNjYWxlZC5qcGciLCJzbGlkZXNob3ciOiIyNDExYTIwIn0%3D\">\n\t\t\t\t\t<div class=\"e-gallery-image elementor-gallery-item__image\" data-thumbnail=\"https:\/\/acrilart.hu\/wp-content\/uploads\/www.acrilart.hu_Kaposvar-borito-scaled.jpg\" data-width=\"2560\" data-height=\"2147\" aria-label=\"\" role=\"img\" ><\/div>\n\t\t\t\t\t\t\t\t\t\t\t\t\t\t<\/a>\n\t\t\t\t\t\t\t<a class=\"e-gallery-item elementor-gallery-item elementor-animated-content\" href=\"https:\/\/acrilart.hu\/wp-content\/uploads\/www.acrilart.hu_Kaposvar-11-scaled.jpg\" data-elementor-open-lightbox=\"yes\" data-elementor-lightbox-slideshow=\"2411a20\" data-elementor-lightbox-title=\"www.acrilart.hu_Kaposv\u00e1r 11\" data-e-action-hash=\"#elementor-action%3Aaction%3Dlightbox%26settings%3DeyJpZCI6MTA4MywidXJsIjoiaHR0cHM6XC9cL2FjcmlsYXJ0Lmh1XC93cC1jb250ZW50XC91cGxvYWRzXC93d3cuYWNyaWxhcnQuaHVfS2Fwb3N2YXItMTEtc2NhbGVkLmpwZyIsInNsaWRlc2hvdyI6IjI0MTFhMjAifQ%3D%3D\">\n\t\t\t\t\t<div class=\"e-gallery-image elementor-gallery-item__image\" data-thumbnail=\"https:\/\/acrilart.hu\/wp-content\/uploads\/www.acrilart.hu_Kaposvar-11-scaled.jpg\" data-width=\"2560\" data-height=\"1920\" aria-label=\"\" role=\"img\" ><\/div>\n\t\t\t\t\t\t\t\t\t\t\t\t\t\t<\/a>\n\t\t\t\t\t\t\t<a class=\"e-gallery-item elementor-gallery-item elementor-animated-content\" href=\"https:\/\/acrilart.hu\/wp-content\/uploads\/www.acrilart.hu_Kaposvar-1-scaled.jpg\" data-elementor-open-lightbox=\"yes\" data-elementor-lightbox-slideshow=\"2411a20\" data-elementor-lightbox-title=\"www.acrilart.hu_Kaposv\u00e1r 1\" data-e-action-hash=\"#elementor-action%3Aaction%3Dlightbox%26settings%3DeyJpZCI6MTA4MSwidXJsIjoiaHR0cHM6XC9cL2FjcmlsYXJ0Lmh1XC93cC1jb250ZW50XC91cGxvYWRzXC93d3cuYWNyaWxhcnQuaHVfS2Fwb3N2YXItMS1zY2FsZWQuanBnIiwic2xpZGVzaG93IjoiMjQxMWEyMCJ9\">\n\t\t\t\t\t<div class=\"e-gallery-image elementor-gallery-item__image\" data-thumbnail=\"https:\/\/acrilart.hu\/wp-content\/uploads\/www.acrilart.hu_Kaposvar-1-scaled.jpg\" data-width=\"2560\" data-height=\"2038\" aria-label=\"\" role=\"img\" ><\/div>\n\t\t\t\t\t\t\t\t\t\t\t\t\t\t<\/a>\n\t\t\t\t\t\t\t<a class=\"e-gallery-item elementor-gallery-item elementor-animated-content\" href=\"https:\/\/acrilart.hu\/wp-content\/uploads\/www.acrilart.hu_Kaposvar-2-scaled.jpg\" data-elementor-open-lightbox=\"yes\" data-elementor-lightbox-slideshow=\"2411a20\" data-elementor-lightbox-title=\"www.acrilart.hu_Kaposv\u00e1r 2\" data-e-action-hash=\"#elementor-action%3Aaction%3Dlightbox%26settings%3DeyJpZCI6MTA4NCwidXJsIjoiaHR0cHM6XC9cL2FjcmlsYXJ0Lmh1XC93cC1jb250ZW50XC91cGxvYWRzXC93d3cuYWNyaWxhcnQuaHVfS2Fwb3N2YXItMi1zY2FsZWQuanBnIiwic2xpZGVzaG93IjoiMjQxMWEyMCJ9\">\n\t\t\t\t\t<div class=\"e-gallery-image elementor-gallery-item__image\" data-thumbnail=\"https:\/\/acrilart.hu\/wp-content\/uploads\/www.acrilart.hu_Kaposvar-2-scaled.jpg\" data-width=\"1874\" data-height=\"2560\" aria-label=\"\" role=\"img\" ><\/div>\n\t\t\t\t\t\t\t\t\t\t\t\t\t\t<\/a>\n\t\t\t\t\t\t\t<a class=\"e-gallery-item elementor-gallery-item elementor-animated-content\" href=\"https:\/\/acrilart.hu\/wp-content\/uploads\/www.acrilart.hu_Kaposvar-3-scaled.jpg\" data-elementor-open-lightbox=\"yes\" data-elementor-lightbox-slideshow=\"2411a20\" data-elementor-lightbox-title=\"www.acrilart.hu_Kaposv\u00e1r 3\" data-e-action-hash=\"#elementor-action%3Aaction%3Dlightbox%26settings%3DeyJpZCI6MTA4NSwidXJsIjoiaHR0cHM6XC9cL2FjcmlsYXJ0Lmh1XC93cC1jb250ZW50XC91cGxvYWRzXC93d3cuYWNyaWxhcnQuaHVfS2Fwb3N2YXItMy1zY2FsZWQuanBnIiwic2xpZGVzaG93IjoiMjQxMWEyMCJ9\">\n\t\t\t\t\t<div class=\"e-gallery-image elementor-gallery-item__image\" data-thumbnail=\"https:\/\/acrilart.hu\/wp-content\/uploads\/www.acrilart.hu_Kaposvar-3-scaled.jpg\" data-width=\"1920\" data-height=\"2560\" aria-label=\"\" role=\"img\" ><\/div>\n\t\t\t\t\t\t\t\t\t\t\t\t\t\t<\/a>\n\t\t\t\t\t\t\t<a class=\"e-gallery-item elementor-gallery-item elementor-animated-content\" href=\"https:\/\/acrilart.hu\/wp-content\/uploads\/www.acrilart.hu_Kaposvar-4-scaled.jpg\" data-elementor-open-lightbox=\"yes\" data-elementor-lightbox-slideshow=\"2411a20\" data-elementor-lightbox-title=\"www.acrilart.hu_Kaposv\u00e1r 4\" data-e-action-hash=\"#elementor-action%3Aaction%3Dlightbox%26settings%3DeyJpZCI6MTA4NiwidXJsIjoiaHR0cHM6XC9cL2FjcmlsYXJ0Lmh1XC93cC1jb250ZW50XC91cGxvYWRzXC93d3cuYWNyaWxhcnQuaHVfS2Fwb3N2YXItNC1zY2FsZWQuanBnIiwic2xpZGVzaG93IjoiMjQxMWEyMCJ9\">\n\t\t\t\t\t<div class=\"e-gallery-image elementor-gallery-item__image\" data-thumbnail=\"https:\/\/acrilart.hu\/wp-content\/uploads\/www.acrilart.hu_Kaposvar-4-scaled.jpg\" data-width=\"1920\" data-height=\"2560\" aria-label=\"\" role=\"img\" ><\/div>\n\t\t\t\t\t\t\t\t\t\t\t\t\t\t<\/a>\n\t\t\t\t\t\t\t<a class=\"e-gallery-item elementor-gallery-item elementor-animated-content\" href=\"https:\/\/acrilart.hu\/wp-content\/uploads\/www.acrilart.hu_Kaposvar-5-scaled.jpg\" data-elementor-open-lightbox=\"yes\" data-elementor-lightbox-slideshow=\"2411a20\" data-elementor-lightbox-title=\"www.acrilart.hu_Kaposv\u00e1r 5\" data-e-action-hash=\"#elementor-action%3Aaction%3Dlightbox%26settings%3DeyJpZCI6MTA4NywidXJsIjoiaHR0cHM6XC9cL2FjcmlsYXJ0Lmh1XC93cC1jb250ZW50XC91cGxvYWRzXC93d3cuYWNyaWxhcnQuaHVfS2Fwb3N2YXItNS1zY2FsZWQuanBnIiwic2xpZGVzaG93IjoiMjQxMWEyMCJ9\">\n\t\t\t\t\t<div class=\"e-gallery-image elementor-gallery-item__image\" data-thumbnail=\"https:\/\/acrilart.hu\/wp-content\/uploads\/www.acrilart.hu_Kaposvar-5-scaled.jpg\" data-width=\"2560\" data-height=\"1686\" aria-label=\"\" role=\"img\" ><\/div>\n\t\t\t\t\t\t\t\t\t\t\t\t\t\t<\/a>\n\t\t\t\t\t\t\t<a class=\"e-gallery-item elementor-gallery-item elementor-animated-content\" href=\"https:\/\/acrilart.hu\/wp-content\/uploads\/www.acrilart.hu_Kaposvar-6-scaled.jpg\" data-elementor-open-lightbox=\"yes\" data-elementor-lightbox-slideshow=\"2411a20\" data-elementor-lightbox-title=\"www.acrilart.hu_Kaposv\u00e1r 6\" data-e-action-hash=\"#elementor-action%3Aaction%3Dlightbox%26settings%3DeyJpZCI6MTA4OCwidXJsIjoiaHR0cHM6XC9cL2FjcmlsYXJ0Lmh1XC93cC1jb250ZW50XC91cGxvYWRzXC93d3cuYWNyaWxhcnQuaHVfS2Fwb3N2YXItNi1zY2FsZWQuanBnIiwic2xpZGVzaG93IjoiMjQxMWEyMCJ9\">\n\t\t\t\t\t<div class=\"e-gallery-image elementor-gallery-item__image\" data-thumbnail=\"https:\/\/acrilart.hu\/wp-content\/uploads\/www.acrilart.hu_Kaposvar-6-scaled.jpg\" data-width=\"2560\" data-height=\"1920\" aria-label=\"\" role=\"img\" ><\/div>\n\t\t\t\t\t\t\t\t\t\t\t\t\t\t<\/a>\n\t\t\t\t\t\t\t<a class=\"e-gallery-item elementor-gallery-item elementor-animated-content\" href=\"https:\/\/acrilart.hu\/wp-content\/uploads\/www.acrilart.hu_Kaposvar-7-scaled.jpg\" data-elementor-open-lightbox=\"yes\" data-elementor-lightbox-slideshow=\"2411a20\" data-elementor-lightbox-title=\"www.acrilart.hu_Kaposv\u00e1r 7\" data-e-action-hash=\"#elementor-action%3Aaction%3Dlightbox%26settings%3DeyJpZCI6MTA4OSwidXJsIjoiaHR0cHM6XC9cL2FjcmlsYXJ0Lmh1XC93cC1jb250ZW50XC91cGxvYWRzXC93d3cuYWNyaWxhcnQuaHVfS2Fwb3N2YXItNy1zY2FsZWQuanBnIiwic2xpZGVzaG93IjoiMjQxMWEyMCJ9\">\n\t\t\t\t\t<div class=\"e-gallery-image elementor-gallery-item__image\" data-thumbnail=\"https:\/\/acrilart.hu\/wp-content\/uploads\/www.acrilart.hu_Kaposvar-7-scaled.jpg\" data-width=\"2560\" data-height=\"1920\" aria-label=\"\" role=\"img\" ><\/div>\n\t\t\t\t\t\t\t\t\t\t\t\t\t\t<\/a>\n\t\t\t\t\t\t\t<a class=\"e-gallery-item elementor-gallery-item elementor-animated-content\" href=\"https:\/\/acrilart.hu\/wp-content\/uploads\/www.acrilart.hu_Kaposvar-8-scaled.jpg\" data-elementor-open-lightbox=\"yes\" data-elementor-lightbox-slideshow=\"2411a20\" data-elementor-lightbox-title=\"www.acrilart.hu_Kaposv\u00e1r 8\" data-e-action-hash=\"#elementor-action%3Aaction%3Dlightbox%26settings%3DeyJpZCI6MTA5MCwidXJsIjoiaHR0cHM6XC9cL2FjcmlsYXJ0Lmh1XC93cC1jb250ZW50XC91cGxvYWRzXC93d3cuYWNyaWxhcnQuaHVfS2Fwb3N2YXItOC1zY2FsZWQuanBnIiwic2xpZGVzaG93IjoiMjQxMWEyMCJ9\">\n\t\t\t\t\t<div class=\"e-gallery-image elementor-gallery-item__image\" data-thumbnail=\"https:\/\/acrilart.hu\/wp-content\/uploads\/www.acrilart.hu_Kaposvar-8-scaled.jpg\" data-width=\"2560\" data-height=\"1920\" aria-label=\"\" role=\"img\" ><\/div>\n\t\t\t\t\t\t\t\t\t\t\t\t\t\t<\/a>\n\t\t\t\t\t\t\t<a class=\"e-gallery-item elementor-gallery-item elementor-animated-content\" href=\"https:\/\/acrilart.hu\/wp-content\/uploads\/www.acrilart.hu_Kaposvar-9-scaled.jpg\" data-elementor-open-lightbox=\"yes\" data-elementor-lightbox-slideshow=\"2411a20\" data-elementor-lightbox-title=\"www.acrilart.hu_Kaposv\u00e1r 9\" data-e-action-hash=\"#elementor-action%3Aaction%3Dlightbox%26settings%3DeyJpZCI6MTA5MSwidXJsIjoiaHR0cHM6XC9cL2FjcmlsYXJ0Lmh1XC93cC1jb250ZW50XC91cGxvYWRzXC93d3cuYWNyaWxhcnQuaHVfS2Fwb3N2YXItOS1zY2FsZWQuanBnIiwic2xpZGVzaG93IjoiMjQxMWEyMCJ9\">\n\t\t\t\t\t<div class=\"e-gallery-image elementor-gallery-item__image\" data-thumbnail=\"https:\/\/acrilart.hu\/wp-content\/uploads\/www.acrilart.hu_Kaposvar-9-scaled.jpg\" data-width=\"1920\" data-height=\"2560\" aria-label=\"\" role=\"img\" ><\/div>\n\t\t\t\t\t\t\t\t\t\t\t\t\t\t<\/a>\n\t\t\t\t\t\t\t<a class=\"e-gallery-item elementor-gallery-item elementor-animated-content\" href=\"https:\/\/acrilart.hu\/wp-content\/uploads\/www.acrilart.hu_Kaposvar-10-scaled.jpg\" data-elementor-open-lightbox=\"yes\" data-elementor-lightbox-slideshow=\"2411a20\" data-elementor-lightbox-title=\"www.acrilart.hu_Kaposv\u00e1r 10\" data-e-action-hash=\"#elementor-action%3Aaction%3Dlightbox%26settings%3DeyJpZCI6MTA4MiwidXJsIjoiaHR0cHM6XC9cL2FjcmlsYXJ0Lmh1XC93cC1jb250ZW50XC91cGxvYWRzXC93d3cuYWNyaWxhcnQuaHVfS2Fwb3N2YXItMTAtc2NhbGVkLmpwZyIsInNsaWRlc2hvdyI6IjI0MTFhMjAifQ%3D%3D\">\n\t\t\t\t\t<div class=\"e-gallery-image elementor-gallery-item__image\" data-thumbnail=\"https:\/\/acrilart.hu\/wp-content\/uploads\/www.acrilart.hu_Kaposvar-10-scaled.jpg\" data-width=\"2560\" data-height=\"1920\" aria-label=\"\" role=\"img\" ><\/div>\n\t\t\t\t\t\t\t\t\t\t\t\t\t\t<\/a>\n\t\t\t\t\t<\/div>\n\t\t\t\t\t<\/div>\n\t\t\t\t<\/div>\n\t\t\t\t\t<\/div>\n\t\t<\/div>\n\t\t\t\t\t<\/div>\n\t\t<\/section>\n\t\t\t\t<section class=\"elementor-section elementor-top-section elementor-element elementor-element-d7dc6fc elementor-section-full_width elementor-section-height-default elementor-section-height-default\" data-id=\"d7dc6fc\" data-element_type=\"section\" data-e-type=\"section\" data-settings=\"{&quot;jet_parallax_layout_list&quot;:[]}\">\n\t\t\t\t\t\t<div class=\"elementor-container elementor-column-gap-default\">\n\t\t\t\t\t<div class=\"elementor-column elementor-col-100 elementor-top-column elementor-element elementor-element-10901750\" data-id=\"10901750\" data-element_type=\"column\" data-e-type=\"column\">\n\t\t\t<div class=\"elementor-widget-wrap elementor-element-populated\">\n\t\t\t\t\t\t<div class=\"elementor-element elementor-element-6c338536 elementor-widget elementor-widget-template\" data-id=\"6c338536\" data-element_type=\"widget\" data-e-type=\"widget\" data-widget_type=\"template.default\">\n\t\t\t\t<div class=\"elementor-widget-container\">\n\t\t\t\t\t\t\t<div class=\"elementor-template\">\n\t\t\t\t\t<div data-elementor-type=\"section\" data-elementor-id=\"2161\" class=\"elementor elementor-2161\" data-elementor-post-type=\"elementor_library\">\n\t\t\t\t\t<section class=\"elementor-section elementor-top-section elementor-element elementor-element-c6385fc elementor-section-boxed elementor-section-height-default elementor-section-height-default\" data-id=\"c6385fc\" data-element_type=\"section\" data-e-type=\"section\" data-settings=\"{&quot;jet_parallax_layout_list&quot;:[],&quot;background_background&quot;:&quot;classic&quot;}\">\n\t\t\t\t\t\t<div class=\"elementor-container elementor-column-gap-default\">\n\t\t\t\t\t<div class=\"elementor-column elementor-col-100 elementor-top-column elementor-element elementor-element-04cd1be\" data-id=\"04cd1be\" data-element_type=\"column\" data-e-type=\"column\">\n\t\t\t<div class=\"elementor-widget-wrap elementor-element-populated\">\n\t\t\t\t\t\t<div class=\"elementor-element elementor-element-7bc648a elementor-widget elementor-widget-heading\" data-id=\"7bc648a\" data-element_type=\"widget\" data-e-type=\"widget\" data-widget_type=\"heading.default\">\n\t\t\t\t<div class=\"elementor-widget-container\">\n\t\t\t\t\t<h1 class=\"elementor-heading-title elementor-size-default\">Acril Art<\/h1>\t\t\t\t<\/div>\n\t\t\t\t<\/div>\n\t\t\t\t\t<\/div>\n\t\t<\/div>\n\t\t\t\t\t<\/div>\n\t\t<\/section>\n\t\t<div class=\"elementor-element elementor-element-6911fe3 e-flex e-con-boxed e-con e-parent\" data-id=\"6911fe3\" data-element_type=\"container\" data-e-type=\"container\" id=\"footer\" data-settings=\"{&quot;jet_parallax_layout_list&quot;:[],&quot;background_background&quot;:&quot;classic&quot;}\">\n\t\t\t\t\t<div class=\"e-con-inner\">\n\t\t<div class=\"elementor-element elementor-element-9e04443 e-con-full e-flex e-con e-child\" data-id=\"9e04443\" data-element_type=\"container\" data-e-type=\"container\" data-settings=\"{&quot;jet_parallax_layout_list&quot;:[]}\">\n\t\t<div class=\"elementor-element elementor-element-2e27b3b e-con-full e-flex e-con e-child\" data-id=\"2e27b3b\" data-element_type=\"container\" data-e-type=\"container\" data-settings=\"{&quot;jet_parallax_layout_list&quot;:[]}\">\n\t\t<div class=\"elementor-element elementor-element-20af9b2 e-con-full e-flex e-con e-child\" data-id=\"20af9b2\" data-element_type=\"container\" data-e-type=\"container\" data-settings=\"{&quot;jet_parallax_layout_list&quot;:[]}\">\n\t\t\t\t<div class=\"elementor-element elementor-element-edfbadc elementor-widget elementor-widget-image\" data-id=\"edfbadc\" data-element_type=\"widget\" data-e-type=\"widget\" data-widget_type=\"image.default\">\n\t\t\t\t<div class=\"elementor-widget-container\">\n\t\t\t\t\t\t\t\t\t\t\t\t\t\t\t\t<a href=\"https:\/\/acrilart.hu\/en\/\">\n\t\t\t\t\t\t\t<img decoding=\"async\" width=\"103\" height=\"103\" src=\"https:\/\/acrilart.hu\/wp-content\/uploads\/acril100.fw_.png\" class=\"attachment-large size-large wp-image-280\" alt=\"\" srcset=\"https:\/\/acrilart.hu\/wp-content\/uploads\/acril100.fw_.png 103w, https:\/\/acrilart.hu\/wp-content\/uploads\/acril100.fw_-100x100.png 100w\" sizes=\"(max-width: 103px) 100vw, 103px\" \/>\t\t\t\t\t\t\t\t<\/a>\n\t\t\t\t\t\t\t\t\t\t\t\t\t\t\t<\/div>\n\t\t\t\t<\/div>\n\t\t\t\t<\/div>\n\t\t<div class=\"elementor-element elementor-element-ac1ecec e-con-full e-flex e-con e-child\" data-id=\"ac1ecec\" data-element_type=\"container\" data-e-type=\"container\" data-settings=\"{&quot;jet_parallax_layout_list&quot;:[]}\">\n\t\t\t\t<div class=\"elementor-element elementor-element-af6731d elementor-widget elementor-widget-heading\" data-id=\"af6731d\" data-element_type=\"widget\" data-e-type=\"widget\" data-widget_type=\"heading.default\">\n\t\t\t\t<div class=\"elementor-widget-container\">\n\t\t\t\t\t<h4 class=\"elementor-heading-title elementor-size-default\">Our Catalogues<\/h4>\t\t\t\t<\/div>\n\t\t\t\t<\/div>\n\t\t\t\t<div class=\"elementor-element elementor-element-166e162 elementor-widget elementor-widget-text-editor\" data-id=\"166e162\" data-element_type=\"widget\" data-e-type=\"widget\" data-widget_type=\"text-editor.default\">\n\t\t\t\t<div class=\"elementor-widget-container\">\n\t\t\t\t\t\t\t\t\t<p><a href=\"https:\/\/acrilart.hu\/wp-content\/uploads\/Acrilart-Minikatalogus-2022.pdf\" target=\"_blank\" rel=\"noopener\">Washbasin Catalogue<\/a><\/p><p><a href=\"https:\/\/acrilart.hu\/wp-content\/uploads\/acrilart_portfolio_2023.pdf\">Portfolio<\/a><\/p>\t\t\t\t\t\t\t\t<\/div>\n\t\t\t\t<\/div>\n\t\t\t\t<div class=\"elementor-element elementor-element-d223a6e elementor-shape-circle e-grid-align-left elementor-grid-0 elementor-widget elementor-widget-social-icons\" data-id=\"d223a6e\" data-element_type=\"widget\" data-e-type=\"widget\" data-widget_type=\"social-icons.default\">\n\t\t\t\t<div class=\"elementor-widget-container\">\n\t\t\t\t\t\t\t<div class=\"elementor-social-icons-wrapper elementor-grid\" role=\"list\">\n\t\t\t\t\t\t\t<span class=\"elementor-grid-item\" role=\"listitem\">\n\t\t\t\t\t<a class=\"elementor-icon elementor-social-icon elementor-social-icon-instagram elementor-repeater-item-eff4730\" href=\"https:\/\/www.instagram.com\/acrilartgroup\/\" target=\"_blank\">\n\t\t\t\t\t\t<span class=\"elementor-screen-only\">Instagram<\/span>\n\t\t\t\t\t\t<i aria-hidden=\"true\" class=\"fab fa-instagram\"><\/i>\t\t\t\t\t<\/a>\n\t\t\t\t<\/span>\n\t\t\t\t\t\t\t<span class=\"elementor-grid-item\" role=\"listitem\">\n\t\t\t\t\t<a class=\"elementor-icon elementor-social-icon elementor-social-icon-facebook elementor-repeater-item-59d95f8\" href=\"https:\/\/www.facebook.com\/acrilartgroup\" target=\"_blank\">\n\t\t\t\t\t\t<span class=\"elementor-screen-only\">Facebook<\/span>\n\t\t\t\t\t\t<i aria-hidden=\"true\" class=\"fab fa-facebook\"><\/i>\t\t\t\t\t<\/a>\n\t\t\t\t<\/span>\n\t\t\t\t\t<\/div>\n\t\t\t\t\t\t<\/div>\n\t\t\t\t<\/div>\n\t\t\t\t<\/div>\n\t\t<div class=\"elementor-element elementor-element-f0287e9 e-con-full e-flex e-con e-child\" data-id=\"f0287e9\" data-element_type=\"container\" data-e-type=\"container\" data-settings=\"{&quot;jet_parallax_layout_list&quot;:[]}\">\n\t\t\t\t<div class=\"elementor-element elementor-element-92fe10e elementor-widget elementor-widget-heading\" data-id=\"92fe10e\" data-element_type=\"widget\" data-e-type=\"widget\" data-widget_type=\"heading.default\">\n\t\t\t\t<div class=\"elementor-widget-container\">\n\t\t\t\t\t<h4 class=\"elementor-heading-title elementor-size-default\">Contact<\/h4>\t\t\t\t<\/div>\n\t\t\t\t<\/div>\n\t\t\t\t<div class=\"elementor-element elementor-element-377a9ea elementor-widget elementor-widget-text-editor\" data-id=\"377a9ea\" data-element_type=\"widget\" data-e-type=\"widget\" data-widget_type=\"text-editor.default\">\n\t\t\t\t<div class=\"elementor-widget-container\">\n\t\t\t\t\t\t\t\t\t<p><a href=\"mailto:titkarsag@acrilart.hu\">titkarsag@acrilart.hu<\/a><\/p><p><a href=\"mailto:marketing@acrilart.hu\">Our e-mail adresses:<\/a><\/p><p><a href=\"callto:+36304760288\">+36 30 476 0288<\/a><\/p><p><a href=\"callto:+36 30 616 7697\">+36 30 616 7697<\/a><\/p>\t\t\t\t\t\t\t\t<\/div>\n\t\t\t\t<\/div>\n\t\t\t\t<\/div>\n\t\t\t\t<\/div>\n\t\t\t\t<\/div>\n\t\t\t\t\t<\/div>\n\t\t\t\t<\/div>\n\t\t\t\t<\/div>\n\t\t\t\t<\/div>\n\t\t\t\t\t\t<\/div>\n\t\t\t\t<\/div>\n\t\t\t\t\t<\/div>\n\t\t<\/div>\n\t\t\t\t\t<\/div>\n\t\t<\/section>\n\t\t\t\t<\/div>","protected":false},"excerpt":{"rendered":"<p>Csiky Gergely Sz\u00ednh\u00e1z, Kaposv\u00e1r<\/p>","protected":false},"author":2,"featured_media":0,"parent":700,"menu_order":0,"comment_status":"closed","ping_status":"closed","template":"elementor_header_footer","meta":{"footnotes":""},"class_list":["post-1142","page","type-page","status-publish","hentry"],"_links":{"self":[{"href":"https:\/\/acrilart.hu\/en\/wp-json\/wp\/v2\/pages\/1142","targetHints":{"allow":["GET"]}}],"collection":[{"href":"https:\/\/acrilart.hu\/en\/wp-json\/wp\/v2\/pages"}],"about":[{"href":"https:\/\/acrilart.hu\/en\/wp-json\/wp\/v2\/types\/page"}],"author":[{"embeddable":true,"href":"https:\/\/acrilart.hu\/en\/wp-json\/wp\/v2\/users\/2"}],"replies":[{"embeddable":true,"href":"https:\/\/acrilart.hu\/en\/wp-json\/wp\/v2\/comments?post=1142"}],"version-history":[{"count":10,"href":"https:\/\/acrilart.hu\/en\/wp-json\/wp\/v2\/pages\/1142\/revisions"}],"predecessor-version":[{"id":2398,"href":"https:\/\/acrilart.hu\/en\/wp-json\/wp\/v2\/pages\/1142\/revisions\/2398"}],"up":[{"embeddable":true,"href":"https:\/\/acrilart.hu\/en\/wp-json\/wp\/v2\/pages\/700"}],"wp:attachment":[{"href":"https:\/\/acrilart.hu\/en\/wp-json\/wp\/v2\/media?parent=1142"}],"curies":[{"name":"wp","href":"https:\/\/api.w.org\/{rel}","templated":true}]}}