{"id":3313,"date":"2023-03-24T09:54:22","date_gmt":"2023-03-24T09:54:22","guid":{"rendered":"https:\/\/acrilart.hu\/?post_type=product&#038;p=3313"},"modified":"2023-04-19T07:54:07","modified_gmt":"2023-04-19T07:54:07","slug":"bba800lga_mosdookagylo","status":"publish","type":"product","link":"https:\/\/acrilart.hu\/de\/produkt\/bba800lga_mosdookagylo\/","title":{"rendered":"Szabadon\u00e1ll\u00f3 Mosd\u00f3kagyl\u00f3"},"content":{"rendered":"<p>BETACRYL <span class=\"Y2IQFc\" lang=\"hu\">magas min\u0151s\u00e9g\u0171 akril anyagb\u00f3l \u00e9p\u00fclt, n\u00e9gyzet alak\u00fa, padl\u00f3n \u00e1ll\u00f3 monolit mosd\u00f3kagyl\u00f3 2&#8243;-os k\u00f6zponti lefoly\u00f3val.<\/span><\/p>\n<p>Term\u00e9keinket a megrendel\u00e9s napj\u00e1t\u00f3l sz\u00e1m\u00edtott h\u00e1rom h\u00e9ten bel\u00fcl k\u00e9zbes\u00edtj\u00fck.<\/p>\n<pre id=\"tw-target-text\" class=\"tw-data-text tw-text-large tw-ta\" dir=\"ltr\" data-placeholder=\"Translation\"><img fetchpriority=\"high\" decoding=\"async\" class=\"alignnone size-full wp-image-3312\" src=\"https:\/\/acrilart.hu\/wp-content\/uploads\/BB_A_800_LGA_web-acrilart-basin-drawing.png\" alt=\"\" width=\"562\" height=\"456\" \/><\/pre>\n<pre id=\"tw-target-text\" class=\"tw-data-text tw-text-large tw-ta\" dir=\"ltr\" data-placeholder=\"Translation\"><\/pre>","protected":false},"excerpt":{"rendered":"<p>BETACRYL magas min\u0151s\u00e9g\u0171 akril anyagb\u00f3l \u00e9p\u00fclt, n\u00e9gyzet alak\u00fa, padl\u00f3n \u00e1ll\u00f3 monolit mosd\u00f3kagyl\u00f3 2&#8243;-os k\u00f6zponti lefoly\u00f3val. Term\u00e9keinket a megrendel\u00e9s napj\u00e1t\u00f3l sz\u00e1m\u00edtott h\u00e1rom h\u00e9ten bel\u00fcl k\u00e9zbes\u00edtj\u00fck.<\/p>","protected":false},"featured_media":3310,"template":"","meta":[],"product_brand":[],"product_cat":[69],"product_tag":[65,46,63,64],"class_list":{"0":"post-3313","1":"product","2":"type-product","3":"status-publish","4":"has-post-thumbnail","6":"product_cat-mosdokagylok","7":"product_tag-furdo","8":"product_tag-furdoszoba","9":"product_tag-mosdo","10":"product_tag-mosdokagylo","12":"first","13":"instock","14":"shipping-taxable","15":"purchasable","16":"product-type-simple"},"_links":{"self":[{"href":"https:\/\/acrilart.hu\/de\/wp-json\/wp\/v2\/product\/3313","targetHints":{"allow":["GET"]}}],"collection":[{"href":"https:\/\/acrilart.hu\/de\/wp-json\/wp\/v2\/product"}],"about":[{"href":"https:\/\/acrilart.hu\/de\/wp-json\/wp\/v2\/types\/product"}],"version-history":[{"count":4,"href":"https:\/\/acrilart.hu\/de\/wp-json\/wp\/v2\/product\/3313\/revisions"}],"predecessor-version":[{"id":3732,"href":"https:\/\/acrilart.hu\/de\/wp-json\/wp\/v2\/product\/3313\/revisions\/3732"}],"wp:featuredmedia":[{"embeddable":true,"href":"https:\/\/acrilart.hu\/de\/wp-json\/wp\/v2\/media\/3310"}],"wp:attachment":[{"href":"https:\/\/acrilart.hu\/de\/wp-json\/wp\/v2\/media?parent=3313"}],"wp:term":[{"taxonomy":"product_brand","embeddable":true,"href":"https:\/\/acrilart.hu\/de\/wp-json\/wp\/v2\/product_brand?post=3313"},{"taxonomy":"product_cat","embeddable":true,"href":"https:\/\/acrilart.hu\/de\/wp-json\/wp\/v2\/product_cat?post=3313"},{"taxonomy":"product_tag","embeddable":true,"href":"https:\/\/acrilart.hu\/de\/wp-json\/wp\/v2\/product_tag?post=3313"}],"curies":[{"name":"wp","href":"https:\/\/api.w.org\/{rel}","templated":true}]}}