{"id":3132,"date":"2023-03-18T13:04:59","date_gmt":"2023-03-18T13:04:59","guid":{"rendered":"https:\/\/acrilart.hu\/?post_type=product&#038;p=3132"},"modified":"2023-04-20T08:53:44","modified_gmt":"2023-04-20T08:53:44","slug":"ber6738lb_babamosdo","status":"publish","type":"product","link":"https:\/\/acrilart.hu\/de\/produkt\/ber6738lb_babamosdo\/","title":{"rendered":"Baba Mosd\u00f3"},"content":{"rendered":"<p>BETACRYL baba mosd\u00f3kagyl\u00f3 magas min\u0151s\u00e9g\u0171 akril anyagb\u00f3l, 2&#8243;-os k\u00f6zponti lefoly\u00f3ny\u00edl\u00e1ssal.<\/p>\n<p>Term\u00e9keinket a megrendel\u00e9s napj\u00e1t\u00f3l sz\u00e1m\u00edtott h\u00e1rom h\u00e9ten bel\u00fcl k\u00e9zbes\u00edtj\u00fck.<\/p>\n<p><img fetchpriority=\"high\" decoding=\"async\" class=\"alignnone size-full wp-image-3129\" src=\"https:\/\/acrilart.hu\/wp-content\/uploads\/BER_6738_LB_Web-acrilart-basin-drawing.png\" alt=\"\" width=\"741\" height=\"656\" srcset=\"https:\/\/acrilart.hu\/wp-content\/uploads\/BER_6738_LB_Web-acrilart-basin-drawing.png 741w, https:\/\/acrilart.hu\/wp-content\/uploads\/BER_6738_LB_Web-acrilart-basin-drawing-600x531.png 600w\" sizes=\"(max-width: 741px) 100vw, 741px\" \/><\/p>\n<p>&nbsp;<\/p>\n<pre id=\"tw-target-text\" class=\"tw-data-text tw-text-large tw-ta\" dir=\"ltr\" data-placeholder=\"Translation\"><\/pre>\n<pre id=\"tw-target-text\" class=\"tw-data-text tw-text-large tw-ta\" dir=\"ltr\" data-placeholder=\"Translation\"><\/pre>","protected":false},"excerpt":{"rendered":"<p>BETACRYL baba mosd\u00f3kagyl\u00f3 magas min\u0151s\u00e9g\u0171 akril anyagb\u00f3l, 2&#8243;-os k\u00f6zponti lefoly\u00f3ny\u00edl\u00e1ssal. Term\u00e9keinket a megrendel\u00e9s napj\u00e1t\u00f3l sz\u00e1m\u00edtott h\u00e1rom h\u00e9ten bel\u00fcl k\u00e9zbes\u00edtj\u00fck. &nbsp;<\/p>","protected":false},"featured_media":3130,"template":"","meta":[],"product_brand":[],"product_cat":[69,71],"product_tag":[65,46,63,64],"class_list":{"0":"post-3132","1":"product","2":"type-product","3":"status-publish","4":"has-post-thumbnail","6":"product_cat-mosdokagylok","7":"product_cat-specialis","8":"product_tag-furdo","9":"product_tag-furdoszoba","10":"product_tag-mosdo","11":"product_tag-mosdokagylo","13":"first","14":"instock","15":"shipping-taxable","16":"purchasable","17":"product-type-simple"},"_links":{"self":[{"href":"https:\/\/acrilart.hu\/de\/wp-json\/wp\/v2\/product\/3132","targetHints":{"allow":["GET"]}}],"collection":[{"href":"https:\/\/acrilart.hu\/de\/wp-json\/wp\/v2\/product"}],"about":[{"href":"https:\/\/acrilart.hu\/de\/wp-json\/wp\/v2\/types\/product"}],"version-history":[{"count":3,"href":"https:\/\/acrilart.hu\/de\/wp-json\/wp\/v2\/product\/3132\/revisions"}],"predecessor-version":[{"id":3806,"href":"https:\/\/acrilart.hu\/de\/wp-json\/wp\/v2\/product\/3132\/revisions\/3806"}],"wp:featuredmedia":[{"embeddable":true,"href":"https:\/\/acrilart.hu\/de\/wp-json\/wp\/v2\/media\/3130"}],"wp:attachment":[{"href":"https:\/\/acrilart.hu\/de\/wp-json\/wp\/v2\/media?parent=3132"}],"wp:term":[{"taxonomy":"product_brand","embeddable":true,"href":"https:\/\/acrilart.hu\/de\/wp-json\/wp\/v2\/product_brand?post=3132"},{"taxonomy":"product_cat","embeddable":true,"href":"https:\/\/acrilart.hu\/de\/wp-json\/wp\/v2\/product_cat?post=3132"},{"taxonomy":"product_tag","embeddable":true,"href":"https:\/\/acrilart.hu\/de\/wp-json\/wp\/v2\/product_tag?post=3132"}],"curies":[{"name":"wp","href":"https:\/\/api.w.org\/{rel}","templated":true}]}}