{"id":3128,"date":"2023-03-18T12:59:31","date_gmt":"2023-03-18T12:59:31","guid":{"rendered":"https:\/\/acrilart.hu\/?post_type=product&#038;p=3128"},"modified":"2023-04-19T08:01:03","modified_gmt":"2023-04-19T08:01:03","slug":"ber2surg_sebeszetikezmoso","status":"publish","type":"product","link":"https:\/\/acrilart.hu\/de\/produkt\/ber2surg_sebeszetikezmoso\/","title":{"rendered":"Seb\u00e9szeti K\u00e9zmos\u00f3"},"content":{"rendered":"<p>BETACRYL Seb\u00e9szeti k\u00e9zmos\u00f3 magas min\u0151s\u00e9g\u0171 akril anyagb\u00f3l, professzion\u00e1lis laborat\u00f3riumi haszn\u00e1latra, 2&#8243;-os k\u00f6zponti lefoly\u00f3ny\u00edl\u00e1ssal.<\/p>\n<p>Term\u00e9keinket a megrendel\u00e9s napj\u00e1t\u00f3l sz\u00e1m\u00edtott h\u00e1rom h\u00e9ten bel\u00fcl k\u00e9zbes\u00edtj\u00fck.<\/p>\n<p><img fetchpriority=\"high\" decoding=\"async\" class=\"alignnone size-full wp-image-3126\" src=\"https:\/\/acrilart.hu\/wp-content\/uploads\/BER-2-SURG-acrilart-basin-drawing.png\" alt=\"\" width=\"900\" height=\"730\" srcset=\"https:\/\/acrilart.hu\/wp-content\/uploads\/BER-2-SURG-acrilart-basin-drawing.png 900w, https:\/\/acrilart.hu\/wp-content\/uploads\/BER-2-SURG-acrilart-basin-drawing-768x623.png 768w, https:\/\/acrilart.hu\/wp-content\/uploads\/BER-2-SURG-acrilart-basin-drawing-600x487.png 600w\" sizes=\"(max-width: 900px) 100vw, 900px\" \/><\/p>\n<p>&nbsp;<\/p>\n<pre id=\"tw-target-text\" class=\"tw-data-text tw-text-large tw-ta\" dir=\"ltr\" data-placeholder=\"Translation\"><\/pre>\n<pre id=\"tw-target-text\" class=\"tw-data-text tw-text-large tw-ta\" dir=\"ltr\" data-placeholder=\"Translation\"><\/pre>","protected":false},"excerpt":{"rendered":"<p>BETACRYL Seb\u00e9szeti k\u00e9zmos\u00f3 magas min\u0151s\u00e9g\u0171 akril anyagb\u00f3l, professzion\u00e1lis laborat\u00f3riumi haszn\u00e1latra, 2&#8243;-os k\u00f6zponti lefoly\u00f3ny\u00edl\u00e1ssal. Term\u00e9keinket a megrendel\u00e9s napj\u00e1t\u00f3l sz\u00e1m\u00edtott h\u00e1rom h\u00e9ten bel\u00fcl k\u00e9zbes\u00edtj\u00fck. &nbsp;<\/p>","protected":false},"featured_media":3127,"template":"","meta":[],"product_brand":[],"product_cat":[69,71],"product_tag":[65,46,63,64],"class_list":{"0":"post-3128","1":"product","2":"type-product","3":"status-publish","4":"has-post-thumbnail","6":"product_cat-mosdokagylok","7":"product_cat-specialis","8":"product_tag-furdo","9":"product_tag-furdoszoba","10":"product_tag-mosdo","11":"product_tag-mosdokagylo","13":"first","14":"instock","15":"shipping-taxable","16":"purchasable","17":"product-type-simple"},"_links":{"self":[{"href":"https:\/\/acrilart.hu\/de\/wp-json\/wp\/v2\/product\/3128","targetHints":{"allow":["GET"]}}],"collection":[{"href":"https:\/\/acrilart.hu\/de\/wp-json\/wp\/v2\/product"}],"about":[{"href":"https:\/\/acrilart.hu\/de\/wp-json\/wp\/v2\/types\/product"}],"version-history":[{"count":3,"href":"https:\/\/acrilart.hu\/de\/wp-json\/wp\/v2\/product\/3128\/revisions"}],"predecessor-version":[{"id":3753,"href":"https:\/\/acrilart.hu\/de\/wp-json\/wp\/v2\/product\/3128\/revisions\/3753"}],"wp:featuredmedia":[{"embeddable":true,"href":"https:\/\/acrilart.hu\/de\/wp-json\/wp\/v2\/media\/3127"}],"wp:attachment":[{"href":"https:\/\/acrilart.hu\/de\/wp-json\/wp\/v2\/media?parent=3128"}],"wp:term":[{"taxonomy":"product_brand","embeddable":true,"href":"https:\/\/acrilart.hu\/de\/wp-json\/wp\/v2\/product_brand?post=3128"},{"taxonomy":"product_cat","embeddable":true,"href":"https:\/\/acrilart.hu\/de\/wp-json\/wp\/v2\/product_cat?post=3128"},{"taxonomy":"product_tag","embeddable":true,"href":"https:\/\/acrilart.hu\/de\/wp-json\/wp\/v2\/product_tag?post=3128"}],"curies":[{"name":"wp","href":"https:\/\/api.w.org\/{rel}","templated":true}]}}