{"id":2958,"date":"2023-03-14T13:40:13","date_gmt":"2023-03-14T13:40:13","guid":{"rendered":"https:\/\/acrilart.hu\/?post_type=product&#038;p=2958"},"modified":"2023-04-19T08:08:17","modified_gmt":"2023-04-19T08:08:17","slug":"bbr4040lab_mosogato","status":"publish","type":"product","link":"https:\/\/acrilart.hu\/de\/produkt\/bbr4040lab_mosogato\/","title":{"rendered":"Professzion\u00e1lis Mosd\u00f3"},"content":{"rendered":"<p id=\"tw-target-text\" class=\"tw-data-text tw-text-large tw-ta\" dir=\"ltr\" data-placeholder=\"Translation\"><span class=\"Y2IQFc\" lang=\"hu\">BETACRYL Integr\u00e1lt szaniter mosd\u00f3 magas min\u0151s\u00e9g\u0171 akril anyagb\u00f3l, laborat\u00f3riumi haszn\u00e1latra, 3,5 k\u00f6zponti hullad\u00e9klefoly\u00f3 ny\u00edl\u00e1ssal.<br \/>\nTerm\u00e9keinket a megrendel\u00e9s napj\u00e1t\u00f3l sz\u00e1m\u00edtott h\u00e1rom h\u00e9ten bel\u00fcl k\u00e9zbes\u00edtj\u00fck.<\/span><\/p>\n<pre id=\"tw-target-text\" class=\"tw-data-text tw-text-large tw-ta\" dir=\"ltr\" data-placeholder=\"Translation\"><span class=\"Y2IQFc\" lang=\"hu\"><img fetchpriority=\"high\" decoding=\"async\" class=\"alignnone size-full wp-image-2955\" src=\"https:\/\/acrilart.hu\/wp-content\/uploads\/BB-R-4040-LAB-acrilart-sink-drawing.png\" alt=\"\" width=\"900\" height=\"730\" srcset=\"https:\/\/acrilart.hu\/wp-content\/uploads\/BB-R-4040-LAB-acrilart-sink-drawing.png 900w, https:\/\/acrilart.hu\/wp-content\/uploads\/BB-R-4040-LAB-acrilart-sink-drawing-768x623.png 768w, https:\/\/acrilart.hu\/wp-content\/uploads\/BB-R-4040-LAB-acrilart-sink-drawing-600x487.png 600w\" sizes=\"(max-width: 900px) 100vw, 900px\" \/> <\/span><\/pre>","protected":false},"excerpt":{"rendered":"<p>BETACRYL Integr\u00e1lt szaniter mosd\u00f3 magas min\u0151s\u00e9g\u0171 akril anyagb\u00f3l, laborat\u00f3riumi haszn\u00e1latra, 3,5 k\u00f6zponti hullad\u00e9klefoly\u00f3 ny\u00edl\u00e1ssal. Term\u00e9keinket a megrendel\u00e9s napj\u00e1t\u00f3l sz\u00e1m\u00edtott h\u00e1rom h\u00e9ten bel\u00fcl k\u00e9zbes\u00edtj\u00fck.<\/p>","protected":false},"featured_media":2956,"template":"","meta":[],"product_brand":[],"product_cat":[69,71],"product_tag":[72,65,46,62,63,64,73],"class_list":{"0":"post-2958","1":"product","2":"type-product","3":"status-publish","4":"has-post-thumbnail","6":"product_cat-mosdokagylok","7":"product_cat-specialis","8":"product_tag-egyedi","9":"product_tag-furdo","10":"product_tag-furdoszoba","11":"product_tag-laboratorium","12":"product_tag-mosdo","13":"product_tag-mosdokagylo","14":"product_tag-specialis","16":"first","17":"instock","18":"shipping-taxable","19":"purchasable","20":"product-type-simple"},"_links":{"self":[{"href":"https:\/\/acrilart.hu\/de\/wp-json\/wp\/v2\/product\/2958","targetHints":{"allow":["GET"]}}],"collection":[{"href":"https:\/\/acrilart.hu\/de\/wp-json\/wp\/v2\/product"}],"about":[{"href":"https:\/\/acrilart.hu\/de\/wp-json\/wp\/v2\/types\/product"}],"version-history":[{"count":3,"href":"https:\/\/acrilart.hu\/de\/wp-json\/wp\/v2\/product\/2958\/revisions"}],"predecessor-version":[{"id":3761,"href":"https:\/\/acrilart.hu\/de\/wp-json\/wp\/v2\/product\/2958\/revisions\/3761"}],"wp:featuredmedia":[{"embeddable":true,"href":"https:\/\/acrilart.hu\/de\/wp-json\/wp\/v2\/media\/2956"}],"wp:attachment":[{"href":"https:\/\/acrilart.hu\/de\/wp-json\/wp\/v2\/media?parent=2958"}],"wp:term":[{"taxonomy":"product_brand","embeddable":true,"href":"https:\/\/acrilart.hu\/de\/wp-json\/wp\/v2\/product_brand?post=2958"},{"taxonomy":"product_cat","embeddable":true,"href":"https:\/\/acrilart.hu\/de\/wp-json\/wp\/v2\/product_cat?post=2958"},{"taxonomy":"product_tag","embeddable":true,"href":"https:\/\/acrilart.hu\/de\/wp-json\/wp\/v2\/product_tag?post=2958"}],"curies":[{"name":"wp","href":"https:\/\/api.w.org\/{rel}","templated":true}]}}