{"id":2942,"date":"2023-03-14T13:17:48","date_gmt":"2023-03-14T13:17:48","guid":{"rendered":"https:\/\/acrilart.hu\/?post_type=product&#038;p=2942"},"modified":"2023-04-19T08:09:25","modified_gmt":"2023-04-19T08:09:25","slug":"bsd7740_mosogato","status":"publish","type":"product","link":"https:\/\/acrilart.hu\/de\/produkt\/bsd7740_mosogato\/","title":{"rendered":"Dupla Mosogat\u00f3"},"content":{"rendered":"<p id=\"tw-target-text\" class=\"tw-data-text tw-text-large tw-ta\" dir=\"ltr\" data-placeholder=\"Translation\"><span class=\"Y2IQFc\" lang=\"hu\">BETACRYL Dupla konyhai mosogat\u00f3 magas min\u0151s\u00e9g\u0171 akril anyagb\u00f3l, 10 mm bels\u0151 sug\u00e1rral \u00e9s 3,5 h\u00fcvelykes lefoly\u00f3ny\u00edl\u00e1ssal.<br \/>\nTerm\u00e9keinket a megrendel\u00e9s napj\u00e1t\u00f3l sz\u00e1m\u00edtott h\u00e1rom h\u00e9ten bel\u00fcl k\u00e9zbes\u00edtj\u00fck.<\/span><\/p>\n<pre id=\"tw-target-text\" class=\"tw-data-text tw-text-large tw-ta\" dir=\"ltr\" data-placeholder=\"Translation\"><span class=\"Y2IQFc\" lang=\"hu\"><img fetchpriority=\"high\" decoding=\"async\" class=\"alignnone size-full wp-image-2939\" src=\"https:\/\/acrilart.hu\/wp-content\/uploads\/BS-D-7740-acrilart-sink-drawing.png\" alt=\"\" width=\"1200\" height=\"557\" srcset=\"https:\/\/acrilart.hu\/wp-content\/uploads\/BS-D-7740-acrilart-sink-drawing.png 1200w, https:\/\/acrilart.hu\/wp-content\/uploads\/BS-D-7740-acrilart-sink-drawing-768x356.png 768w, https:\/\/acrilart.hu\/wp-content\/uploads\/BS-D-7740-acrilart-sink-drawing-600x279.png 600w\" sizes=\"(max-width: 1200px) 100vw, 1200px\" \/> <\/span><\/pre>","protected":false},"excerpt":{"rendered":"<p>BETACRYL Dupla konyhai mosogat\u00f3 magas min\u0151s\u00e9g\u0171 akril anyagb\u00f3l, 10 mm bels\u0151 sug\u00e1rral \u00e9s 3,5 h\u00fcvelykes lefoly\u00f3ny\u00edl\u00e1ssal. Term\u00e9keinket a megrendel\u00e9s napj\u00e1t\u00f3l sz\u00e1m\u00edtott h\u00e1rom h\u00e9ten bel\u00fcl k\u00e9zbes\u00edtj\u00fck.<\/p>","protected":false},"featured_media":2940,"template":"","meta":[],"product_brand":[],"product_cat":[70],"product_tag":[48,58,59,60],"class_list":{"0":"post-2942","1":"product","2":"type-product","3":"status-publish","4":"has-post-thumbnail","6":"product_cat-mosogatok","7":"product_tag-konyha","8":"product_tag-mosogato","9":"product_tag-mosogatokagylo","10":"product_tag-mosogatotalca","12":"first","13":"instock","14":"shipping-taxable","15":"purchasable","16":"product-type-simple"},"_links":{"self":[{"href":"https:\/\/acrilart.hu\/de\/wp-json\/wp\/v2\/product\/2942","targetHints":{"allow":["GET"]}}],"collection":[{"href":"https:\/\/acrilart.hu\/de\/wp-json\/wp\/v2\/product"}],"about":[{"href":"https:\/\/acrilart.hu\/de\/wp-json\/wp\/v2\/types\/product"}],"version-history":[{"count":3,"href":"https:\/\/acrilart.hu\/de\/wp-json\/wp\/v2\/product\/2942\/revisions"}],"predecessor-version":[{"id":3764,"href":"https:\/\/acrilart.hu\/de\/wp-json\/wp\/v2\/product\/2942\/revisions\/3764"}],"wp:featuredmedia":[{"embeddable":true,"href":"https:\/\/acrilart.hu\/de\/wp-json\/wp\/v2\/media\/2940"}],"wp:attachment":[{"href":"https:\/\/acrilart.hu\/de\/wp-json\/wp\/v2\/media?parent=2942"}],"wp:term":[{"taxonomy":"product_brand","embeddable":true,"href":"https:\/\/acrilart.hu\/de\/wp-json\/wp\/v2\/product_brand?post=2942"},{"taxonomy":"product_cat","embeddable":true,"href":"https:\/\/acrilart.hu\/de\/wp-json\/wp\/v2\/product_cat?post=2942"},{"taxonomy":"product_tag","embeddable":true,"href":"https:\/\/acrilart.hu\/de\/wp-json\/wp\/v2\/product_tag?post=2942"}],"curies":[{"name":"wp","href":"https:\/\/api.w.org\/{rel}","templated":true}]}}