{"id":2938,"date":"2023-03-14T13:13:37","date_gmt":"2023-03-14T13:13:37","guid":{"rendered":"https:\/\/acrilart.hu\/?post_type=product&#038;p=2938"},"modified":"2023-04-19T08:09:33","modified_gmt":"2023-04-19T08:09:33","slug":"bs7040_mosogato","status":"publish","type":"product","link":"https:\/\/acrilart.hu\/de\/produkt\/bs7040_mosogato\/","title":{"rendered":"Mosogat\u00f3"},"content":{"rendered":"<p class=\"tw-data-text tw-text-large tw-ta\" dir=\"ltr\" data-placeholder=\"Translation\"><span class=\"Y2IQFc\" lang=\"hu\">BETACRYL Konyhai mosogat\u00f3 magas min\u0151s\u00e9g\u0171 akril anyagb\u00f3l, <\/span><span class=\"Y2IQFc\" lang=\"hu\">10 mm bels\u0151 sugar\u00fa \u00e9s 3,5 h\u00fcvelykes lefoly\u00f3ny\u00edl\u00e1ssal.<br \/>\nA term\u00e9k \u00e1ra a sz\u00ednv\u00e1laszt\u00e1st\u00f3l f\u00fcgg. 290-317 EUR<br \/>\nTerm\u00e9keinket a megrendel\u00e9s napj\u00e1t\u00f3l sz\u00e1m\u00edtott h\u00e1rom h\u00e9ten bel\u00fcl k\u00e9zbes\u00edtj\u00fck.<\/span><\/p>\n<pre id=\"tw-target-text\" class=\"tw-data-text tw-text-large tw-ta\" dir=\"ltr\" data-placeholder=\"Translation\"><span class=\"Y2IQFc\" lang=\"hu\"><img fetchpriority=\"high\" decoding=\"async\" class=\"alignnone size-full wp-image-2935\" src=\"https:\/\/acrilart.hu\/wp-content\/uploads\/BS-7040-acrilart-sink-drawing.png\" alt=\"\" width=\"900\" height=\"632\" srcset=\"https:\/\/acrilart.hu\/wp-content\/uploads\/BS-7040-acrilart-sink-drawing.png 900w, https:\/\/acrilart.hu\/wp-content\/uploads\/BS-7040-acrilart-sink-drawing-768x539.png 768w, https:\/\/acrilart.hu\/wp-content\/uploads\/BS-7040-acrilart-sink-drawing-600x421.png 600w\" sizes=\"(max-width: 900px) 100vw, 900px\" \/> <\/span><\/pre>","protected":false},"excerpt":{"rendered":"<p>BETACRYL Konyhai mosogat\u00f3 magas min\u0151s\u00e9g\u0171 akril anyagb\u00f3l, 10 mm bels\u0151 sugar\u00fa \u00e9s 3,5 h\u00fcvelykes lefoly\u00f3ny\u00edl\u00e1ssal. A term\u00e9k \u00e1ra a sz\u00ednv\u00e1laszt\u00e1st\u00f3l f\u00fcgg. 290-317 EUR Term\u00e9keinket a megrendel\u00e9s napj\u00e1t\u00f3l sz\u00e1m\u00edtott h\u00e1rom h\u00e9ten bel\u00fcl k\u00e9zbes\u00edtj\u00fck.<\/p>","protected":false},"featured_media":2936,"template":"","meta":[],"product_brand":[],"product_cat":[70],"product_tag":[48,58,59,60],"class_list":{"0":"post-2938","1":"product","2":"type-product","3":"status-publish","4":"has-post-thumbnail","6":"product_cat-mosogatok","7":"product_tag-konyha","8":"product_tag-mosogato","9":"product_tag-mosogatokagylo","10":"product_tag-mosogatotalca","12":"first","13":"instock","14":"shipping-taxable","15":"purchasable","16":"product-type-simple"},"_links":{"self":[{"href":"https:\/\/acrilart.hu\/de\/wp-json\/wp\/v2\/product\/2938","targetHints":{"allow":["GET"]}}],"collection":[{"href":"https:\/\/acrilart.hu\/de\/wp-json\/wp\/v2\/product"}],"about":[{"href":"https:\/\/acrilart.hu\/de\/wp-json\/wp\/v2\/types\/product"}],"version-history":[{"count":3,"href":"https:\/\/acrilart.hu\/de\/wp-json\/wp\/v2\/product\/2938\/revisions"}],"predecessor-version":[{"id":3765,"href":"https:\/\/acrilart.hu\/de\/wp-json\/wp\/v2\/product\/2938\/revisions\/3765"}],"wp:featuredmedia":[{"embeddable":true,"href":"https:\/\/acrilart.hu\/de\/wp-json\/wp\/v2\/media\/2936"}],"wp:attachment":[{"href":"https:\/\/acrilart.hu\/de\/wp-json\/wp\/v2\/media?parent=2938"}],"wp:term":[{"taxonomy":"product_brand","embeddable":true,"href":"https:\/\/acrilart.hu\/de\/wp-json\/wp\/v2\/product_brand?post=2938"},{"taxonomy":"product_cat","embeddable":true,"href":"https:\/\/acrilart.hu\/de\/wp-json\/wp\/v2\/product_cat?post=2938"},{"taxonomy":"product_tag","embeddable":true,"href":"https:\/\/acrilart.hu\/de\/wp-json\/wp\/v2\/product_tag?post=2938"}],"curies":[{"name":"wp","href":"https:\/\/api.w.org\/{rel}","templated":true}]}}