{"id":2742,"date":"2023-02-13T17:38:46","date_gmt":"2023-02-13T17:38:46","guid":{"rendered":"https:\/\/acrilart.hu\/?post_type=product&#038;p=2742"},"modified":"2023-04-19T08:09:50","modified_gmt":"2023-04-19T08:09:50","slug":"bs1635_mosogato","status":"publish","type":"product","link":"https:\/\/acrilart.hu\/de\/produkt\/bs1635_mosogato\/","title":{"rendered":"Mosogat\u00f3"},"content":{"rendered":"<p id=\"tw-target-text\" class=\"tw-data-text tw-text-large tw-ta\" dir=\"ltr\" data-placeholder=\"Translation\"><span class=\"Y2IQFc\" lang=\"hu\">BETACRYL Konyhai mosogat\u00f3 magas min\u0151s\u00e9g\u0171 akril anyagb\u00f3l, 10 mm bels\u0151 sugar\u00fa \u00e9s 3,5 h\u00fcvelykes lefoly\u00f3ny\u00edl\u00e1ssal. <\/span><\/p>\n<p class=\"tw-data-text tw-text-large tw-ta\" dir=\"ltr\" data-placeholder=\"Translation\"><span class=\"Y2IQFc\" lang=\"hu\">A term\u00e9k \u00e1ra a sz\u00ednv\u00e1laszt\u00e1st\u00f3l f\u00fcgg. 128-142 EUR <\/span><\/p>\n<p class=\"tw-data-text tw-text-large tw-ta\" dir=\"ltr\" data-placeholder=\"Translation\"><span class=\"Y2IQFc\" lang=\"hu\">Term\u00e9keinket a megrendel\u00e9s napj\u00e1t\u00f3l sz\u00e1m\u00edtott h\u00e1rom h\u00e9ten bel\u00fcl k\u00e9zbes\u00edtj\u00fck. <img fetchpriority=\"high\" decoding=\"async\" class=\"alignnone size-full wp-image-2912\" src=\"https:\/\/acrilart.hu\/wp-content\/uploads\/BS-1635-Disegno-Tecnico-Technical-Draw-Betacryl-Pietra-Acrilica.png\" alt=\"\" width=\"1200\" height=\"557\" srcset=\"https:\/\/acrilart.hu\/wp-content\/uploads\/BS-1635-Disegno-Tecnico-Technical-Draw-Betacryl-Pietra-Acrilica.png 1200w, https:\/\/acrilart.hu\/wp-content\/uploads\/BS-1635-Disegno-Tecnico-Technical-Draw-Betacryl-Pietra-Acrilica-768x356.png 768w, https:\/\/acrilart.hu\/wp-content\/uploads\/BS-1635-Disegno-Tecnico-Technical-Draw-Betacryl-Pietra-Acrilica-600x279.png 600w\" sizes=\"(max-width: 1200px) 100vw, 1200px\" \/> <\/span><\/p>","protected":false},"excerpt":{"rendered":"<p>BETACRYL Konyhai mosogat\u00f3 magas min\u0151s\u00e9g\u0171 akril anyagb\u00f3l, 10 mm bels\u0151 sugar\u00fa \u00e9s 3,5 h\u00fcvelykes lefoly\u00f3ny\u00edl\u00e1ssal. A term\u00e9k \u00e1ra a sz\u00ednv\u00e1laszt\u00e1st\u00f3l f\u00fcgg. 128-142 EUR Term\u00e9keinket a megrendel\u00e9s napj\u00e1t\u00f3l sz\u00e1m\u00edtott h\u00e1rom h\u00e9ten bel\u00fcl k\u00e9zbes\u00edtj\u00fck.<\/p>","protected":false},"featured_media":2917,"template":"","meta":[],"product_brand":[],"product_cat":[70],"product_tag":[48,58,59],"class_list":{"0":"post-2742","1":"product","2":"type-product","3":"status-publish","4":"has-post-thumbnail","6":"product_cat-mosogatok","7":"product_tag-konyha","8":"product_tag-mosogato","9":"product_tag-mosogatokagylo","11":"first","12":"instock","13":"shipping-taxable","14":"purchasable","15":"product-type-simple"},"_links":{"self":[{"href":"https:\/\/acrilart.hu\/de\/wp-json\/wp\/v2\/product\/2742","targetHints":{"allow":["GET"]}}],"collection":[{"href":"https:\/\/acrilart.hu\/de\/wp-json\/wp\/v2\/product"}],"about":[{"href":"https:\/\/acrilart.hu\/de\/wp-json\/wp\/v2\/types\/product"}],"version-history":[{"count":6,"href":"https:\/\/acrilart.hu\/de\/wp-json\/wp\/v2\/product\/2742\/revisions"}],"predecessor-version":[{"id":3767,"href":"https:\/\/acrilart.hu\/de\/wp-json\/wp\/v2\/product\/2742\/revisions\/3767"}],"wp:featuredmedia":[{"embeddable":true,"href":"https:\/\/acrilart.hu\/de\/wp-json\/wp\/v2\/media\/2917"}],"wp:attachment":[{"href":"https:\/\/acrilart.hu\/de\/wp-json\/wp\/v2\/media?parent=2742"}],"wp:term":[{"taxonomy":"product_brand","embeddable":true,"href":"https:\/\/acrilart.hu\/de\/wp-json\/wp\/v2\/product_brand?post=2742"},{"taxonomy":"product_cat","embeddable":true,"href":"https:\/\/acrilart.hu\/de\/wp-json\/wp\/v2\/product_cat?post=2742"},{"taxonomy":"product_tag","embeddable":true,"href":"https:\/\/acrilart.hu\/de\/wp-json\/wp\/v2\/product_tag?post=2742"}],"curies":[{"name":"wp","href":"https:\/\/api.w.org\/{rel}","templated":true}]}}