{"id":1598,"date":"2022-11-15T19:36:59","date_gmt":"2022-11-15T19:36:59","guid":{"rendered":"https:\/\/acrilart.hu\/?post_type=product&#038;p=1598"},"modified":"2023-04-19T08:11:31","modified_gmt":"2023-04-19T08:11:31","slug":"bs4540_mosogato","status":"publish","type":"product","link":"https:\/\/acrilart.hu\/de\/produkt\/bs4540_mosogato\/","title":{"rendered":"Mosogat\u00f3"},"content":{"rendered":"<p id=\"tw-target-text\" class=\"tw-data-text tw-text-large tw-ta\" dir=\"ltr\" data-placeholder=\"Translation\"><span class=\"Y2IQFc\" lang=\"hu\">BETACRYL Konyhai mosogat\u00f3 magas min\u0151s\u00e9g\u0171 akril anyagb\u00f3l, 10 mm bels\u0151 sugar\u00fa \u00e9s 3,5 h\u00fcvelykes lefoly\u00f3ny\u00edl\u00e1ssal.<\/span><\/p>\n<p class=\"tw-data-text tw-text-large tw-ta\" dir=\"ltr\" data-placeholder=\"Translation\"><span class=\"Y2IQFc\" lang=\"hu\">A term\u00e9k \u00e1ra a sz\u00ednv\u00e1laszt\u00e1st\u00f3l f\u00fcgg. 244-264 EUR<\/span><\/p>\n<p class=\"tw-data-text tw-text-large tw-ta\" dir=\"ltr\" data-placeholder=\"Translation\"><span class=\"Y2IQFc\" lang=\"hu\">Term\u00e9keinket a megrendel\u00e9s napj\u00e1t\u00f3l sz\u00e1m\u00edtott h\u00e1rom h\u00e9ten bel\u00fcl k\u00e9zbes\u00edtj\u00fck. <img fetchpriority=\"high\" decoding=\"async\" class=\"alignnone size-full wp-image-2929\" src=\"https:\/\/acrilart.hu\/wp-content\/uploads\/BS-4540-acrilart-sink-drawing.png\" alt=\"\" width=\"900\" height=\"730\" srcset=\"https:\/\/acrilart.hu\/wp-content\/uploads\/BS-4540-acrilart-sink-drawing.png 900w, https:\/\/acrilart.hu\/wp-content\/uploads\/BS-4540-acrilart-sink-drawing-768x623.png 768w, https:\/\/acrilart.hu\/wp-content\/uploads\/BS-4540-acrilart-sink-drawing-600x487.png 600w\" sizes=\"(max-width: 900px) 100vw, 900px\" \/> <\/span><\/p>","protected":false},"excerpt":{"rendered":"<p>BETACRYL Konyhai mosogat\u00f3 magas min\u0151s\u00e9g\u0171 akril anyagb\u00f3l, 10 mm bels\u0151 sugar\u00fa \u00e9s 3,5 h\u00fcvelykes lefoly\u00f3ny\u00edl\u00e1ssal. A term\u00e9k \u00e1ra a sz\u00ednv\u00e1laszt\u00e1st\u00f3l f\u00fcgg. 244-264 EUR Term\u00e9keinket a megrendel\u00e9s napj\u00e1t\u00f3l sz\u00e1m\u00edtott h\u00e1rom h\u00e9ten bel\u00fcl k\u00e9zbes\u00edtj\u00fck.<\/p>","protected":false},"featured_media":2927,"template":"","meta":[],"product_brand":[],"product_cat":[70],"product_tag":[48,58,59,60],"class_list":{"0":"post-1598","1":"product","2":"type-product","3":"status-publish","4":"has-post-thumbnail","6":"product_cat-mosogatok","7":"product_tag-konyha","8":"product_tag-mosogato","9":"product_tag-mosogatokagylo","10":"product_tag-mosogatotalca","12":"first","13":"instock","14":"shipping-taxable","15":"purchasable","16":"product-type-simple"},"_links":{"self":[{"href":"https:\/\/acrilart.hu\/de\/wp-json\/wp\/v2\/product\/1598","targetHints":{"allow":["GET"]}}],"collection":[{"href":"https:\/\/acrilart.hu\/de\/wp-json\/wp\/v2\/product"}],"about":[{"href":"https:\/\/acrilart.hu\/de\/wp-json\/wp\/v2\/types\/product"}],"version-history":[{"count":5,"href":"https:\/\/acrilart.hu\/de\/wp-json\/wp\/v2\/product\/1598\/revisions"}],"predecessor-version":[{"id":3771,"href":"https:\/\/acrilart.hu\/de\/wp-json\/wp\/v2\/product\/1598\/revisions\/3771"}],"wp:featuredmedia":[{"embeddable":true,"href":"https:\/\/acrilart.hu\/de\/wp-json\/wp\/v2\/media\/2927"}],"wp:attachment":[{"href":"https:\/\/acrilart.hu\/de\/wp-json\/wp\/v2\/media?parent=1598"}],"wp:term":[{"taxonomy":"product_brand","embeddable":true,"href":"https:\/\/acrilart.hu\/de\/wp-json\/wp\/v2\/product_brand?post=1598"},{"taxonomy":"product_cat","embeddable":true,"href":"https:\/\/acrilart.hu\/de\/wp-json\/wp\/v2\/product_cat?post=1598"},{"taxonomy":"product_tag","embeddable":true,"href":"https:\/\/acrilart.hu\/de\/wp-json\/wp\/v2\/product_tag?post=1598"}],"curies":[{"name":"wp","href":"https:\/\/api.w.org\/{rel}","templated":true}]}}